{"id":1006,"date":"2014-10-08T21:09:34","date_gmt":"2014-10-08T19:09:34","guid":{"rendered":"http:\/\/www.editionlempfer.de\/?product=kaerntner-liedermarsch"},"modified":"2016-11-17T12:41:40","modified_gmt":"2016-11-17T10:41:40","slug":"kaerntner-liedermarsch","status":"publish","type":"product","link":"http:\/\/www.editionlempfer.de\/?product=kaerntner-liedermarsch","title":{"rendered":"K\u00e4rntner Liedermarsch"},"content":{"rendered":"","protected":false},"excerpt":{"rendered":"<h6><span style=\"color: #808080;\">*Endpreis zzgl. Versandkosten, keine Ausweisung der Mehrwertsteuer gem\u00e4\u00df \u00a7 19 UStG<\/span><\/h6>\n<hr \/>\n<p><strong>Musik:<\/strong> Anton Seifert<strong><br \/>\n<\/strong><\/p>\n<p><strong>Arrangement: <\/strong>Tobias Lempfer<\/p>\n<hr \/>\n<p><em>Der K\u00e4rntner Liedermarsch ist ein echtes Juwel unter den Konzertm\u00e4rschen. Anton Seifert schrieb ihn urspr\u00fcnglich f\u00fcr Klavier und M\u00e4nnerchor, in der Blasmusik geh\u00f6rt er schon seit langer Zeit zum Standard-Repertoire. Der spannende Wechsel zwischen triumphalen Elementen und weichen, lieblichen Melodien macht ihn besonders reizvoll f\u00fcr die Fl\u00f6ten.<\/em><\/p>\n<p><em>Dieses neue Arrangement von 2014 ist f\u00fcr jede Besetzungsgruppe geeignet. Auch mit kleinen Ensembles ist es ordentlich realisierbar, allerdings sollte der gro\u00dfe Fl\u00f6tensatz (Fl\u00f6te 1-3 bzw. Alt 1\/2 &amp; Tenor) ausreichend besetzt sein.<\/em><\/p>\n<p><em><strong>SCHWIERIGKEITSGRAD:<\/strong> Kategorie 2 <\/em><\/p>\n<p><em><strong>DAUER:<\/strong> ca. 4&#8217;00 Minuten<\/em><\/p>\n<hr \/>\n<p>&nbsp;<\/p>\n[audio mp3=\"http:\/\/www.editionlempfer.de\/wp-content\/uploads\/2014\/10\/K\u00e4rntner-Liedermarsch-Demo.mp3\"][\/audio]\n<hr \/>\n<ul>\n<li><strong>C-Besetzung:<\/strong> Piccolo Solo\/1\/2, Fl\u00f6te 1\/2\/3, Altfl\u00f6te in G (ad lib.), Bassfl\u00f6te (ad lib.), Kontrabassfl\u00f6te (ad lib.)<\/li>\n<li><strong>C\/B-Besetzung<\/strong>: Piccolo Solo\/1\/2, Sopran Solo\/1\/2, Fl\u00f6te 1\/2\/3, Altfl\u00f6te in G (ad lib.), Bassfl\u00f6te (ad lib.), Kontrabassfl\u00f6te (ad lib.)<\/li>\n<li><strong>Ces\/Fes-Besetzung:<\/strong> Sopran in Ces Solo\/1\/2, Alt in Fes 1\/2, Tenor in Ces<\/li>\n<li><strong>B\/Es-Besetzung:<\/strong> Sopran in B Solo\/1\/2, Alt in Es 1\/2, Tenor in B<\/li>\n<li><strong>Stabspiele<\/strong>: Glockenspiel, Marimba 2 (ad lib.), Marimba (Bass) (ad lib.) [Spieler+]<\/li>\n<li><strong>Schlagwerk:<\/strong> Pauken (ad lib.), Kleine Trommel, Becken\/Gro\u00dfe Trommel [3 Spieler+]<\/li>\n<\/ul>\n<p><span style=\"color: #6aa694;\"><em>Anmerkung: Es ist kein Bassmarimba erforderlich. Alle Kompositionen und Arrangements sind f\u00fcr ein Standard-4 \u2153-Oktaven-Marimba geschrieben. Sollten Marimba 1 und Marimba 2 besetzt sein, k\u00f6nnen die Stimmen ebenfalls auf einem 4 \u2153-Oktaven-Instrument gespielt werden.<\/em><\/span><\/p>\n<hr \/>\n<p><a href=\"http:\/\/www.editionlempfer.de\/?product=kaerntner-liedermarsch-partitur\" target=\"_blank\"> Extra-Partituren<\/a><\/p>\n","protected":false},"featured_media":1008,"comment_status":"closed","ping_status":"closed","template":"","meta":[],"product_cat":[21],"product_tag":[],"_links":{"self":[{"href":"http:\/\/www.editionlempfer.de\/index.php?rest_route=\/wp\/v2\/product\/1006"}],"collection":[{"href":"http:\/\/www.editionlempfer.de\/index.php?rest_route=\/wp\/v2\/product"}],"about":[{"href":"http:\/\/www.editionlempfer.de\/index.php?rest_route=\/wp\/v2\/types\/product"}],"replies":[{"embeddable":true,"href":"http:\/\/www.editionlempfer.de\/index.php?rest_route=%2Fwp%2Fv2%2Fcomments&post=1006"}],"wp:featuredmedia":[{"embeddable":true,"href":"http:\/\/www.editionlempfer.de\/index.php?rest_route=\/wp\/v2\/media\/1008"}],"wp:attachment":[{"href":"http:\/\/www.editionlempfer.de\/index.php?rest_route=%2Fwp%2Fv2%2Fmedia&parent=1006"}],"wp:term":[{"taxonomy":"product_cat","embeddable":true,"href":"http:\/\/www.editionlempfer.de\/index.php?rest_route=%2Fwp%2Fv2%2Fproduct_cat&post=1006"},{"taxonomy":"product_tag","embeddable":true,"href":"http:\/\/www.editionlempfer.de\/index.php?rest_route=%2Fwp%2Fv2%2Fproduct_tag&post=1006"}],"curies":[{"name":"wp","href":"https:\/\/api.w.org\/{rel}","templated":true}]}}