{"id":1063,"date":"2014-10-14T12:22:21","date_gmt":"2014-10-14T10:22:21","guid":{"rendered":"http:\/\/www.editionlempfer.de\/?product=paddys-green-shamrock-shore"},"modified":"2016-11-17T12:39:42","modified_gmt":"2016-11-17T10:39:42","slug":"paddys-green-shamrock-shore","status":"publish","type":"product","link":"http:\/\/www.editionlempfer.de\/?product=paddys-green-shamrock-shore","title":{"rendered":"Paddy&#8217;s Green Shamrock Shore"},"content":{"rendered":"","protected":false},"excerpt":{"rendered":"<h6><span style=\"color: #808080;\">*Endpreis zzgl. Versandkosten, keine Ausweisung der Mehrwertsteuer gem\u00e4\u00df \u00a7 19 UStG<\/span><\/h6>\n<hr \/>\n<p><strong>Musik:<\/strong> traditionell<strong><br \/>\n<\/strong><\/p>\n<p><strong>Arrangement: <\/strong>Tobias Lempfer<\/p>\n<hr \/>\n<p><em>Eine der sch\u00f6nsten irischen Melodien als Fl\u00f6tensextett bearbeitet. Ob solistisch oder chorisch besetzt &#8211; dieser ruhige und doch sehr emotionale Titel hat G\u00e4nsehaut-Garantie!<\/em><\/p>\n<p><em>Partitur und Stimmen werden in einer Mappe geliefert.<\/em><\/p>\n<p><em><strong>SCHWIERIGKEITSGRAD:<\/strong> Kategorie<\/em> <em>2<\/em><\/p>\n<hr \/>\n<ul>\n<li><strong>B\u00f6hm-Besetzung:<\/strong> Piccolo, Fl\u00f6te 1\/2\/3, Altfl\u00f6te in G, Bassfl\u00f6te [Alt- und Bassfl\u00f6te optional als Fl\u00f6te 4\/5]<\/li>\n<li><strong>Sandner-Besetzung:<\/strong> Sopran, Alt 1\/2\/3, Tenor 1\/2<\/li>\n<\/ul>\n<hr \/>\n<p>&nbsp;<\/p>\n","protected":false},"featured_media":1065,"comment_status":"closed","ping_status":"closed","template":"","meta":[],"product_cat":[27],"product_tag":[],"_links":{"self":[{"href":"http:\/\/www.editionlempfer.de\/index.php?rest_route=\/wp\/v2\/product\/1063"}],"collection":[{"href":"http:\/\/www.editionlempfer.de\/index.php?rest_route=\/wp\/v2\/product"}],"about":[{"href":"http:\/\/www.editionlempfer.de\/index.php?rest_route=\/wp\/v2\/types\/product"}],"replies":[{"embeddable":true,"href":"http:\/\/www.editionlempfer.de\/index.php?rest_route=%2Fwp%2Fv2%2Fcomments&post=1063"}],"wp:featuredmedia":[{"embeddable":true,"href":"http:\/\/www.editionlempfer.de\/index.php?rest_route=\/wp\/v2\/media\/1065"}],"wp:attachment":[{"href":"http:\/\/www.editionlempfer.de\/index.php?rest_route=%2Fwp%2Fv2%2Fmedia&parent=1063"}],"wp:term":[{"taxonomy":"product_cat","embeddable":true,"href":"http:\/\/www.editionlempfer.de\/index.php?rest_route=%2Fwp%2Fv2%2Fproduct_cat&post=1063"},{"taxonomy":"product_tag","embeddable":true,"href":"http:\/\/www.editionlempfer.de\/index.php?rest_route=%2Fwp%2Fv2%2Fproduct_tag&post=1063"}],"curies":[{"name":"wp","href":"https:\/\/api.w.org\/{rel}","templated":true}]}}