{"id":1232,"date":"2014-11-22T10:55:55","date_gmt":"2014-11-22T08:55:55","guid":{"rendered":"http:\/\/www.editionlempfer.de\/?product=alle-jahre-wieder"},"modified":"2016-11-17T12:39:37","modified_gmt":"2016-11-17T10:39:37","slug":"alle-jahre-wieder","status":"publish","type":"product","link":"http:\/\/www.editionlempfer.de\/?product=alle-jahre-wieder","title":{"rendered":"Alle Jahre wieder"},"content":{"rendered":"","protected":false},"excerpt":{"rendered":"<h6><span style=\"color: #808080;\">*Endpreis zzgl. Versandkosten, keine Ausweisung der Mehrwertsteuer gem\u00e4\u00df \u00a7 19 UStG<\/span><\/h6>\n<hr \/>\n<p><strong>Musik:<\/strong> Friedrich Silcher<strong><br \/>\n<\/strong><\/p>\n<p><strong>Arrangement: <\/strong>Tobias Lempfer<\/p>\n<p><em>&#8222;Pimp Your Weihnachtssong&#8220; &#8211; Die Spielleute des BSV Uelsen haben vom Sat.1 Regionalfernsehen die Aufgabe bekommen, den Weihnachtslied-Klassiker &#8222;Alle Jahre wieder&#8220; innerhalb von 4 Tagen neu zu interpretieren. Das Arrangement dazu ist ein bunter Stil-Mix geworden. Ein elegisches Intro, 2 Strophen Swing im Stil von Glenn Miller, eine \u00fcberleitende Modulation zu einer Strophe im Stil einer Popmusik-Ballade. Aufgabe erf\u00fcllt! Der Klassiker in neuem Gewand kann wird ein Highlight f\u00fcr jedes Weihnachtskonzert!<\/em><\/p>\n<p><a title=\"Spielleute BSV Uelsen mit &quot;Alle Jahre wieder&quot;\" href=\"http:\/\/www.hannover.sat1regional.de\/video\/article\/pimp-your-weihnachtssong-alle-jahre-wieder-neu-interpretiert-160080.html\" target=\"_blank\">Hier geht es zum Sat.1-Video<\/a> (der Song beginnt bei ca. 5&#8217;20)<\/p>\n<p><strong><em>SCHWIERIGKEITSGRAD: <\/em><\/strong><em>Kategorie 3-4<\/em><\/p>\n<p><em><strong>DAUER:<\/strong> ca. 1&#8217;50 Minuten<\/em><\/p>\n<hr \/>\n<p>Ein Klangbeispiel dieses Titels darf aus urheberrechtlichen Gr\u00fcnden leider nicht ver\u00f6ffentlich werden. Sie k\u00f6nnen gerne ein Demo unter kontakt [@] editionlempfer.de anfordern.<\/p>\n<hr \/>\n<ul>\n<li><strong>C-Besetzung MIT Alt- und Bassfl\u00f6ten:<\/strong> Piccolo Solo\/1, Fl\u00f6te 1\/2\/3, Altfl\u00f6te in G, Bassfl\u00f6te, Kontrabassfl\u00f6te (ad lib.)<\/li>\n<li><strong>C-Besetzung OHNE Alt- und Bassfl\u00f6ten:<\/strong> Piccolo Solo\/1\/2, Fl\u00f6te 1\/2<\/li>\n<li><strong>C\/B-Besetzung<\/strong>: Piccolo Solo\/1\/2, Sopran Solo\/1\/2, Fl\u00f6te 1\/2<\/li>\n<li><strong>Ces\/Fes-Besetzung:<\/strong> Sopran in Ces Solo\/1\/2, Alt in Fes, Tenor in Ces<\/li>\n<li><strong>B\/Es-Besetzung:<\/strong> Sopran in B Solo\/1\/2, Alt in Es, Tenor in B<\/li>\n<li><strong>Stabspiele<\/strong>: Glockenspiel &amp; Vibraphonn (ad lib.), Marimba (Bass) [2 Spieler]<\/li>\n<li><strong>Schlagwerk:<\/strong> Pauken (ad lib.), Kleine Trommel &amp; Regenstab, Schellenstab &amp; Chimes, Hi-Hat &amp; sus. Cymbals, [4 Spieler+]<\/li>\n<\/ul>\n<p><span style=\"color: #6aa694;\"><em>Anmerkung: Es ist kein Bassmarimba erforderlich. Alle Kompositionen und Arrangements sind f\u00fcr ein Standard-4 \u2153-Oktaven-Marimba geschrieben. Sollten Marimba 1 und Marimba 2 besetzt sein, k\u00f6nnen die Stimmen ebenfalls auf einem 4 \u2153-Oktaven-Instrument gespielt werden.<\/em><\/span><\/p>\n<hr \/>\n<p><a href=\"http:\/\/www.editionlempfer.de\/?product=alle-jahre-wieder-partitur\" target=\"_blank\">Extra-Partituren<\/a><\/p>\n","protected":false},"featured_media":1234,"comment_status":"closed","ping_status":"closed","template":"","meta":[],"product_cat":[28],"product_tag":[],"_links":{"self":[{"href":"http:\/\/www.editionlempfer.de\/index.php?rest_route=\/wp\/v2\/product\/1232"}],"collection":[{"href":"http:\/\/www.editionlempfer.de\/index.php?rest_route=\/wp\/v2\/product"}],"about":[{"href":"http:\/\/www.editionlempfer.de\/index.php?rest_route=\/wp\/v2\/types\/product"}],"replies":[{"embeddable":true,"href":"http:\/\/www.editionlempfer.de\/index.php?rest_route=%2Fwp%2Fv2%2Fcomments&post=1232"}],"wp:featuredmedia":[{"embeddable":true,"href":"http:\/\/www.editionlempfer.de\/index.php?rest_route=\/wp\/v2\/media\/1234"}],"wp:attachment":[{"href":"http:\/\/www.editionlempfer.de\/index.php?rest_route=%2Fwp%2Fv2%2Fmedia&parent=1232"}],"wp:term":[{"taxonomy":"product_cat","embeddable":true,"href":"http:\/\/www.editionlempfer.de\/index.php?rest_route=%2Fwp%2Fv2%2Fproduct_cat&post=1232"},{"taxonomy":"product_tag","embeddable":true,"href":"http:\/\/www.editionlempfer.de\/index.php?rest_route=%2Fwp%2Fv2%2Fproduct_tag&post=1232"}],"curies":[{"name":"wp","href":"https:\/\/api.w.org\/{rel}","templated":true}]}}