{"id":1285,"date":"2014-12-14T03:12:13","date_gmt":"2014-12-14T01:12:13","guid":{"rendered":"http:\/\/www.editionlempfer.de\/?product=southbound"},"modified":"2016-11-17T12:33:22","modified_gmt":"2016-11-17T10:33:22","slug":"southbound","status":"publish","type":"product","link":"http:\/\/www.editionlempfer.de\/?product=southbound","title":{"rendered":"Southbound"},"content":{"rendered":"","protected":false},"excerpt":{"rendered":"<h6><span style=\"color: #808080;\">*Endpreis zzgl. Versandkosten, keine Ausweisung der Mehrwertsteuer gem\u00e4\u00df \u00a7 19 UStG<\/span><\/h6>\n<hr \/>\n<p><strong>Musik:<\/strong>\u00a0Tobias Lempfer<\/p>\n<hr \/>\n<p><em>Eine Reise nach Neuseeland hat mich nachhaltig beeindruckt. Die Stimmung beim Aufbruch zur Rundreise habe ich in &#8218;Southbound&#8216; eingefangen. Die ersten spektakul\u00e4ren Blicke auf die einmalige Landschaft, die so vertraut wirkt und doch v\u00f6llig anders ist als alles, was ich kannte und die Neugierde auf alles, was das Land der Kiwis bereith\u00e4lt. Meine Vorfreude spiegelt sich in einer perkussiven Einleitung wieder, der ein kontrastreicher und harmonisch abwechslungsreicher Hauptteil folgt. Eingebettet in die Mitte der Komposition ist ein ruhiger, lyrischer Teil, der das Flair an den verschiedenen neuseel\u00e4ndischen Seen beschreibt. Vor allem die Stimmung am Lake Tekapo mit seiner schier unglaublichen Wasserf\u00e4rbung diente als Inspirationsquelle f\u00fcr das lyrische Thema (dort steht auch die kleine &#8222;Church of the Good Shepherd&#8220;, die anstelle eines Altarbildes ein Fenster mit Blick auf den See und die Berge hat &#8211; grandios!).<\/em><\/p>\n<p><em> Die mitrei\u00dfende Komposition &#8218;Southbound&#8216; ist f\u00fcr alle Besetzungsgruppen geeignet, sie ist auch f\u00fcr Fl\u00f6tenorchester mit solistischem Piccolo erh\u00e4ltlich. Das St\u00fcck ist ein H\u00f6hepunkt beim n\u00e4chsten Konzert. Auch ist es ideal als Beitrag f\u00fcr den n\u00e4chsten Wettbewerb oder das n\u00e4chste Wertungsspiel. Viele Effekte hinterlassen einen bleibenden Eindruck, dabei bleibt das St\u00fcck jederzeit gut spielbar.<\/em><\/p>\n<p>&nbsp;<\/p>\n<p><strong><em>SCHWIERIGKEITSGRAD:\u00a0<\/em><\/strong><em>BDMV <\/em><em>Kategorie 4<\/em><\/p>\n<p><em><strong>DAUER:<\/strong> ca. 5&#8217;10 Minuten<\/em><\/p>\n<hr \/>\n<p>Ein Klangbeispiel dieses Titels darf aus urheberrechtlichen Gr\u00fcnden leider nicht ver\u00f6ffentlich werden. Sie k\u00f6nnen gerne ein Demo unter kontakt [@] editionlempfer.de anfordern.<\/p>\n<hr \/>\n<ul>\n<li><strong>C-Besetzung:<\/strong> Piccolo Solo\/1\/2, Fl\u00f6te Solo\/1\/2\/3, Altfl\u00f6te in G (ad lib.), Bassfl\u00f6te (ad lib.), Kontrabassfl\u00f6te (ad lib.)<\/li>\n<li><strong>C\/B-Besetzung<\/strong>: Piccolo Solo\/1\/2, Sopran Solo\/1\/2, Fl\u00f6te Solo\/1\/2\/3, Altfl\u00f6te in G (ad lib.), Bassfl\u00f6te (ad lib.), Kontrabassfl\u00f6te (ad lib.)<\/li>\n<li><strong>Ces\/Fes-Besetzung:<\/strong> Sopran in Ces Solo\/1\/2\/3, Alt in Fes 1\/2, Tenor in Ces<\/li>\n<li><strong>B\/Es-Besetzung:<\/strong> Sopran in B Solo\/1\/2\/3, Alt in Es 1\/2, Tenor in B<\/li>\n<li><strong>Fl\u00f6tenorchester: <\/strong>Solo-Piccolo, Solo-Fl\u00f6te, Fl\u00f6te 1\/2\/3\/4, Altfl\u00f6te, Bassfl\u00f6te, Kontrabassfl\u00f6te [Schlagwerk wie oben]<\/li>\n<li><strong>Stabspiele<\/strong>: Glockenspiel, Xylophon &amp; Vibraphon (ad lib.), Marimba (Bass) [2 Spieler+]<\/li>\n<li><strong>Schlagwerk:<\/strong> Pauken, Kleine Trommel, Bongos &amp; Beatring, Toms &amp; Regenstab (ad lib.), Shaker &amp; Chimes, Becken\/Gro\u00dfe Trommel [6 Spieler+]<\/li>\n<\/ul>\n<p><span style=\"color: #6aa694;\"><em>Anmerkung: Es ist kein Bassmarimba erforderlich. Alle Kompositionen und Arrangements sind f\u00fcr ein Standard-4 \u2153-Oktaven-Marimba geschrieben. Sollten Marimba 1 und Marimba 2 besetzt sein, k\u00f6nnen die Stimmen ebenfalls auf einem 4 \u2153-Oktaven-Instrument gespielt werden.<\/em><\/span><\/p>\n<hr \/>\n<p style=\"text-align: center;\"><strong><em>(Bestellfenster unter den Bildern)<\/em><\/strong><\/p>\n<hr \/>\n<p><a href=\"http:\/\/www.editionlempfer.de\/wp-content\/uploads\/2014\/12\/PA230576.jpg\"><img decoding=\"async\" loading=\"lazy\" class=\"alignnone size-medium wp-image-1302\" src=\"http:\/\/www.editionlempfer.de\/wp-content\/uploads\/2014\/12\/PA230576-300x200.jpg\" alt=\"OLYMPUS DIGITAL CAMERA\" width=\"300\" height=\"200\" srcset=\"http:\/\/www.editionlempfer.de\/wp-content\/uploads\/2014\/12\/PA230576-300x200.jpg 300w, http:\/\/www.editionlempfer.de\/wp-content\/uploads\/2014\/12\/PA230576-360x240.jpg 360w, http:\/\/www.editionlempfer.de\/wp-content\/uploads\/2014\/12\/PA230576-1024x682.jpg 1024w, http:\/\/www.editionlempfer.de\/wp-content\/uploads\/2014\/12\/PA230576-600x400.jpg 600w\" sizes=\"(max-width: 300px) 100vw, 300px\" \/><\/a><a href=\"http:\/\/www.editionlempfer.de\/wp-content\/uploads\/2014\/12\/PA230421.jpg\"><img decoding=\"async\" loading=\"lazy\" class=\"alignnone size-medium wp-image-1303\" src=\"http:\/\/www.editionlempfer.de\/wp-content\/uploads\/2014\/12\/PA230421-300x199.jpg\" alt=\"OLYMPUS DIGITAL CAMERA\" width=\"300\" height=\"199\" srcset=\"http:\/\/www.editionlempfer.de\/wp-content\/uploads\/2014\/12\/PA230421-300x199.jpg 300w, http:\/\/www.editionlempfer.de\/wp-content\/uploads\/2014\/12\/PA230421-360x240.jpg 360w, http:\/\/www.editionlempfer.de\/wp-content\/uploads\/2014\/12\/PA230421-1024x682.jpg 1024w, http:\/\/www.editionlempfer.de\/wp-content\/uploads\/2014\/12\/PA230421-600x399.jpg 600w\" sizes=\"(max-width: 300px) 100vw, 300px\" \/><\/a> <a href=\"http:\/\/www.editionlempfer.de\/wp-content\/uploads\/2014\/12\/PA251052.jpg\"><img decoding=\"async\" loading=\"lazy\" class=\"alignnone size-medium wp-image-1305\" src=\"http:\/\/www.editionlempfer.de\/wp-content\/uploads\/2014\/12\/PA251052-300x200.jpg\" alt=\"OLYMPUS DIGITAL CAMERA\" width=\"300\" height=\"200\" srcset=\"http:\/\/www.editionlempfer.de\/wp-content\/uploads\/2014\/12\/PA251052-300x200.jpg 300w, http:\/\/www.editionlempfer.de\/wp-content\/uploads\/2014\/12\/PA251052-360x240.jpg 360w, http:\/\/www.editionlempfer.de\/wp-content\/uploads\/2014\/12\/PA251052-1024x682.jpg 1024w, http:\/\/www.editionlempfer.de\/wp-content\/uploads\/2014\/12\/PA251052-600x400.jpg 600w\" sizes=\"(max-width: 300px) 100vw, 300px\" \/><\/a>\u00a0 <a href=\"http:\/\/www.editionlempfer.de\/wp-content\/uploads\/2014\/12\/PA251130.jpg\"><img decoding=\"async\" loading=\"lazy\" class=\"alignnone size-medium wp-image-1307\" src=\"http:\/\/www.editionlempfer.de\/wp-content\/uploads\/2014\/12\/PA251130-300x200.jpg\" alt=\"OLYMPUS DIGITAL CAMERA\" width=\"300\" height=\"200\" srcset=\"http:\/\/www.editionlempfer.de\/wp-content\/uploads\/2014\/12\/PA251130-300x200.jpg 300w, http:\/\/www.editionlempfer.de\/wp-content\/uploads\/2014\/12\/PA251130-360x240.jpg 360w, http:\/\/www.editionlempfer.de\/wp-content\/uploads\/2014\/12\/PA251130-1024x682.jpg 1024w, http:\/\/www.editionlempfer.de\/wp-content\/uploads\/2014\/12\/PA251130-600x400.jpg 600w\" sizes=\"(max-width: 300px) 100vw, 300px\" \/><\/a>\u00a0 <a href=\"http:\/\/www.editionlempfer.de\/wp-content\/uploads\/2014\/12\/PA281645.jpg\"><img decoding=\"async\" loading=\"lazy\" class=\"alignnone size-medium wp-image-1309\" src=\"http:\/\/www.editionlempfer.de\/wp-content\/uploads\/2014\/12\/PA281645-300x200.jpg\" alt=\"OLYMPUS DIGITAL CAMERA\" width=\"300\" height=\"200\" srcset=\"http:\/\/www.editionlempfer.de\/wp-content\/uploads\/2014\/12\/PA281645-300x200.jpg 300w, http:\/\/www.editionlempfer.de\/wp-content\/uploads\/2014\/12\/PA281645-360x240.jpg 360w, http:\/\/www.editionlempfer.de\/wp-content\/uploads\/2014\/12\/PA281645-1024x682.jpg 1024w, http:\/\/www.editionlempfer.de\/wp-content\/uploads\/2014\/12\/PA281645-600x400.jpg 600w\" sizes=\"(max-width: 300px) 100vw, 300px\" \/><\/a>\u00a0\u00a0 <a href=\"http:\/\/www.editionlempfer.de\/wp-content\/uploads\/2014\/12\/PA291908.jpg\"><img decoding=\"async\" loading=\"lazy\" class=\"alignnone size-medium wp-image-1312\" src=\"http:\/\/www.editionlempfer.de\/wp-content\/uploads\/2014\/12\/PA291908-300x199.jpg\" alt=\"OLYMPUS DIGITAL CAMERA\" width=\"300\" height=\"199\" srcset=\"http:\/\/www.editionlempfer.de\/wp-content\/uploads\/2014\/12\/PA291908-300x199.jpg 300w, http:\/\/www.editionlempfer.de\/wp-content\/uploads\/2014\/12\/PA291908-360x240.jpg 360w, http:\/\/www.editionlempfer.de\/wp-content\/uploads\/2014\/12\/PA291908-1024x682.jpg 1024w, http:\/\/www.editionlempfer.de\/wp-content\/uploads\/2014\/12\/PA291908-600x399.jpg 600w\" sizes=\"(max-width: 300px) 100vw, 300px\" \/><\/a>\u00a0 <a href=\"http:\/\/www.editionlempfer.de\/wp-content\/uploads\/2014\/12\/PA302130.jpg\"><img decoding=\"async\" loading=\"lazy\" class=\"alignnone size-medium wp-image-1314\" src=\"http:\/\/www.editionlempfer.de\/wp-content\/uploads\/2014\/12\/PA302130-300x200.jpg\" alt=\"OLYMPUS DIGITAL CAMERA\" width=\"300\" height=\"200\" srcset=\"http:\/\/www.editionlempfer.de\/wp-content\/uploads\/2014\/12\/PA302130-300x200.jpg 300w, http:\/\/www.editionlempfer.de\/wp-content\/uploads\/2014\/12\/PA302130-360x240.jpg 360w, http:\/\/www.editionlempfer.de\/wp-content\/uploads\/2014\/12\/PA302130-1024x682.jpg 1024w, http:\/\/www.editionlempfer.de\/wp-content\/uploads\/2014\/12\/PA302130-600x400.jpg 600w\" sizes=\"(max-width: 300px) 100vw, 300px\" \/><\/a><\/p>\n<hr \/>\n<p><a href=\"http:\/\/www.editionlempfer.de\/?product=southbound-partitur\" target=\"_blank\">Extra-Partituren<\/a><\/p>\n","protected":false},"featured_media":1317,"comment_status":"closed","ping_status":"closed","template":"","meta":[],"product_cat":[22,23],"product_tag":[],"_links":{"self":[{"href":"http:\/\/www.editionlempfer.de\/index.php?rest_route=\/wp\/v2\/product\/1285"}],"collection":[{"href":"http:\/\/www.editionlempfer.de\/index.php?rest_route=\/wp\/v2\/product"}],"about":[{"href":"http:\/\/www.editionlempfer.de\/index.php?rest_route=\/wp\/v2\/types\/product"}],"replies":[{"embeddable":true,"href":"http:\/\/www.editionlempfer.de\/index.php?rest_route=%2Fwp%2Fv2%2Fcomments&post=1285"}],"wp:featuredmedia":[{"embeddable":true,"href":"http:\/\/www.editionlempfer.de\/index.php?rest_route=\/wp\/v2\/media\/1317"}],"wp:attachment":[{"href":"http:\/\/www.editionlempfer.de\/index.php?rest_route=%2Fwp%2Fv2%2Fmedia&parent=1285"}],"wp:term":[{"taxonomy":"product_cat","embeddable":true,"href":"http:\/\/www.editionlempfer.de\/index.php?rest_route=%2Fwp%2Fv2%2Fproduct_cat&post=1285"},{"taxonomy":"product_tag","embeddable":true,"href":"http:\/\/www.editionlempfer.de\/index.php?rest_route=%2Fwp%2Fv2%2Fproduct_tag&post=1285"}],"curies":[{"name":"wp","href":"https:\/\/api.w.org\/{rel}","templated":true}]}}