{"id":1336,"date":"2014-12-18T22:03:09","date_gmt":"2014-12-18T20:03:09","guid":{"rendered":"http:\/\/www.editionlempfer.de\/?product=das-geheimnis-um-loch-ness"},"modified":"2017-08-30T09:08:23","modified_gmt":"2017-08-30T07:08:23","slug":"das-geheimnis-um-loch-ness","status":"publish","type":"product","link":"http:\/\/www.editionlempfer.de\/?product=das-geheimnis-um-loch-ness","title":{"rendered":"Das Geheimnis um Loch Ness"},"content":{"rendered":"","protected":false},"excerpt":{"rendered":"<h6><span style=\"color: #808080;\">*Endpreis zzgl. Versandkosten, keine Ausweisung der Mehrwertsteuer gem\u00e4\u00df \u00a7 19 UStG<\/span><\/h6>\n<hr \/>\n<p><strong>Musik:<\/strong>\u00a0Tobias Lempfer<\/p>\n<hr \/>\n<p><em>Mal angenommen, dass Ungeheuer von Loch Ness existiert tats\u00e4chlich. Mal angenommen, wir gehen an einem nebeligen Herbsttag in der N\u00e4he von Inverness spazieren. Mal angenommen, wir sehen etwas durch das schwarze Wasser des Loch Ness&#8216; schwimmen &#8211; wollen wir das Geheimnis um Loch Ness wirklich verraten?<\/em><\/p>\n<p><em>&#8218;Das Geheimnis um Loch Ness&#8216; ist eine neue und spektakul\u00e4re Komposition f\u00fcr Spielmannszug und Fl\u00f6tenorchester. Das St\u00fcck ist musikalisch und spieltechnisch eine Herausforderung: abwechslungsreiche Melodien, unterschiedlichste Begleitungen, ein gro\u00dfer Tonumfang in allen Fl\u00f6tenstimmen sowie viele Tonart- und Tempowechsel sorgen gute 8 Minuten lang f\u00fcr musikalische Spannung. Ihr Publikum wird das St\u00fcck lieben!<\/em><\/p>\n<p><em>Eine Interpretation f\u00fcr Ces\/Fes- und B\/Es-Besetzung ist leider nicht m\u00f6glich. Ebenso muss in einer C\/B-Besetzung mindestens die Solo-Stimme der kleinen Fl\u00f6ten auf Piccolo gespielt werden.<\/em><\/p>\n<p><strong><em>SCHWIERIGKEITSGRAD: <\/em><\/strong><em>BDMV<\/em> <em>Kategorie 5<\/em><\/p>\n<p><em><strong>DAUER:<\/strong> ca. 9&#8217;00 Minuten<\/em><\/p>\n<hr \/>\n<p>Ein Klangbeispiel dieses Titels darf aus urheberrechtlichen Gr\u00fcnden leider nicht ver\u00f6ffentlich werden. Sie k\u00f6nnen gerne ein Demo unter kontakt [@] editionlempfer.de anfordern.<\/p>\n<hr \/>\n<ul>\n<li><strong>C-Besetzung:<\/strong> Piccolo Solo\/1\/2, Fl\u00f6te 1\/2\/3, Altfl\u00f6te in G (ad lib.), Bassfl\u00f6te (ad lib.), Kontrabassfl\u00f6te (ad lib.)<\/li>\n<li><strong>C\/B-Besetzung<\/strong>: Piccolo Solo\/1\/2, Sopran 1\/2, Fl\u00f6te 1\/2\/3, Altfl\u00f6te in G (ad lib.), Bassfl\u00f6te (ad lib.), Kontrabassfl\u00f6te (ad lib.)<\/li>\n<li><strong>Stabspiele<\/strong>: Glockenspiel, Xylophon\/Vibraphon\/R\u00f6hrenglocken, Marimba (Bass), <em>(Die R\u00f6hrenglocken k\u00f6nnen auf dem Vibraphon imitiert werden; die Glockenspiel-Stimme ist nicht auf Lyra spielbar)<\/em> [3 Spieler]<\/li>\n<li><strong>Schlagwerk:<\/strong> Pauken, Kleine Trommel, Toms, Percussion 1 (Shaker, Regenstab, Bongos), Percussion 2 (Chimes, Beatring, Tam-Tam), Percussion 3 (sus. Cymbals, Kleine Trommel), Becken\/Gro\u00dfe Trommel [8 Spieler]<\/li>\n<\/ul>\n<p><span style=\"color: #6aa694;\"><em>Anmerkung: Es ist kein Bassmarimba erforderlich. Alle Kompositionen und Arrangements sind f\u00fcr ein Standard-4 \u2153-Oktaven-Marimba geschrieben. Sollten Marimba 1 und Marimba 2 besetzt sein, k\u00f6nnen die Stimmen ebenfalls auf einem 4 \u2153-Oktaven-Instrument gespielt werden.<\/em><\/span><\/p>\n<hr \/>\n<p><strong><a href=\"http:\/\/www.editionlempfer.de\/?product=das-geheimnis-um-loch-ness-partitur\" target=\"_blank\" rel=\"noopener\">Extra-Partituren<\/a><\/strong><\/p>\n","protected":false},"featured_media":1366,"comment_status":"closed","ping_status":"closed","template":"","meta":[],"product_cat":[22],"product_tag":[],"_links":{"self":[{"href":"http:\/\/www.editionlempfer.de\/index.php?rest_route=\/wp\/v2\/product\/1336"}],"collection":[{"href":"http:\/\/www.editionlempfer.de\/index.php?rest_route=\/wp\/v2\/product"}],"about":[{"href":"http:\/\/www.editionlempfer.de\/index.php?rest_route=\/wp\/v2\/types\/product"}],"replies":[{"embeddable":true,"href":"http:\/\/www.editionlempfer.de\/index.php?rest_route=%2Fwp%2Fv2%2Fcomments&post=1336"}],"wp:featuredmedia":[{"embeddable":true,"href":"http:\/\/www.editionlempfer.de\/index.php?rest_route=\/wp\/v2\/media\/1366"}],"wp:attachment":[{"href":"http:\/\/www.editionlempfer.de\/index.php?rest_route=%2Fwp%2Fv2%2Fmedia&parent=1336"}],"wp:term":[{"taxonomy":"product_cat","embeddable":true,"href":"http:\/\/www.editionlempfer.de\/index.php?rest_route=%2Fwp%2Fv2%2Fproduct_cat&post=1336"},{"taxonomy":"product_tag","embeddable":true,"href":"http:\/\/www.editionlempfer.de\/index.php?rest_route=%2Fwp%2Fv2%2Fproduct_tag&post=1336"}],"curies":[{"name":"wp","href":"https:\/\/api.w.org\/{rel}","templated":true}]}}