{"id":1464,"date":"2015-03-10T19:40:04","date_gmt":"2015-03-10T17:40:04","guid":{"rendered":"http:\/\/www.editionlempfer.de\/?product=thank-you-for-the-music"},"modified":"2026-04-20T11:05:46","modified_gmt":"2026-04-20T09:05:46","slug":"thank-you-for-the-music","status":"publish","type":"product","link":"http:\/\/www.editionlempfer.de\/?product=thank-you-for-the-music","title":{"rendered":"Thank You For The Music"},"content":{"rendered":"","protected":false},"excerpt":{"rendered":"<h6><span style=\"color: #808080\">*Endpreis zzgl. Versandkosten, keine Ausweisung der Mehrwertsteuer gem\u00e4\u00df \u00a7 19 UStG<\/span><\/h6>\n<hr \/>\n<p><strong>Words &amp; Music:<\/strong> Benny Andersson &amp; Bj\u00f6rn Ulvaeus<strong><br \/>\n<\/strong><\/p>\n<p><strong>Arrangement: <\/strong>Tobias Lempfer<\/p>\n<hr \/>\n<p><em>&#8218;Thank You for the Music&#8216; ist einer der gr\u00f6\u00dften ABBA-Hits und darf in keinem Repertoire fehlen. In der C-, C\/B- und Fl\u00f6tenorchester-Besetzung werden die Strophen und die Bridge von einer begleiteten Solo-Fl\u00f6te vorgetragen. Das Tutti im Refrain bietet dazu einen sehr freudigen Kontrast. In der Ces\/Fes- und B\/Es-Besetzung kontrastieren w\u00e4hrend der Strophen die Sopranfl\u00f6ten mit den Altfl\u00f6ten.<\/em><\/p>\n<p><em>Ganz gleich in welcher Besetzung &#8211; das Arrangement ist sehr effektvoll und ist ein Highlight bei jedem Konzert.<\/em><\/p>\n<p><strong><em>SCHWIERIGKEITSGRAD: <\/em><\/strong><em>Kategorie 3<\/em><\/p>\n<p><em><strong>DAUER:<\/strong> ca. 3&#8217;30 Minuten<\/em><\/p>\n<hr \/>\n<p>Ein Klangbeispiel dieses Titels darf aus urheberrechtlichen Gr\u00fcnden leider nicht ver\u00f6ffentlich werden. Sie k\u00f6nnen gerne ein Demo unter kontakt [@] editionlempfer.de anfordern.<\/p>\n<hr \/>\n<ul>\n<li><strong>C-Besetzung:<\/strong> Piccolo 1\/2, Fl\u00f6te Solo\/1\/2\/3, Altfl\u00f6te in G (ad lib.), Bassfl\u00f6te (ad lib.), Kontrabassfl\u00f6te (ad lib.)<\/li>\n<li><strong>C\/B-Besetzung:<\/strong> Piccolo 1\/2, Sopran 1\/2, Fl\u00f6te Solo\/1\/2\/3, Altfl\u00f6te in G (ad lib.), Bassfl\u00f6te (ad lib.), Kontrabassfl\u00f6te (ad lib.)<\/li>\n<li><strong>Ces\/Fes-Besetzung: <\/strong>Sopran in Ces 1\/2, Alt in Fes 1\/2, Tenor in Ces<\/li>\n<li><strong>B\/Es-Besetzung:<\/strong> Sopran in B 1\/2, Alt in Es 1\/2, Tenor in B<\/li>\n<li><strong>Stabspiele:<\/strong> Glockenspiel, Vibraphon (ad lib.), Marimba (Bass) [2 Spieler+]<\/li>\n<li><strong>Schlagwerk: <\/strong>Pauken (ad lib.), Kleine Trommel, Congas, Toms (ad lib.), Beatring &amp; Chimes (ad lib.), Becken (Hi-Hat, Crash, Ride, sus. Cymbals)\/Gro\u00dfe Trommel [4 Spieler+]<\/li>\n<\/ul>\n<ul>\n<li><strong>Fl\u00f6tenorchester:<\/strong> Solo-Piccolo, Fl\u00f6te Solo\/1\/2\/3\/4, Altfl\u00f6te in G, Bassfl\u00f6te, Kontrabassfl\u00f6te (ad lib.)<\/li>\n<\/ul>\n<p><span style=\"color: #6aa694\"><em>Anmerkung: Es ist kein Bassmarimba erforderlich. Alle Kompositionen und Arrangements sind f\u00fcr ein Standard-4 \u2153-Oktaven-Marimba geschrieben. Sollten Marimba 1 und Marimba 2 besetzt sein, k\u00f6nnen die Stimmen ebenfalls auf einem 4 \u2153-Oktaven-Instrument gespielt werden.<\/em><\/span><\/p>\n<hr \/>\n<p><a href=\"http:\/\/www.editionlempfer.de\/?product=thank-you-for-the-music-partitur\" target=\"_blank\"> Extra-Partituren<\/a><\/p>\n","protected":false},"featured_media":1476,"comment_status":"closed","ping_status":"closed","template":"","meta":[],"product_cat":[24,26],"product_tag":[],"_links":{"self":[{"href":"http:\/\/www.editionlempfer.de\/index.php?rest_route=\/wp\/v2\/product\/1464"}],"collection":[{"href":"http:\/\/www.editionlempfer.de\/index.php?rest_route=\/wp\/v2\/product"}],"about":[{"href":"http:\/\/www.editionlempfer.de\/index.php?rest_route=\/wp\/v2\/types\/product"}],"replies":[{"embeddable":true,"href":"http:\/\/www.editionlempfer.de\/index.php?rest_route=%2Fwp%2Fv2%2Fcomments&post=1464"}],"wp:featuredmedia":[{"embeddable":true,"href":"http:\/\/www.editionlempfer.de\/index.php?rest_route=\/wp\/v2\/media\/1476"}],"wp:attachment":[{"href":"http:\/\/www.editionlempfer.de\/index.php?rest_route=%2Fwp%2Fv2%2Fmedia&parent=1464"}],"wp:term":[{"taxonomy":"product_cat","embeddable":true,"href":"http:\/\/www.editionlempfer.de\/index.php?rest_route=%2Fwp%2Fv2%2Fproduct_cat&post=1464"},{"taxonomy":"product_tag","embeddable":true,"href":"http:\/\/www.editionlempfer.de\/index.php?rest_route=%2Fwp%2Fv2%2Fproduct_tag&post=1464"}],"curies":[{"name":"wp","href":"https:\/\/api.w.org\/{rel}","templated":true}]}}