{"id":1503,"date":"2015-04-15T11:12:33","date_gmt":"2015-04-15T09:12:33","guid":{"rendered":"http:\/\/www.editionlempfer.de\/?product=the-first-noel"},"modified":"2016-11-17T12:33:05","modified_gmt":"2016-11-17T10:33:05","slug":"the-first-noel","status":"publish","type":"product","link":"http:\/\/www.editionlempfer.de\/?product=the-first-noel","title":{"rendered":"The First Noel"},"content":{"rendered":"","protected":false},"excerpt":{"rendered":"<h6><span style=\"color: #808080;\">*Endpreis zzgl. Versandkosten, keine Ausweisung der Mehrwertsteuer gem\u00e4\u00df \u00a7 19 UStG<\/span><\/h6>\n<hr \/>\n<p><strong>Musik:<\/strong> traditionell<strong><br \/>\n<\/strong><\/p>\n<p><strong>Arrangement: <\/strong>Tobias Lempfer<\/p>\n<hr \/>\n<p><em>Die wunderbare Melodie von &#8218;The First Noel&#8216; erklingt in einem facettenreichen Arrangement. Glockenspiel-, Fl\u00f6ten und Piccolo-Soli sorgen f\u00fcr Abwechslung. Die feinen, weihnachtlichen Kl\u00e4nge geben Ihrem n\u00e4chsten Adventskonzert die richtige W\u00fcrze. Der Clou: in allen Besetzungen kann das Schlagwerk weggelassen werden. Fl\u00f6ten und Stabspiele k\u00f6nnen so auch in einer schwierigen Akustik oder solistisch besetzt \u00fcberzeugen!<\/em><\/p>\n<p><strong><em>SCHWIERIGKEITSGRAD: <\/em><\/strong><em>Kategorie 2-3<\/em><\/p>\n<p><em><strong>DAUER:<\/strong> ca. 3&#8217;00 Minuten<\/em><\/p>\n<hr \/>\n<p>Ein Klangbeispiel dieses Titels darf aus urheberrechtlichen Gr\u00fcnden leider nicht ver\u00f6ffentlich werden. Sie k\u00f6nnen gerne ein Demo unter kontakt [@] editionlempfer.de anfordern.<\/p>\n<hr \/>\n<ul>\n<li><strong>C-Besetzung:<\/strong> Piccolo Solo\/1, Fl\u00f6te Solo\/1\/2\/3, Altfl\u00f6te in G (ad lib.), Bassfl\u00f6te (ad lib.), Kontrabassfl\u00f6te (ad lib.)<\/li>\n<li><strong>C\/B-Besetzung<\/strong>: Piccolo Solo\/1, Sopran Solo\/1, Fl\u00f6te Solo\/1\/2\/3, Altfl\u00f6te in G (ad lib.), Bassfl\u00f6te (ad lib.), Kontrabassfl\u00f6te (ad lib.)<\/li>\n<li><strong>Ces\/Fes-Besetzung:<\/strong> Sopran in Ces 1\/2\/3, Alt in Fes 1\/2, Tenor in Ces<\/li>\n<li><strong>B\/Es-Besetzung:<\/strong> Sopran in B 1\/2\/3, Alt in Es 1\/2, Tenor in B<\/li>\n<li><strong>Fl\u00f6tenorchester:<\/strong> Piccolo-Solo, Fl\u00f6te Solo\/1\/2\/3, Altfl\u00f6te in G, Bassfl\u00f6te, Kontrabassfl\u00f6te (ad lib.)<\/li>\n<li><strong>Stabspiele<\/strong>: Glockenspiel, Vibraphon (ad lib.), Marimba (Bass) [2 Spieler+]<\/li>\n<li><strong>Schlagwerk:<\/strong> Pauken (ad lib.), Kleine Trommel, Regenstab\/Congas\/Schlittenglocken, Cabasa\/Chimes, sus. Cymbals, Gro\u00dfe Trommel [5 Spieler+]<\/li>\n<\/ul>\n<p><span style=\"color: #6aa694;\"><em>Anmerkung: Es ist kein Bassmarimba erforderlich. Alle Kompositionen und Arrangements sind f\u00fcr ein Standard-4 \u2153-Oktaven-Marimba geschrieben. Sollten Marimba 1 und Marimba 2 besetzt sein, k\u00f6nnen die Stimmen ebenfalls auf einem 4 \u2153-Oktaven-Instrument gespielt werden.<\/em><\/span><\/p>\n<hr \/>\n<p><a href=\"http:\/\/www.editionlempfer.de\/?product=the-first-noel-partitur\" target=\"_blank\"> Extra-Partituren<\/a><\/p>\n","protected":false},"featured_media":1508,"comment_status":"closed","ping_status":"closed","template":"","meta":[],"product_cat":[28],"product_tag":[],"_links":{"self":[{"href":"http:\/\/www.editionlempfer.de\/index.php?rest_route=\/wp\/v2\/product\/1503"}],"collection":[{"href":"http:\/\/www.editionlempfer.de\/index.php?rest_route=\/wp\/v2\/product"}],"about":[{"href":"http:\/\/www.editionlempfer.de\/index.php?rest_route=\/wp\/v2\/types\/product"}],"replies":[{"embeddable":true,"href":"http:\/\/www.editionlempfer.de\/index.php?rest_route=%2Fwp%2Fv2%2Fcomments&post=1503"}],"wp:featuredmedia":[{"embeddable":true,"href":"http:\/\/www.editionlempfer.de\/index.php?rest_route=\/wp\/v2\/media\/1508"}],"wp:attachment":[{"href":"http:\/\/www.editionlempfer.de\/index.php?rest_route=%2Fwp%2Fv2%2Fmedia&parent=1503"}],"wp:term":[{"taxonomy":"product_cat","embeddable":true,"href":"http:\/\/www.editionlempfer.de\/index.php?rest_route=%2Fwp%2Fv2%2Fproduct_cat&post=1503"},{"taxonomy":"product_tag","embeddable":true,"href":"http:\/\/www.editionlempfer.de\/index.php?rest_route=%2Fwp%2Fv2%2Fproduct_tag&post=1503"}],"curies":[{"name":"wp","href":"https:\/\/api.w.org\/{rel}","templated":true}]}}