{"id":1536,"date":"2015-04-15T11:28:17","date_gmt":"2015-04-15T09:28:17","guid":{"rendered":"http:\/\/www.editionlempfer.de\/?product=der-schneewalzer"},"modified":"2016-11-17T12:32:07","modified_gmt":"2016-11-17T10:32:07","slug":"der-schneewalzer","status":"publish","type":"product","link":"http:\/\/www.editionlempfer.de\/?product=der-schneewalzer","title":{"rendered":"Der Schneewalzer"},"content":{"rendered":"","protected":false},"excerpt":{"rendered":"<h6><span style=\"color: #808080;\">*Endpreis zzgl. Versandkosten, keine Ausweisung der Mehrwertsteuer gem\u00e4\u00df \u00a7 19 UStG<\/span><\/h6>\n<hr \/>\n<p><strong>Musik:<\/strong> traditionell \/ Thomas Koschat<strong><br \/>\n<\/strong><\/p>\n<p><strong>Arrangement: <\/strong>Tobias Lempfer<\/p>\n<hr \/>\n<p><em>Besondere Anl\u00e4sse erfordern besondere St\u00fccke! So ist f\u00fcr eine Familienfeier dieses Fl\u00f6tenquartett des ber\u00fchmten &#8218;Schneewalzers&#8216; entstanden. Im Original f\u00fcr C\/G-Besetzung geschrieben, wei\u00df das pfiffige und moderne Arrangement aber auch in anderen Besetzungen zu \u00fcberzeugen.<\/em><\/p>\n<p><em>Partitur und Stimmen werden in einer Notenmappe geliefert.<\/em><\/p>\n<p><strong><em>SCHWIERIGKEITSGRAD: <\/em><\/strong><em>Kategorie 2-3<\/em><\/p>\n<hr \/>\n[audio mp3=\"http:\/\/www.editionlempfer.de\/wp-content\/uploads\/2015\/04\/Der-Schneewalzer-Demo.mp3\"][\/audio]\n<hr \/>\n<ul>\n<li><strong>C\/G-Besetzung<\/strong>: Fl\u00f6te 1\/2, Altfl\u00f6te in G, Bassfl\u00f6te<\/li>\n<li><strong>C-Besetzung:<\/strong> Piccolo, Fl\u00f6te 1\/2\/3<\/li>\n<li><strong>Sandner-Besetzung:<\/strong> Sopran 1\/2, Alt, Tenor<\/li>\n<\/ul>\n<hr \/>\n<p>&nbsp;<\/p>\n","protected":false},"featured_media":1538,"comment_status":"closed","ping_status":"closed","template":"","meta":[],"product_cat":[21,27],"product_tag":[],"_links":{"self":[{"href":"http:\/\/www.editionlempfer.de\/index.php?rest_route=\/wp\/v2\/product\/1536"}],"collection":[{"href":"http:\/\/www.editionlempfer.de\/index.php?rest_route=\/wp\/v2\/product"}],"about":[{"href":"http:\/\/www.editionlempfer.de\/index.php?rest_route=\/wp\/v2\/types\/product"}],"replies":[{"embeddable":true,"href":"http:\/\/www.editionlempfer.de\/index.php?rest_route=%2Fwp%2Fv2%2Fcomments&post=1536"}],"wp:featuredmedia":[{"embeddable":true,"href":"http:\/\/www.editionlempfer.de\/index.php?rest_route=\/wp\/v2\/media\/1538"}],"wp:attachment":[{"href":"http:\/\/www.editionlempfer.de\/index.php?rest_route=%2Fwp%2Fv2%2Fmedia&parent=1536"}],"wp:term":[{"taxonomy":"product_cat","embeddable":true,"href":"http:\/\/www.editionlempfer.de\/index.php?rest_route=%2Fwp%2Fv2%2Fproduct_cat&post=1536"},{"taxonomy":"product_tag","embeddable":true,"href":"http:\/\/www.editionlempfer.de\/index.php?rest_route=%2Fwp%2Fv2%2Fproduct_tag&post=1536"}],"curies":[{"name":"wp","href":"https:\/\/api.w.org\/{rel}","templated":true}]}}