{"id":1556,"date":"2015-04-16T13:01:28","date_gmt":"2015-04-16T11:01:28","guid":{"rendered":"http:\/\/www.editionlempfer.de\/?product=beautiful-dreamer"},"modified":"2016-11-17T12:32:02","modified_gmt":"2016-11-17T10:32:02","slug":"beautiful-dreamer","status":"publish","type":"product","link":"http:\/\/www.editionlempfer.de\/?product=beautiful-dreamer","title":{"rendered":"Beautiful Dreamer"},"content":{"rendered":"","protected":false},"excerpt":{"rendered":"<h6><span style=\"color: #808080;\">*Endpreis zzgl. Versandkosten, keine Ausweisung der Mehrwertsteuer gem\u00e4\u00df \u00a7 19 UStG<\/span><\/h6>\n<hr \/>\n<p><strong>Musik:<\/strong> Stephen Foster<strong><br \/>\n<\/strong><\/p>\n<p><strong>Arrangement: <\/strong>Tobias Lempfer<\/p>\n<hr \/>\n<p><em>Der amerikanische Komponist Stephen Foster (1826-1864) ist vor allem durch Lieder wie &#8222;Oh! Susanna&#8220; und die &#8222;Camptown Races&#8220; bekannt. Seine Ballade &#8222;Beautiful Dreamer&#8220; ist in den USA ein echter Gassenhauer und wird auch bei uns gerne gespielt. Die Ballade liegt hier in einem weichen, stimmigen Arrangement vor, das f\u00fcr alle Besetzungen gut geeignet ist.<\/em><\/p>\n<p><strong><em>SCHWIERIGKEITSGRAD:<\/em><\/strong><em> BDMV<\/em> <em>Kategorie 3<\/em><\/p>\n<p><em><strong>DAUER:<\/strong> ca. 2&#8217;45 Minuten<\/em><\/p>\n<hr \/>\n[audio mp3=\"http:\/\/www.editionlempfer.de\/wp-content\/uploads\/2015\/04\/Beautiful-Dreamer-Demo.mp3\"][\/audio]\n<hr \/>\n<ul>\n<li><strong>C-Besetzung:<\/strong> Piccolo 1\/2, Fl\u00f6te 1\/2\/3, Altfl\u00f6te in G (ad lib.), Bassfl\u00f6te (ad lib.), Kontrabassfl\u00f6te (ad lib.)<\/li>\n<li><strong>C\/B-Besetzung<\/strong>: Piccolo 1\/2, Sopran 1\/2, Fl\u00f6te 1\/2\/3, Altfl\u00f6te in G (ad lib.), Bassfl\u00f6te (ad lib.), Kontrabassfl\u00f6te (ad lib.)<\/li>\n<li><strong>Ces\/Fes-Besetzung:<\/strong> Sopran in Ces 1\/2, Alt in Fes 1\/2, Tenor in Ces<\/li>\n<li><strong>B\/Es-Besetzung:<\/strong> Sopran in B 1\/2, Alt in Es 1\/2, Tenor in B<\/li>\n<li><strong>Fl\u00f6tenorchester:<\/strong> Solo-Piccolo, Fl\u00f6te 1\/2\/3\/4, Altfl\u00f6te in G, Bassfl\u00f6te, Kontrabassfl\u00f6te (ad lib.)<\/li>\n<li><strong>Stabspiele<\/strong>: Glockenspiel, Vibraphon (ad lib), Marimba (Bass) [2 Spieler+]<\/li>\n<li><strong>Schlagwerk:<\/strong> Pauken (ad lib.), Kleine Trommel\/Beatring, Congas, Toms, Shaker\/Chimes, sus. Cymbals (ad lib.), Hi-Hat\/Gro\u00dfe Trommel [5 Spieler+]<\/li>\n<\/ul>\n<p><span style=\"color: #6aa694;\"><em>Anmerkung: Es ist kein Bassmarimba erforderlich. Alle Kompositionen und Arrangements sind f\u00fcr ein Standard-4 \u2153-Oktaven-Marimba geschrieben. Sollten Marimba 1 und Marimba 2 besetzt sein, k\u00f6nnen die Stimmen ebenfalls auf einem 4 \u2153-Oktaven-Instrument gespielt werden.<\/em><\/span><\/p>\n<hr \/>\n<p><a href=\"http:\/\/www.editionlempfer.de\/?product=beautiful-dreamer-partitur\" target=\"_blank\">Extra-Partituren<\/a><\/p>\n","protected":false},"featured_media":1558,"comment_status":"closed","ping_status":"closed","template":"","meta":[],"product_cat":[23,21,26],"product_tag":[],"_links":{"self":[{"href":"http:\/\/www.editionlempfer.de\/index.php?rest_route=\/wp\/v2\/product\/1556"}],"collection":[{"href":"http:\/\/www.editionlempfer.de\/index.php?rest_route=\/wp\/v2\/product"}],"about":[{"href":"http:\/\/www.editionlempfer.de\/index.php?rest_route=\/wp\/v2\/types\/product"}],"replies":[{"embeddable":true,"href":"http:\/\/www.editionlempfer.de\/index.php?rest_route=%2Fwp%2Fv2%2Fcomments&post=1556"}],"wp:featuredmedia":[{"embeddable":true,"href":"http:\/\/www.editionlempfer.de\/index.php?rest_route=\/wp\/v2\/media\/1558"}],"wp:attachment":[{"href":"http:\/\/www.editionlempfer.de\/index.php?rest_route=%2Fwp%2Fv2%2Fmedia&parent=1556"}],"wp:term":[{"taxonomy":"product_cat","embeddable":true,"href":"http:\/\/www.editionlempfer.de\/index.php?rest_route=%2Fwp%2Fv2%2Fproduct_cat&post=1556"},{"taxonomy":"product_tag","embeddable":true,"href":"http:\/\/www.editionlempfer.de\/index.php?rest_route=%2Fwp%2Fv2%2Fproduct_tag&post=1556"}],"curies":[{"name":"wp","href":"https:\/\/api.w.org\/{rel}","templated":true}]}}