{"id":1578,"date":"2015-04-20T16:18:21","date_gmt":"2015-04-20T14:18:21","guid":{"rendered":"http:\/\/www.editionlempfer.de\/?product=es-ist-weihnachtszeit"},"modified":"2016-11-17T12:31:54","modified_gmt":"2016-11-17T10:31:54","slug":"es-ist-weihnachtszeit","status":"publish","type":"product","link":"http:\/\/www.editionlempfer.de\/?product=es-ist-weihnachtszeit","title":{"rendered":"Es ist Weihnachtszeit"},"content":{"rendered":"","protected":false},"excerpt":{"rendered":"<h6><span style=\"color: #808080;\">*Endpreis zzgl. Versandkosten, keine Ausweisung der Mehrwertsteuer gem\u00e4\u00df \u00a7 19 UStG<\/span><\/h6>\n<hr \/>\n<p><strong>Weihnachtslieder zum mitsingen<\/strong><\/p>\n<p><strong>Arrangement: <\/strong>Tobias Lempfer<\/p>\n<hr \/>\n<p><em>Dieses Meldey kombiniert die Weihnachtslieder &#8222;Kling, Gl\u00f6ckchen&#8220;, &#8222;O du fr\u00f6hliche, o du selige&#8220; und &#8222;Stille Nacht, heilige Nacht&#8220;. Sowohl ein rein instrumentaler Vortrag als auch ein Zusammenspiel mit dem Publikum ist m\u00f6glich (extra Text liegt bei).<\/em><\/p>\n<p><em>Der erste Durchgang jedes Liedes ist sehr schlicht gehalten, um dem Publikum das Mitsingen zu erleichtern. Die Wiederholungen sind spannend und abwechslungsreich gestaltet. Kurze Intros und \u00dcberleitungen verbinden die Lieder. Das Schlagwerk ist sehr dezent und stimmungsvoll geschrieben. Das Medley kann jedoch auch komplett ohne Schlagwerk gespielt werden. In C-, C\/B- und Fl\u00f6tenorchester k\u00f6nnen auch die Stabspiele weggelassen werden.<br \/>\n<\/em><\/p>\n<p><em>Das Medley ist f\u00fcr alle Besetzungen geeignet und kann auch von kleineren Ensembles m\u00fchelos vorgetragen werden.<\/em><\/p>\n<p><strong><em>SCHWIERIGKEITSGRAD: <\/em><\/strong><em>Kategorie 2-3<\/em><\/p>\n<p><em><strong>DAUER:<\/strong> ca. 4&#8217;00 &#8211; 7&#8217;00 Minuten [Abh\u00e4ngig von der Anzahl der Strophen&#8230;]<br \/>\n<\/em><\/p>\n<hr \/>\n<p>Ein Klangbeispiel dieses Titels darf aus urheberrechtlichen Gr\u00fcnden leider nicht ver\u00f6ffentlich werden. Sie k\u00f6nnen gerne ein Demo unter kontakt [@] editionlempfer.de anfordern.<\/p>\n<hr \/>\n<ul>\n<li><strong>C-Besetzung:<\/strong> Piccolo 1\/2, Fl\u00f6te 1\/2\/3, Altfl\u00f6te in G (ad lib.), Bassfl\u00f6te (ad lib.), Kontrabassfl\u00f6te (ad lib.)<\/li>\n<li><strong>C\/B-Besetzung<\/strong>: Piccolo 1\/2, Sopran 1\/2, Fl\u00f6te 1\/2\/3, Altfl\u00f6te in G (ad lib.), Bassfl\u00f6te (ad lib.), Kontrabassfl\u00f6te (ad lib.)<\/li>\n<li><strong>Ces\/Fes-Besetzung:<\/strong> Sopran in Ces 1\/2, Alt in Fes 1\/2, Tenor in Ces<\/li>\n<li><strong>B\/Es-Besetzung:<\/strong> Sopran in B 1\/2, Alt in Es 1\/2, Tenor in B<\/li>\n<li><strong>Fl\u00f6tenorchester:<\/strong> Solo-Piccolo, Fl\u00f6te 1\/2\/3\/4, Altfl\u00f6te in G, Bassfl\u00f6te, Kontrabassfl\u00f6te (ad lib.)<\/li>\n<li><strong>Stabspiele<\/strong>: Glockenspiel, Marimba (Bass) [2 Spieler]<\/li>\n<li><strong>Schlagwerk (ad lib.):<\/strong> Pauken, Kleine Trommel, Bongos\/Hi-Hat\/Chimes, Schlittenglocken\/Shaker, sus. Cymbals\/Chimes, Gro\u00dfe Trommel [0 Spieler+]<\/li>\n<\/ul>\n<p><span style=\"color: #6aa694;\"><em>Anmerkung: Es ist kein Bassmarimba erforderlich. Alle Kompositionen und Arrangements sind f\u00fcr ein Standard-4 \u2153-Oktaven-Marimba geschrieben. Sollten Marimba 1 und Marimba 2 besetzt sein, k\u00f6nnen die Stimmen ebenfalls auf einem 4 \u2153-Oktaven-Instrument gespielt werden.<\/em><\/span><\/p>\n<p>&nbsp;<\/p>\n<hr \/>\n<p><a href=\"http:\/\/www.editionlempfer.de\/?product=es-ist-weihnachtszeit-paritur\" target=\"_blank\"> Extra-Partituren<\/a><\/p>\n","protected":false},"featured_media":1581,"comment_status":"closed","ping_status":"closed","template":"","meta":[],"product_cat":[28],"product_tag":[],"_links":{"self":[{"href":"http:\/\/www.editionlempfer.de\/index.php?rest_route=\/wp\/v2\/product\/1578"}],"collection":[{"href":"http:\/\/www.editionlempfer.de\/index.php?rest_route=\/wp\/v2\/product"}],"about":[{"href":"http:\/\/www.editionlempfer.de\/index.php?rest_route=\/wp\/v2\/types\/product"}],"replies":[{"embeddable":true,"href":"http:\/\/www.editionlempfer.de\/index.php?rest_route=%2Fwp%2Fv2%2Fcomments&post=1578"}],"wp:featuredmedia":[{"embeddable":true,"href":"http:\/\/www.editionlempfer.de\/index.php?rest_route=\/wp\/v2\/media\/1581"}],"wp:attachment":[{"href":"http:\/\/www.editionlempfer.de\/index.php?rest_route=%2Fwp%2Fv2%2Fmedia&parent=1578"}],"wp:term":[{"taxonomy":"product_cat","embeddable":true,"href":"http:\/\/www.editionlempfer.de\/index.php?rest_route=%2Fwp%2Fv2%2Fproduct_cat&post=1578"},{"taxonomy":"product_tag","embeddable":true,"href":"http:\/\/www.editionlempfer.de\/index.php?rest_route=%2Fwp%2Fv2%2Fproduct_tag&post=1578"}],"curies":[{"name":"wp","href":"https:\/\/api.w.org\/{rel}","templated":true}]}}