{"id":1717,"date":"2015-04-29T18:19:54","date_gmt":"2015-04-29T16:19:54","guid":{"rendered":"http:\/\/www.editionlempfer.de\/?product=glorious-partitur"},"modified":"2017-12-19T10:32:58","modified_gmt":"2017-12-19T08:32:58","slug":"glorious-partitur","status":"publish","type":"product","link":"http:\/\/www.editionlempfer.de\/?product=glorious-partitur","title":{"rendered":"Glorious &#8211; Partitur"},"content":{"rendered":"","protected":false},"excerpt":{"rendered":"<h6><span style=\"color: #808080;\">*Endpreis zzgl. Versandkosten, keine Ausweisung der Mehrwertsteuer gem\u00e4\u00df \u00a7 19 UStG<\/span><\/h6>\n<hr \/>\n<p><strong>Musik:<\/strong>\u00a0Tobias Lempfer<\/p>\n<hr \/>\n<p><em><strong>Zus\u00e4tzliche Paritur f\u00fcr Probenarbeit oder Wertungsspiele. Zus\u00e4tzliche Partituren k\u00f6nnen nur zusammen mit dem kompletten Notensatz bestellt werden.<\/strong><\/em><\/p>\n<p><em><strong>Haben Sie den Notensatz bereits fr\u00fcher erworben, k\u00f6nnen Sie zus\u00e4tzliche Partituren unter Angabe der entsprechenden Rechnungsnummer im Feld &#8218;Bestellhinweise&#8216; ordern. Sie k\u00f6nnen die Rechnungsnummer nicht mehr finden? Kontaktieren Sie uns bitte vor der Bestellung, wir helfen Ihnen gerne.<\/strong><\/em><\/p>\n<p><span style=\"color: #99cc00;\"><em><strong>Partituren zur Ansicht k\u00f6nnen Sie gerne unter kontakt [@] editionlempfer.de anfragen.<\/strong><\/em><\/span><\/p>\n<p><em>Kleine Fehler werden laufend und stillschweigend verbessert. Minimale Abweichungen zu \u00e4lteren Bestellungen sind deshalb m\u00f6glich.<\/em><\/p>\n<hr \/>\n<ul>\n<li><strong>C-Besetzung:<\/strong> Piccolo 1\/2, Fl\u00f6te Solo\/1\/2\/3, Altfl\u00f6te in G (ad lib.), Bassfl\u00f6te (ad lib.), Kontrabassfl\u00f6te (ad lib.)<\/li>\n<li><strong>C\/B-Besetzung<\/strong>: Piccolo 1\/2, Sopran 1\/2, Fl\u00f6te Solo\/1\/2\/3, Altfl\u00f6te in G (ad lib.), Bassfl\u00f6te (ad lib.), Kontrabassfl\u00f6te (ad lib.)<\/li>\n<li><strong>Ces\/Fes-Besetzung:<\/strong> Sopran in Ces 1\/2, Alt in Fes Solo\/1\/2, Tenor in Ces<\/li>\n<li><strong>B\/Es-Besetzung:<\/strong> Sopran in B 1\/2, Alt in Es Solo\/1\/2, Tenor in B<\/li>\n<li><strong>Fl\u00f6tenorchester:<\/strong> Solo-Piccolo, Fl\u00f6te Solo\/1\/2\/3\/4, Altfl\u00f6te in G, Bassfl\u00f6te, Kontrabassfl\u00f6te<\/li>\n<\/ul>\n<p>&nbsp;<\/p>\n<ul>\n<li><strong>Stabspiele<\/strong>: Glockenspiel, Vibraphon (und R\u00f6hrenglocken ad lib.), Marimba (Bass) [3 Spieler] <em>Die R\u00f6hrenglocken k\u00f6nnen optional auf dem Vibraphon imitiert werden.<\/em><\/li>\n<li><strong>Schlagwerk:<\/strong> Pauken, Kleine Trommel, Bongos, Toms, Percussion (Chimes, Shaker &amp; Beatring), sus. Cymbals &amp; Hi-Hat, , Becken &amp; Regenstab\/Gro\u00dfe Trommel [8 Spieler]<\/li>\n<li><strong>Orgel:<\/strong> Die Orgelstimme liegt f\u00fcr alle Besetzungen bei<\/li>\n<\/ul>\n","protected":false},"featured_media":857,"comment_status":"closed","ping_status":"closed","template":"","meta":[],"product_cat":[35],"product_tag":[],"_links":{"self":[{"href":"http:\/\/www.editionlempfer.de\/index.php?rest_route=\/wp\/v2\/product\/1717"}],"collection":[{"href":"http:\/\/www.editionlempfer.de\/index.php?rest_route=\/wp\/v2\/product"}],"about":[{"href":"http:\/\/www.editionlempfer.de\/index.php?rest_route=\/wp\/v2\/types\/product"}],"replies":[{"embeddable":true,"href":"http:\/\/www.editionlempfer.de\/index.php?rest_route=%2Fwp%2Fv2%2Fcomments&post=1717"}],"wp:featuredmedia":[{"embeddable":true,"href":"http:\/\/www.editionlempfer.de\/index.php?rest_route=\/wp\/v2\/media\/857"}],"wp:attachment":[{"href":"http:\/\/www.editionlempfer.de\/index.php?rest_route=%2Fwp%2Fv2%2Fmedia&parent=1717"}],"wp:term":[{"taxonomy":"product_cat","embeddable":true,"href":"http:\/\/www.editionlempfer.de\/index.php?rest_route=%2Fwp%2Fv2%2Fproduct_cat&post=1717"},{"taxonomy":"product_tag","embeddable":true,"href":"http:\/\/www.editionlempfer.de\/index.php?rest_route=%2Fwp%2Fv2%2Fproduct_tag&post=1717"}],"curies":[{"name":"wp","href":"https:\/\/api.w.org\/{rel}","templated":true}]}}