{"id":1794,"date":"2015-07-10T09:19:50","date_gmt":"2015-07-10T07:19:50","guid":{"rendered":"http:\/\/www.editionlempfer.de\/?product=neununddreissig"},"modified":"2018-05-16T09:47:45","modified_gmt":"2018-05-16T07:47:45","slug":"neununddreissig","status":"publish","type":"product","link":"http:\/\/www.editionlempfer.de\/?product=neununddreissig","title":{"rendered":"Neununddrei\u00dfig\u00b0"},"content":{"rendered":"","protected":false},"excerpt":{"rendered":"<h6><span style=\"color: #808080;\">*Endpreis zzgl. Versandkosten, keine Ausweisung der Mehrwertsteuer gem\u00e4\u00df \u00a7 19 UStG<\/span><\/h6>\n<hr \/>\n<p><strong>Musik:<\/strong> Tobias Lempfer<\/p>\n<hr \/>\n<p><em>Hitzewelle in Deutschland, 39\u00b0C in Hannover. Der Festumzug zum gr\u00f6\u00dften Sch\u00fctzenfest der Welt. Ich habe festgestellt, dass Musikst\u00fccke mit lateinamerikanischen und modernen Rhythmen leichter von der Hand gingen als traditionelle M\u00e4rsche und Polkas. Die Rhythmen passten besser zur Hitze! Auch die hinter unserem Verein marschierenden Sch\u00fctzen und das Publikum am Stra\u00dfenrand hatten bei den \u201emodernen St\u00fccken\u201c viel Spa\u00df!<\/em><\/p>\n<p><em>So ist \u201eNeununddrei\u00dfig\u00b0\u201c entstanden. Leicht auswendig zu lernen, die Melodien und Rhythmen gehen direkt ins Blut. Und dennoch kann \u201eganz normal\u201c marschiert werden. Und bei Hitze eben mit etwas mehr H\u00fcftschwung.<\/em><\/p>\n<p><em>Das St\u00fcck kann in sehr kleiner Besetzung aufgef\u00fchrt werden, viele Stimmen haben nur erg\u00e4nzenden Charakter. <span style=\"text-decoration: underline;\">Und eine Besonderheit: Sogar eine Auff\u00fchrung nur mit kleinen Fl\u00f6ten (Piccolo oder Sopan) und Schlagwerk ist denkbar!<\/span><\/em><\/p>\n<p><strong><em>SCHWIERIGKEITSGRAD:\u00a0<\/em><\/strong><em>BDMV<\/em> <em>Kategorie 3<\/em><\/p>\n<p><em><strong>DAUER:<\/strong> ca. 2&#8217;45<\/em><\/p>\n<hr \/>\n<p>Ein Klangbeispiel dieses Titels darf aus urheberrechtlichen Gr\u00fcnden leider nicht ver\u00f6ffentlich werden. Sie k\u00f6nnen gerne ein Demo unter kontakt [@] editionlempfer.de anfordern. Bitte die gew\u00fcnschte Besetzung angeben!<\/p>\n<hr \/>\n<ul>\n<li><strong>C-Besetzung:<\/strong> Piccolo 1\/2, Fl\u00f6te 1\/2, Altfl\u00f6te in G (ad lib.), Bassfl\u00f6te (ad lib.), Kontrabassfl\u00f6te (ad lib.)<\/li>\n<li><strong>C\/B-Besetzung<\/strong>: Piccolo 1\/2, Sopran 1\/2, Fl\u00f6te 1\/2, Altfl\u00f6te in G (ad lib.), Bassfl\u00f6te (ad lib.), Kontrabassfl\u00f6te (ad lib.)<\/li>\n<li><strong>Ces\/Fes-Besetzung:<\/strong> Sopran in Ces 1\/2, Alt in Fes, Tenor in Ces<\/li>\n<li><strong>B\/Es-Besetzung:<\/strong> Sopran in B 1\/2, Alt in Es, Tenor in B<\/li>\n<\/ul>\n<ul>\n<li><strong>Stabspiele<\/strong>: Glockenspiel, Xylophon (ad lib.), Marimba (Bass) (ad lib.) [1 Spieler+]<\/li>\n<li><strong>Schlagwerk:<\/strong> Pauken (ad lib.), Kleine Trommel, Bongos (ad lib.), Toms (ad lib.), Beatring\/Shaker (ad lib.), Becken\/Gro\u00dfe Trommel [3 Spieler+]<\/li>\n<\/ul>\n<p><span style=\"color: #6aa694;\"><em>Anmerkung: Es ist kein Bassmarimba erforderlich. Alle Kompositionen und Arrangements sind f\u00fcr ein Standard-4 \u2153-Oktaven-Marimba geschrieben. Sollten Marimba 1 und Marimba 2 besetzt sein, k\u00f6nnen die Stimmen ebenfalls auf einem 4 \u2153-Oktaven-Instrument gespielt werden.<\/em><\/span><\/p>\n<hr \/>\n","protected":false},"featured_media":2105,"comment_status":"closed","ping_status":"closed","template":"","meta":[],"product_cat":[22,21],"product_tag":[],"_links":{"self":[{"href":"http:\/\/www.editionlempfer.de\/index.php?rest_route=\/wp\/v2\/product\/1794"}],"collection":[{"href":"http:\/\/www.editionlempfer.de\/index.php?rest_route=\/wp\/v2\/product"}],"about":[{"href":"http:\/\/www.editionlempfer.de\/index.php?rest_route=\/wp\/v2\/types\/product"}],"replies":[{"embeddable":true,"href":"http:\/\/www.editionlempfer.de\/index.php?rest_route=%2Fwp%2Fv2%2Fcomments&post=1794"}],"wp:featuredmedia":[{"embeddable":true,"href":"http:\/\/www.editionlempfer.de\/index.php?rest_route=\/wp\/v2\/media\/2105"}],"wp:attachment":[{"href":"http:\/\/www.editionlempfer.de\/index.php?rest_route=%2Fwp%2Fv2%2Fmedia&parent=1794"}],"wp:term":[{"taxonomy":"product_cat","embeddable":true,"href":"http:\/\/www.editionlempfer.de\/index.php?rest_route=%2Fwp%2Fv2%2Fproduct_cat&post=1794"},{"taxonomy":"product_tag","embeddable":true,"href":"http:\/\/www.editionlempfer.de\/index.php?rest_route=%2Fwp%2Fv2%2Fproduct_tag&post=1794"}],"curies":[{"name":"wp","href":"https:\/\/api.w.org\/{rel}","templated":true}]}}