{"id":1808,"date":"2015-08-06T11:47:13","date_gmt":"2015-08-06T09:47:13","guid":{"rendered":"http:\/\/www.editionlempfer.de\/?product=vietnam-spring"},"modified":"2016-11-14T12:59:08","modified_gmt":"2016-11-14T10:59:08","slug":"vietnam-spring","status":"publish","type":"product","link":"http:\/\/www.editionlempfer.de\/?product=vietnam-spring","title":{"rendered":"Vietnam Spring"},"content":{"rendered":"","protected":false},"excerpt":{"rendered":"<h6><span style=\"color: #808080;\">*Endpreis zzgl. Versandkosten, keine Ausweisung der Mehrwertsteuer gem\u00e4\u00df \u00a7 19 UStG<\/span><\/h6>\n<hr \/>\n<p><strong>Musik:<\/strong> Tobias Lempfer<\/p>\n<hr \/>\n<p><em>Die Komposition entstand, nachdem mir eine Fl\u00f6tensch\u00fclerin Fotografien aus ihrer Heimat Vietnam zeigte. Die wunderbare Natur des Landes, die Freundlichkeit der Menschen, aber auch die H\u00e4rte des Alltags und nicht zuletzt die leckere vietnamesiche K\u00fcche sind in diese Komposition eingeflossen. All diese Eindr\u00fccke sind dann zu einer Fantasie verschmolzen. Die einzelnen Teile sind lose aneinander gekn\u00fcpft, umrahmt von einem sehr frei zu gestaltendem Thema, das mich immer an einen Fr\u00fchlingsmorgen erinnert.<\/em><\/p>\n<p><em>Die fern\u00f6stlichen Kl\u00e4nge dieser Fantasie sind endlich f\u00fcr alle Besetzungsgruppen erh\u00e4ltlich. Ideal f\u00fcr Konzert oder Wertungsspiel.<\/em><\/p>\n<p><strong><em>SCHWIERIGKEITSGRAD: <\/em><\/strong><em>BDMV Kategorie 3<\/em><\/p>\n<p><em><strong><em>Dauer: <\/em><\/strong><\/em><em>ca. 5 Minuten<\/em><\/p>\n<hr \/>\n<p>Ein Klangbeispiel dieses Titels darf aus urheberrechtlichen Gr\u00fcnden leider nicht ver\u00f6ffentlich werden. Sie k\u00f6nnen gerne ein Demo unter kontakt [@] editionlempfer.de anfordern.<\/p>\n<hr \/>\n<ul>\n<li><strong>C-Besetzung:<\/strong> Piccolo 1\/2, Fl\u00f6te 1\/2\/3, Altfl\u00f6te in G (ad lib.), Bassfl\u00f6te (ad lib.), Kontrabassfl\u00f6te (ad lib.)<\/li>\n<li><strong>C\/B-Besetzung<\/strong>: Piccolo 1\/2, Sopran 1\/2, Fl\u00f6te 1\/2\/3, Altfl\u00f6te in G (ad lib.), Bassfl\u00f6te (ad lib.), Kontrabassfl\u00f6te (ad lib.)<\/li>\n<li><strong>Ces\/Fes-Besetzung:<\/strong> Sopran in Ces 1\/2, Alt in Fes 1\/2, Tenor in Ces<\/li>\n<li><strong>B\/Es-Besetzung:<\/strong> Sopran in B 1\/2, Alt in Es 1\/2, Tenor in B<\/li>\n<li><strong>Fl\u00f6tenorchester:<\/strong> Piccolo (solo), Fl\u00f6te 1\/2\/3\/4, Altfl\u00f6te in G, Bassfl\u00f6te, Kontrabassfl\u00f6te (ad lib.)<\/li>\n<\/ul>\n<ul>\n<li><strong>Stabspiele<\/strong>: Glockenspiel, Vibraphon (ad lib.), Xylophon\/Marimba 2, Marimba 1 (Bass) [3 Spieler+] &#8211; Die Glockenspiel-Stimme kann nicht auf Lyra \u00fcbertragen werden!<\/li>\n<li><strong>Schlagwerk:<\/strong> Pauken (ad lib.), Kleine Trommel, Percussion 1 (Regenstab, Woodblock), Percussion 2 (Chimes, Cowbell, Triangel, Cabasa) Percussion 3 (Tam-Tam, Beatring), Becken\/Gro\u00dfe Trommel [6 Spieler+]<\/li>\n<\/ul>\n<p><span style=\"color: #6aa694;\"><em>Anmerkung: Es ist kein Bassmarimba erforderlich. Alle Kompositionen und Arrangements sind f\u00fcr ein Standard-4 \u2153-Oktaven-Marimba geschrieben. Sollten Marimba 1 und Marimba 2 besetzt sein, k\u00f6nnen die Stimmen ebenfalls auf einem 4 \u2153-Oktaven-Instrument gespielt werden.<\/em><\/span><\/p>\n<hr \/>\n<p><a href=\"http:\/\/www.editionlempfer.de\/?product=vietnam-spring-partitur\" target=\"_blank\"><strong>Extra-Partituren<\/strong><\/a><\/p>\n","protected":false},"featured_media":1826,"comment_status":"closed","ping_status":"closed","template":"","meta":[],"product_cat":[22],"product_tag":[],"_links":{"self":[{"href":"http:\/\/www.editionlempfer.de\/index.php?rest_route=\/wp\/v2\/product\/1808"}],"collection":[{"href":"http:\/\/www.editionlempfer.de\/index.php?rest_route=\/wp\/v2\/product"}],"about":[{"href":"http:\/\/www.editionlempfer.de\/index.php?rest_route=\/wp\/v2\/types\/product"}],"replies":[{"embeddable":true,"href":"http:\/\/www.editionlempfer.de\/index.php?rest_route=%2Fwp%2Fv2%2Fcomments&post=1808"}],"wp:featuredmedia":[{"embeddable":true,"href":"http:\/\/www.editionlempfer.de\/index.php?rest_route=\/wp\/v2\/media\/1826"}],"wp:attachment":[{"href":"http:\/\/www.editionlempfer.de\/index.php?rest_route=%2Fwp%2Fv2%2Fmedia&parent=1808"}],"wp:term":[{"taxonomy":"product_cat","embeddable":true,"href":"http:\/\/www.editionlempfer.de\/index.php?rest_route=%2Fwp%2Fv2%2Fproduct_cat&post=1808"},{"taxonomy":"product_tag","embeddable":true,"href":"http:\/\/www.editionlempfer.de\/index.php?rest_route=%2Fwp%2Fv2%2Fproduct_tag&post=1808"}],"curies":[{"name":"wp","href":"https:\/\/api.w.org\/{rel}","templated":true}]}}