{"id":1967,"date":"2015-09-29T09:44:58","date_gmt":"2015-09-29T07:44:58","guid":{"rendered":"http:\/\/www.editionlempfer.de\/?product=sounds-of-christmas"},"modified":"2016-11-14T12:56:41","modified_gmt":"2016-11-14T10:56:41","slug":"sounds-of-christmas","status":"publish","type":"product","link":"http:\/\/www.editionlempfer.de\/?product=sounds-of-christmas","title":{"rendered":"Sounds of Christmas"},"content":{"rendered":"","protected":false},"excerpt":{"rendered":"<h6><span style=\"color: #808080;\">*Endpreis zzgl. Versandkosten, keine Ausweisung der Mehrwertsteuer gem\u00e4\u00df \u00a7 19 UStG<\/span><\/h6>\n<hr \/>\n<p><strong>Musik:<\/strong> traditionell<strong><br \/>\n<\/strong><\/p>\n<p><strong>Arrangement: <\/strong>Tobias Lempfer<\/p>\n<hr \/>\n<p><em>Die Weihnachtszeit mit den Kerzen, dem Geruch nach frisch gebackenen Pl\u00e4tzchen und leckeren Lebkuchen mag ich gerne. Jedoch ist es anstrengend, Jahr f\u00fcr Jahr die gleichen Weihnachtslieder zu spielen. Bei der Suche nach anderen Melodien bin ich auf die Idee zu den Sounds of Christmas gekommen. Eine Mischung aus dem mittelalterlichen Choral &#8222;Veni, veni Emmanuel&#8220; und dem &#8222;Carol of the Bells&#8220; (der auch als &#8222;Ukrainian Bell Carol&#8220; bekannt ist) kann durchaus als ungew\u00f6hnlich bezeichnet werden. Doch die beiden sehr unterschiedlichen St\u00fccke erg\u00e4nzen sich perfekt!<\/em><\/p>\n<p><em>Das Arrangement \u00fcberzeugt in allen Besetzungen. F\u00fcr B\u00f6hmfl\u00f6ten-Besetzungen f\u00fchrt eine Solo-Fl\u00f6te durch den Choral, die immer wieder vom vollen Orchester erg\u00e4nzt wird. In den Sandner-Besetzungen \u00fcberzeugt hier ein dreistimmiger, eher tief gehaltener Sopransatz. Bei allen Besetzungen dominieren im &#8222;Carol of the Bells&#8220; die Stabspiele, mit deren Hilfe ein erfrischender Weihnachtsklang entsteht.<\/em><\/p>\n<p><strong><em>SCHWIERIGKEITSGRAD: <\/em><\/strong><em>Kategorie 3-4<\/em><\/p>\n<p><em><strong>DAUER:<\/strong> ca. 4&#8217;00 Minuten<\/em><\/p>\n<hr \/>\n[audio mp3=\"http:\/\/www.editionlempfer.de\/wp-content\/uploads\/2015\/09\/Sounds-of-Christmast-Demo.mp3\"][\/audio]\n<hr \/>\n<ul>\n<li><strong>C-Besetzung:<\/strong> Piccolo Solo\/1, Fl\u00f6te Solo\/1\/2\/3, Altfl\u00f6te in G (ad lib.), Bassfl\u00f6te (ad lib.), Kontrabassfl\u00f6te (ad lib.)<\/li>\n<li><strong>C\/B-Besetzung<\/strong>: Piccolo Solo\/1, Sopran Solo\/1, Fl\u00f6te Solo\/1\/2\/3, Altfl\u00f6te in G (ad lib.), Bassfl\u00f6te (ad lib.), Kontrabassfl\u00f6te (ad lib.)<\/li>\n<li><strong>Ces\/Fes-Besetzung:<\/strong> Sopran in Ces 1\/2\/3, Alt in Fes 1\/2, Tenor in Ces<\/li>\n<li><strong>B\/Es-Besetzung:<\/strong> Sopran in B 1\/2\/3, Alt in Es 1\/2, Tenor in B<\/li>\n<li><strong>Fl\u00f6tenorchester:<\/strong> Piccolo (Solo), Fl\u00f6te Solo\/1\/2\/3\/4, Altfl\u00f6te in G, Bassfl\u00f6te, Kontrabassfl\u00f6te (ad lib.)<\/li>\n<\/ul>\n<ul>\n<li><strong>Stabspiele<\/strong>: Glockenspiel, Vibraphon, Marimba 2, Marimba 1 (Bass) [4 Spieler]<\/li>\n<li><strong>Schlagwerk:<\/strong> Pauken, Kleine Trommel\/Congas, Toms, Chimes\/Kleine Trommel (off), Regenstab\/Triangel, sus. Cymbals, Becken &amp; Tam-tam\/Gro\u00dfe Trommel [7 Spieler]<\/li>\n<\/ul>\n<p><span style=\"color: #6aa694;\"><em>Anmerkung: Es ist kein Bassmarimba erforderlich. Alle Kompositionen und Arrangements sind f\u00fcr ein Standard-4 \u2153-Oktaven-Marimba geschrieben. Sollten Marimba 1 und Marimba 2 besetzt sein, k\u00f6nnen die Stimmen ebenfalls auf einem 4 \u2153-Oktaven-Instrument gespielt werden.<\/em><\/span><\/p>\n<hr \/>\n<p>&nbsp;<\/p>\n","protected":false},"featured_media":1969,"comment_status":"closed","ping_status":"closed","template":"","meta":[],"product_cat":[28],"product_tag":[],"_links":{"self":[{"href":"http:\/\/www.editionlempfer.de\/index.php?rest_route=\/wp\/v2\/product\/1967"}],"collection":[{"href":"http:\/\/www.editionlempfer.de\/index.php?rest_route=\/wp\/v2\/product"}],"about":[{"href":"http:\/\/www.editionlempfer.de\/index.php?rest_route=\/wp\/v2\/types\/product"}],"replies":[{"embeddable":true,"href":"http:\/\/www.editionlempfer.de\/index.php?rest_route=%2Fwp%2Fv2%2Fcomments&post=1967"}],"wp:featuredmedia":[{"embeddable":true,"href":"http:\/\/www.editionlempfer.de\/index.php?rest_route=\/wp\/v2\/media\/1969"}],"wp:attachment":[{"href":"http:\/\/www.editionlempfer.de\/index.php?rest_route=%2Fwp%2Fv2%2Fmedia&parent=1967"}],"wp:term":[{"taxonomy":"product_cat","embeddable":true,"href":"http:\/\/www.editionlempfer.de\/index.php?rest_route=%2Fwp%2Fv2%2Fproduct_cat&post=1967"},{"taxonomy":"product_tag","embeddable":true,"href":"http:\/\/www.editionlempfer.de\/index.php?rest_route=%2Fwp%2Fv2%2Fproduct_tag&post=1967"}],"curies":[{"name":"wp","href":"https:\/\/api.w.org\/{rel}","templated":true}]}}