{"id":2001,"date":"2015-09-30T16:19:38","date_gmt":"2015-09-30T14:19:38","guid":{"rendered":"http:\/\/www.editionlempfer.de\/?product=african-heart"},"modified":"2018-05-16T09:44:40","modified_gmt":"2018-05-16T07:44:40","slug":"african-heart","status":"publish","type":"product","link":"http:\/\/www.editionlempfer.de\/?product=african-heart","title":{"rendered":"African Heart"},"content":{"rendered":"","protected":false},"excerpt":{"rendered":"<h6><span style=\"color: #808080;\">*Endpreis zzgl. Versandkosten, keine Ausweisung der Mehrwertsteuer gem\u00e4\u00df \u00a7 19 UStG<\/span><\/h6>\n<hr \/>\n<p><strong>Musik:<\/strong>\u00a0Tobias Lempfer<\/p>\n<hr \/>\n<p><em>African Heart entf\u00fchrt Sie auf den afrikanischen Kontinent. Mitrei\u00dfende Rhythmen und sch\u00f6ne Melodien werden Sie und Ihr Publikum verzaubern. Vor allem der Einsatz des Marimbaphons mit zwei Spielern wird Sie begeistern.<\/em><\/p>\n<p><em>Der musikalische Bogen der Komposition wird \u00fcber unterschiedliche Teile gespannt. Ein kurzes Intro f\u00fchrt in die afrikanischen Kl\u00e4nge des St\u00fcckes ein. Es folgt eine &#8222;Safari&#8220;, eher gem\u00fctlich und fr\u00f6hlich geht es durch die afrikanische Landschaft. Bei der anschlie\u00dfenden wilden Jagd &#8222;Hunt&#8220; steht das Schlagwerk-Register im Mittelpunkt. Die Klage &#8222;Mourn&#8220; setzt den Fl\u00f6tenklang in den Vordergrund. Das Ende des musikalischen Bogens bildet der Teil &#8222;Praise and Chant&#8220;, ausgelassen und gut gelaunt klingt das St\u00fcck aus. Bei allen Teilen sind die Marimba-Spieler gefragt, ist ihr Instrument doch das Herz des gesamten Werks.<\/em><\/p>\n<p><em>African Heart ist vielschichtig im harmonischen Aufbau und komplex in der rhythmischen Struktur. Alle Musiker werden gleicherma\u00dfen gefordert. Das St\u00fcck ist eine Herausforderung f\u00fcr Wertungsspiele und gleichzeitig spannend f\u00fcr das Publikum.<\/em><\/p>\n<p><em>African Heart liegt sowohl in B\u00f6hm- als auch in Sandner-Besetzung gut in der Hand, das St\u00fcck ist f\u00fcr alle Besetzungen geeignet.<\/em><\/p>\n<p>&nbsp;<\/p>\n<p><strong><em>SCHWIERIGKEITSGRAD: <\/em><\/strong><em>BDMV <\/em><em>Kategorie 5<\/em><\/p>\n<p><strong><em>DAUER: <\/em><\/strong><em>ca. 8&#8217;15 Minuten<br \/>\n<\/em><\/p>\n<hr \/>\n<p>Ein Klangbeispiel dieses Titels darf aus urheberrechtlichen Gr\u00fcnden leider nicht ver\u00f6ffentlich werden. Sie k\u00f6nnen gerne ein Demo unter kontakt [@] editionlempfer.de anfordern. Bitte die gew\u00fcnschte Besetzung angeben!<\/p>\n<hr \/>\n<ul>\n<li><strong>C-Besetzung:<\/strong> Piccolo 1\/2, Fl\u00f6te 1\/2\/3, Altfl\u00f6te in G (ad lib.), Bassfl\u00f6te (ad lib.), Kontrabassfl\u00f6te (ad lib.)<\/li>\n<li><strong>C\/B-Besetzung<\/strong>: Piccolo 1\/2, Sopran 1\/2, Fl\u00f6te 1\/2\/3, Altfl\u00f6te in G (ad lib.), Bassfl\u00f6te (ad lib.), Kontrabassfl\u00f6te (ad lib.)<\/li>\n<li><strong>Ces\/Fes-Besetzung:<\/strong> Sopran in Ces 1\/2\/3, Alt in Fes 1\/2, Tenor in Ces<\/li>\n<li><strong>B\/Es-Besetzung:<\/strong> Sopran in B 1\/2\/3, Alt in Es 1\/2, Tenor in B<\/li>\n<li><strong>Fl\u00f6tenorchester:<\/strong> Piccolo (Solo), Fl\u00f6te Solo\/1\/2\/3\/4, Altfl\u00f6te in G, Bassfl\u00f6te, Kontrabassfl\u00f6te (ad lib.)<\/li>\n<\/ul>\n<ul>\n<li><strong>Stabspiele<\/strong>: Glockenspiel &amp; Vibraphon, Marimba 2 &amp; Vibraphon, Marimba (Bass) [3 Spieler]<\/li>\n<li><strong>Schlagwerk:<\/strong> Pauken, Bongos, Congas &amp; Kleine Trommel, Toms, Percussion 1 (Shaker, Vibra Slap, Cowbell, Regenstab), Percussion 2 (Triangel, Beatring, Tam-tam, Cabasa, Claves, Chimes) Becken (Konzertbecken, sus. Cymbals, Ride), Gro\u00dfe Trommel [8 Spieler]<\/li>\n<\/ul>\n<p><span style=\"color: #6aa694;\"><em>Anmerkung: Es ist kein Bassmarimba erforderlich. Alle Kompositionen und Arrangements sind f\u00fcr ein Standard-4 \u2153-Oktaven-Marimba geschrieben. Sollten Marimba 1 und Marimba 2 besetzt sein, k\u00f6nnen die Stimmen ebenfalls auf einem 4 \u2153-Oktaven-Instrument gespielt werden.<\/em><\/span><\/p>\n<hr \/>\n<p><a href=\"http:\/\/www.editionlempfer.de\/?product=african-heart-partitur\" target=\"_blank\" rel=\"noopener\"><strong>Extra-Partituren<\/strong><\/a><\/p>\n","protected":false},"featured_media":2003,"comment_status":"closed","ping_status":"closed","template":"","meta":[],"product_cat":[22,23],"product_tag":[],"_links":{"self":[{"href":"http:\/\/www.editionlempfer.de\/index.php?rest_route=\/wp\/v2\/product\/2001"}],"collection":[{"href":"http:\/\/www.editionlempfer.de\/index.php?rest_route=\/wp\/v2\/product"}],"about":[{"href":"http:\/\/www.editionlempfer.de\/index.php?rest_route=\/wp\/v2\/types\/product"}],"replies":[{"embeddable":true,"href":"http:\/\/www.editionlempfer.de\/index.php?rest_route=%2Fwp%2Fv2%2Fcomments&post=2001"}],"wp:featuredmedia":[{"embeddable":true,"href":"http:\/\/www.editionlempfer.de\/index.php?rest_route=\/wp\/v2\/media\/2003"}],"wp:attachment":[{"href":"http:\/\/www.editionlempfer.de\/index.php?rest_route=%2Fwp%2Fv2%2Fmedia&parent=2001"}],"wp:term":[{"taxonomy":"product_cat","embeddable":true,"href":"http:\/\/www.editionlempfer.de\/index.php?rest_route=%2Fwp%2Fv2%2Fproduct_cat&post=2001"},{"taxonomy":"product_tag","embeddable":true,"href":"http:\/\/www.editionlempfer.de\/index.php?rest_route=%2Fwp%2Fv2%2Fproduct_tag&post=2001"}],"curies":[{"name":"wp","href":"https:\/\/api.w.org\/{rel}","templated":true}]}}