{"id":2040,"date":"2015-09-30T22:57:29","date_gmt":"2015-09-30T20:57:29","guid":{"rendered":"http:\/\/www.editionlempfer.de\/?product=wedding-day-suite-partitur"},"modified":"2016-11-14T12:56:26","modified_gmt":"2016-11-14T10:56:26","slug":"wedding-day-suite-partitur","status":"publish","type":"product","link":"http:\/\/www.editionlempfer.de\/?product=wedding-day-suite-partitur","title":{"rendered":"Wedding-Day &#8211; Suite &#8211; Partitur"},"content":{"rendered":"","protected":false},"excerpt":{"rendered":"<h6><span style=\"color: #808080;\">*Endpreis zzgl. Versandkosten, keine Ausweisung der Mehrwertsteuer gem\u00e4\u00df \u00a7 19 UStG<\/span><\/h6>\n<hr \/>\n<p><strong>Musik:<\/strong> Tobias Lempfer<\/p>\n<hr \/>\n<p><em><strong>Zus\u00e4tzliche Paritur f\u00fcr Probenarbeit oder Wertungsspiele. Zus\u00e4tzliche Partituren k\u00f6nnen nur zusammen mit dem kompletten Notensatz bestellt werden.<\/strong><\/em><\/p>\n<p><em><strong>Haben Sie den Notensatz bereits fr\u00fcher erworben, k\u00f6nnen Sie zus\u00e4tzliche Partituren unter Angabe der entsprechenden Rechnungsnummer im Feld \u2018Bestellhinweise\u2019 ordern. Sie k\u00f6nnen die Rechnungsnummer nicht mehr finden? Kontaktieren Sie uns bitte vor der Bestellung, wir helfen Ihnen gerne.<\/strong><\/em><\/p>\n<p><span style=\"color: #99cc00;\"><em><strong>Partituren zur Ansicht k\u00f6nnen Sie gerne unter kontakt [@] editionlempfer.de anfragen.<\/strong><\/em><\/span><\/p>\n<p><em>Kleine Fehler werden laufend und stillschweigend verbessert. Minimale Abweichungen zu \u00e4lteren Bestellungen sind deshalb m\u00f6glich.<\/em><\/p>\n<hr \/>\n<ul>\n<li><strong>C-Besetzung <u>mit<\/u> Alt- und Bassfl\u00f6ten:<\/strong> Piccolo 1\/2, Fl\u00f6te Solo\/1\/2\/3, Altfl\u00f6te in G, Bassfl\u00f6te, Kontrabassfl\u00f6te (ad lib.)<\/li>\n<li><strong>C-Besetzung <u>ohne<\/u> Alt- und Bassfl\u00f6ten:<\/strong> Piccolo 1\/2, Fl\u00f6te Solo\/1\/2\/3<\/li>\n<li><strong>C\/B-Besetzung <u>mit<\/u> Alt- und Bassfl\u00f6ten:<\/strong> Piccolo 1\/2, Sopran 1\/2, Fl\u00f6te Solo\/1\/2\/3, Altfl\u00f6te in G, Bassfl\u00f6te, Kontrabassfl\u00f6te (ad lib.)<\/li>\n<li><strong>C\/B-Besetzung <u>ohne<\/u> Alt- und Bassfl\u00f6ten:<\/strong> Piccolo 1\/2, Sopran 1\/2, Fl\u00f6te Solo\/1\/2\/3<\/li>\n<li><strong>Ces\/Fes-Besetzung:<\/strong> Sopran in Ces 1\/2\/3, Alt in Fes 1\/2, Tenor in Ces<\/li>\n<li><strong>B\/Es-Besetzung:<\/strong> Sopran in B 1\/2\/3, Alt in Es 1\/2, Tenor in B<\/li>\n<li><strong>Stabspiele<\/strong>: Glockenspiel, Vibraphon (ad lib.)\/Xylophon, Marimba (Bass) [3 Spieler]<\/li>\n<li><strong>Schlagwerk:<\/strong> Pauken, Kleine Trommel, Bongos\/Congas\/Beatring, Toms\/Tenortrommel\/Cabasa, Shaker\/Chimes\/Beatring, sus. Cymbals\/Konzertbecken\/Hi-Hat, Gro\u00dfe Trommel [7 Spieler]<\/li>\n<\/ul>\n<ul>\n<li><strong>Fl\u00f6tenorchester:<\/strong> Piccolo (Solo), Fl\u00f6te Solo\/1\/2\/3\/4, Altfl\u00f6te in G, Bassfl\u00f6te, Kontrabassfl\u00f6te (ad lib.) <em>[Die Fl\u00f6te 4 kann alternativ als zweite Altfl\u00f6te in G gespielt werden]<\/em><\/li>\n<\/ul>\n<hr \/>\n<p>&nbsp;<\/p>\n","protected":false},"featured_media":1861,"comment_status":"closed","ping_status":"closed","template":"","meta":[],"product_cat":[35],"product_tag":[],"_links":{"self":[{"href":"http:\/\/www.editionlempfer.de\/index.php?rest_route=\/wp\/v2\/product\/2040"}],"collection":[{"href":"http:\/\/www.editionlempfer.de\/index.php?rest_route=\/wp\/v2\/product"}],"about":[{"href":"http:\/\/www.editionlempfer.de\/index.php?rest_route=\/wp\/v2\/types\/product"}],"replies":[{"embeddable":true,"href":"http:\/\/www.editionlempfer.de\/index.php?rest_route=%2Fwp%2Fv2%2Fcomments&post=2040"}],"wp:featuredmedia":[{"embeddable":true,"href":"http:\/\/www.editionlempfer.de\/index.php?rest_route=\/wp\/v2\/media\/1861"}],"wp:attachment":[{"href":"http:\/\/www.editionlempfer.de\/index.php?rest_route=%2Fwp%2Fv2%2Fmedia&parent=2040"}],"wp:term":[{"taxonomy":"product_cat","embeddable":true,"href":"http:\/\/www.editionlempfer.de\/index.php?rest_route=%2Fwp%2Fv2%2Fproduct_cat&post=2040"},{"taxonomy":"product_tag","embeddable":true,"href":"http:\/\/www.editionlempfer.de\/index.php?rest_route=%2Fwp%2Fv2%2Fproduct_tag&post=2040"}],"curies":[{"name":"wp","href":"https:\/\/api.w.org\/{rel}","templated":true}]}}