{"id":2046,"date":"2015-10-01T00:44:44","date_gmt":"2015-09-30T22:44:44","guid":{"rendered":"http:\/\/www.editionlempfer.de\/?product=house-of-horrors"},"modified":"2016-04-26T11:50:27","modified_gmt":"2016-04-26T09:50:27","slug":"house-of-horrors","status":"publish","type":"product","link":"http:\/\/www.editionlempfer.de\/?product=house-of-horrors","title":{"rendered":"House of Horrors"},"content":{"rendered":"","protected":false},"excerpt":{"rendered":"<h6><span style=\"color: #808080;\">*Endpreis zzgl. Versandkosten, keine Ausweisung der Mehrwertsteuer gem\u00e4\u00df \u00a7 19 UStG<\/span><\/h6>\n<hr \/>\n<p><strong>Musik:<\/strong>\u00a0Tobias Lempfer<\/p>\n<hr \/>\n<p><em>Eine verblasste Fassade, schief in den Angeln h\u00e4ngende Fenster, klappernde Fensterl\u00e4den. Ein verwilderter Garten: Nebel wabert, Unkraut wuchert, Laub weht herum. Knarzende T\u00fcren, Spinnweben, eine dicke Staubschicht, der Wind heult durch den Kamin. Schwarze Ratten mit roten Augen, gro\u00dfe Spinnen mit haarigen Beinen, in allen Winkeln und Ecken raschelt es. Zw\u00f6lf Glockenschl\u00e4ge, es ist Mitternacht: Willkommen im \u201cHouse of Horrors\u201d! Gespenster, Monster, Vampire und Werw\u00f6lfe k\u00f6nnten sich hier wohlf\u00fchlen.<\/em><\/p>\n<p><em>F\u00fcr eine schaurig-lustige Stimmung muss tief in die Percussion- und Improvisationskiste gegriffen werden. Tischtennisb\u00e4lle, getrocknete Erbsen und jede Menge Schl\u00fcssel kommen zum Einsatz. Den Harmonien sind h\u00e4ufig akkordfremde T\u00f6ne hinzugef\u00fcgt. Ein gro\u00dfer Spa\u00df f\u00fcr Musiker und Publikum!<\/em><\/p>\n<p>&nbsp;<\/p>\n<p><em><strong>SCHWIERIGKEITSGRAD:<\/strong> BDMV <\/em><em>Kategorie <\/em>3<\/p>\n<p><em><strong>DAUER:<\/strong> ca. 4 Minuten<\/em><\/p>\n<hr \/>\n<p>Ein Klangbeispiel dieses Titels darf aus urheberrechtlichen Gr\u00fcnden leider nicht ver\u00f6ffentlich werden. Sie k\u00f6nnen gerne ein Demo unter kontakt [@] editionlempfer.de anfordern. Bitte die gew\u00fcnschte Besetzung angeben!<\/p>\n<hr \/>\n<ul>\n<li><strong>C-Besetzung:<\/strong> Piccolo 1\/2, Fl\u00f6te 1\/2\/3, Altfl\u00f6te in G (ad lib.), Bassfl\u00f6te (ad lib.), Kontrabassfl\u00f6te (ad lib.)<\/li>\n<li><strong>C\/B-Besetzung<\/strong>: Piccolo 1\/2, Sopran 1\/2, Fl\u00f6te 1\/2\/3, Altfl\u00f6te in G (ad lib.), Bassfl\u00f6te (ad lib.), Kontrabassfl\u00f6te (ad lib.)<\/li>\n<li><strong>Ces\/Fes-Besetzung:<\/strong> Sopran in Ces 1\/2, Alt in Fes 1\/2, Tenor in Ces<\/li>\n<li><strong>B\/Es-Besetzung:<\/strong> Sopran in B 1\/2, Alt in Es 1\/2, Tenor in B<\/li>\n<li><strong>Stabspiele<\/strong>: Glockenspiel\/Vibraphon [&amp; R\u00f6hrenglocken ad lib.], Xylophon &amp; Vibraphon, Marimba [Bass] [3 Spieler]<\/li>\n<\/ul>\n<ul>\n<li><strong>Schlagwerk:<\/strong> Pauken, Kleine Trommel, Bongos, Toms (ad lib.), Percussion 1\/2\/3, Becken [Ride\/Crash(Konzertbecken], Gro\u00dfe Trommel [8 Spieler+]<\/li>\n<li><strong>F\u00fcr die Effekte werden einige Percussion-Instrumente und andere Gegenst\u00e4nde gebraucht: <\/strong>Peitschenknall; Claves; Triangel; Tamtam; Ratsche; Vibra-Slap; Chimes; Donner\/Gewitter; Flexaton; Sirene; ein gro\u00dfes Schl\u00fcsselbund; [Plastik-] Perlenkette; Glasmurmeln; getrocknete Erbsen oder Plastikk\u00fcgelchen; ein kleiner Korb voller Tischtennisb\u00e4lle; Metalleimer oder Metallpapierkorb<\/li>\n<\/ul>\n<p>&nbsp;<\/p>\n<p><span style=\"color: #6aa694;\"><em>Anmerkung: Es ist kein Bassmarimba erforderlich. Alle Kompositionen und Arrangements sind f\u00fcr ein Standard-4 \u2153-Oktaven-Marimba geschrieben. Sollten Marimba 1 und Marimba 2 besetzt sein, k\u00f6nnen die Stimmen ebenfalls auf einem 4 \u2153-Oktaven-Instrument gespielt werden.<\/em><\/span><\/p>\n<p><strong>\u00a0<\/strong><\/p>\n<hr \/>\n<p><a href=\"http:\/\/www.editionlempfer.de\/?product=house-of-horrors-partitur\"><strong>EXTRA-PARTITUREN<\/strong><\/a><\/p>\n","protected":false},"featured_media":2054,"comment_status":"closed","ping_status":"closed","template":"","meta":[],"product_cat":[22,23],"product_tag":[],"_links":{"self":[{"href":"http:\/\/www.editionlempfer.de\/index.php?rest_route=\/wp\/v2\/product\/2046"}],"collection":[{"href":"http:\/\/www.editionlempfer.de\/index.php?rest_route=\/wp\/v2\/product"}],"about":[{"href":"http:\/\/www.editionlempfer.de\/index.php?rest_route=\/wp\/v2\/types\/product"}],"replies":[{"embeddable":true,"href":"http:\/\/www.editionlempfer.de\/index.php?rest_route=%2Fwp%2Fv2%2Fcomments&post=2046"}],"wp:featuredmedia":[{"embeddable":true,"href":"http:\/\/www.editionlempfer.de\/index.php?rest_route=\/wp\/v2\/media\/2054"}],"wp:attachment":[{"href":"http:\/\/www.editionlempfer.de\/index.php?rest_route=%2Fwp%2Fv2%2Fmedia&parent=2046"}],"wp:term":[{"taxonomy":"product_cat","embeddable":true,"href":"http:\/\/www.editionlempfer.de\/index.php?rest_route=%2Fwp%2Fv2%2Fproduct_cat&post=2046"},{"taxonomy":"product_tag","embeddable":true,"href":"http:\/\/www.editionlempfer.de\/index.php?rest_route=%2Fwp%2Fv2%2Fproduct_tag&post=2046"}],"curies":[{"name":"wp","href":"https:\/\/api.w.org\/{rel}","templated":true}]}}