{"id":2201,"date":"2016-01-16T23:21:40","date_gmt":"2016-01-16T21:21:40","guid":{"rendered":"http:\/\/www.editionlempfer.de\/?product=aura-de-gran-canaria"},"modified":"2016-11-14T10:36:02","modified_gmt":"2016-11-14T08:36:02","slug":"aura-de-gran-canaria","status":"publish","type":"product","link":"http:\/\/www.editionlempfer.de\/?product=aura-de-gran-canaria","title":{"rendered":"Aura de Gran Canaria"},"content":{"rendered":"","protected":false},"excerpt":{"rendered":"<h6><span style=\"color: #808080;\">*Endpreis zzgl. Versandkosten, keine Ausweisung der Mehrwertsteuer gem\u00e4\u00df \u00a7 19 UStG<\/span><\/h6>\n<hr \/>\n<p><strong>Musik:<\/strong> Tobias Lempfer<\/p>\n<p><em>Die Kanaren sind die &#8222;Inseln des ewigen Fr\u00fchlings&#8220;. Ihre Lage mitten im Atlantik, nicht allzu weit vor der K\u00fcste Afrikas, beschert den Vulkaninseln ein besonderes Klima. Ganzj\u00e4hrig ist es angenehm warm, und selbst im Sommer wird es wegen der Meereswinde nicht zu hei\u00df. Der Wind ist daf\u00fcr verantwortlich, dass es im Norden der Inseln eher gr\u00fcn ist, weil die Wolken an den Vulkanbergen festh\u00e4ngen und sich abregnen k\u00f6nnen. Im S\u00fcden dagegen ist es ganzj\u00e4hrig w\u00e4rmer und ziemlich trocken. Der stete Wind findet sich auch im Titel der Komposition wieder, denn &#8222;Aura de Gran Canaria&#8220; bedeutet in etwa &#8222;Das L\u00fcftchen von Gran Canaria&#8220;.<\/em><\/p>\n<p><em>Die Kultur der kanarischen Inseln ist nat\u00fcrlich vom spanischen Festland gepr\u00e4gt. \u00dcberall auf den Inseln st\u00f6\u00dft man auf spannende maurische und afrikanischen Einfl\u00fcsse. Manchmal sehr offensichtlich, manchmal versteckt.<\/em><\/p>\n<p><em>Drei Orte werden in dieser Komposition auf Gran Canaria besucht. Der erste Halt ist auf dem &#8222;Roque Nublo&#8220;. Der Berggipfel in der Inselmitte ist zwar nicht der h\u00f6chste Punkt Gran Canarias, er wurde aber aufgrund seiner besonderen, vom Wind geschliffenen Felsformationen schon von den ersten Bewohnern der Insel als heiliger Ort verehrt. Und auch heute noch ist es ein fast magisches Erlebnis, bei Sonnenaufgang zum Felsen zu wandern. Der Ausblick \u00fcber die Insel w\u00e4hrend der ersten w\u00e4rmenden Sonnenstrahlen des Tages geh\u00f6rt zu den H\u00f6heunkten eines Gran Canaria-Besuchs.<\/em><\/p>\n<p><em>Die &#8222;Dunas de Maspalomas&#8220; sind weltber\u00fchmt. Das Naturschutzgebiet an der S\u00fcd-West-Spitze Gran Canarias ist &#8222;Sahara in Miniformat&#8220; und zugleich einer der sch\u00f6nsten Str\u00e4nde der Welt. Zum Sonnenaufgang ist man sehr einsam am Strand und h\u00f6rt die Wellen des Atlantik brechen. In den hohen Sandd\u00fcnen kann man sich regelrecht verlieren &#8211; was besonders in der flirrenden Mittagsluft zu einem schwei\u00dftreibenden Unterfangen werden kann. Und wem dann die (touristische) Kamelsafari begegnet, kann glauben, er sei tats\u00e4chlich in der Sahara.<\/em><\/p>\n<p><em>Lateinamerikanisches Flair gibt es rund um die quirligen Promenade des Stadtstrands &#8222;Las Canterras&#8220; in Las Palmas de Gran Canaria. Ein kurzes Sonnenbad in der Mittagspause, Surfen und Fu\u00dfball nach Feierabend oder gem\u00fctliches Flanieren nach einem Konzertbesuch im Auditorio Alfredo Kraus &#8211; Las Canterras ist das pulsierende Herz der Insel-Hauptstadt. Abends ist die Strandpromenade Treff f\u00fcr Jung und Alt: Klatsch und Tratsch wird ausgetauscht, man genie\u00dft den Feierabend oder h\u00f6rt den Stra\u00dfenmusikern zu. Auch Folklore-Gruppen treffen sich hier und wetteifern mit ihrem K\u00f6nnen.<\/em><\/p>\n<hr \/>\n<p><em><strong>SCHWIERIGKEITSGRAD:<\/strong> BDMV <\/em><em>Kategorie 4<\/em><\/p>\n<p><em><strong>DAUER:<\/strong> ca. 9&#8217;00 Minuten<\/em><\/p>\n<p><em>Die S\u00e4tze k\u00f6nnen auch einzeln gespielt werden. Der Schwierigkeitsgrad der einzelnen S\u00e4tze gleicht sich.<br \/>\n<\/em><\/p>\n<hr \/>\n<p>Ein Klangbeispiel dieses Titels darf aus urheberrechtlichen Gr\u00fcnden leider nicht ver\u00f6ffentlich werden. Sie k\u00f6nnen gerne ein Demo unter kontakt [@] editionlempfer.de anfordern. Bitte die gew\u00fcnschte Besetzung angeben!<\/p>\n<hr \/>\n<ul>\n<li><strong>C-Besetzung:<\/strong> Piccolo 1\/2, Fl\u00f6te 1\/2\/3, Altfl\u00f6te in G (ad lib.), Bassfl\u00f6te (ad lib.), Kontrabassfl\u00f6te (ad lib.)<\/li>\n<li><strong>C\/B-Besetzung<\/strong>: Piccolo 1\/2, Sopran 1\/2, Fl\u00f6te 1\/2\/3, Altfl\u00f6te in G (ad lib.), Bassfl\u00f6te (ad lib.), Kontrabassfl\u00f6te (ad lib.)<\/li>\n<li><strong>Ces\/Fes-Besetzung:<\/strong> Sopran in Ces 1\/2\/3, Alt in Fes 1\/2, Tenor in Ces<\/li>\n<li><strong>B\/Es-Besetzung:<\/strong> Sopran in B 1\/2\/3, Alt in Es 1\/2, Tenor in B<\/li>\n<li><strong>Fl\u00f6tenorchester:<\/strong> Solo-Piccolo, Fl\u00f6te 1\/2\/3\/4, Altfl\u00f6te in G, Bassfl\u00f6te, Kontrabassfl\u00f6te (ad lib.)<\/li>\n<\/ul>\n<ul>\n<li><strong>Stabspiele<\/strong>: Glockenspiel, Xylophon &amp; Marimba 2, Marimba (Bass) [3 Spieler]<\/li>\n<li><strong>Schlagwerk:<\/strong> Pauken (ad lib.) &amp; Cowbell, Kleine Trommel, Tenortrommel (oder Snare off) &amp; Agogo, Bongos, Toms &amp; Congas, Percussion 1 [Shaker, Triangel, Chimes, &amp; Shekere (oder Maracas)], Percussion 2 [sus. Cymbals, Claves, Maracas, Guiro &amp; Zimbeln (oder Triangel)], Becken, Tamtam &amp; Ride\/Gro\u00dfe Trommel [6 Spieler+]<\/li>\n<\/ul>\n<p><span style=\"color: #6aa694;\"><em>Anmerkung: Es ist kein Bassmarimba erforderlich. Alle Kompositionen und Arrangements sind f\u00fcr ein Standard-4 \u2153-Oktaven-Marimba geschrieben. Sollten Marimba 1 und Marimba 2 besetzt sein, k\u00f6nnen die Stimmen ebenfalls auf einem 4 \u2153-Oktaven-Instrument gespielt werden.<\/em><\/span><\/p>\n<hr \/>\n<p><a href=\"http:\/\/www.editionlempfer.de\/?product=aura-de-gran-canaria-partitur\" target=\"_blank\"><strong>EXTRA-PARTITUREN<\/strong><\/a><\/p>\n","protected":false},"featured_media":2209,"comment_status":"closed","ping_status":"closed","template":"","meta":[],"product_cat":[22],"product_tag":[],"_links":{"self":[{"href":"http:\/\/www.editionlempfer.de\/index.php?rest_route=\/wp\/v2\/product\/2201"}],"collection":[{"href":"http:\/\/www.editionlempfer.de\/index.php?rest_route=\/wp\/v2\/product"}],"about":[{"href":"http:\/\/www.editionlempfer.de\/index.php?rest_route=\/wp\/v2\/types\/product"}],"replies":[{"embeddable":true,"href":"http:\/\/www.editionlempfer.de\/index.php?rest_route=%2Fwp%2Fv2%2Fcomments&post=2201"}],"wp:featuredmedia":[{"embeddable":true,"href":"http:\/\/www.editionlempfer.de\/index.php?rest_route=\/wp\/v2\/media\/2209"}],"wp:attachment":[{"href":"http:\/\/www.editionlempfer.de\/index.php?rest_route=%2Fwp%2Fv2%2Fmedia&parent=2201"}],"wp:term":[{"taxonomy":"product_cat","embeddable":true,"href":"http:\/\/www.editionlempfer.de\/index.php?rest_route=%2Fwp%2Fv2%2Fproduct_cat&post=2201"},{"taxonomy":"product_tag","embeddable":true,"href":"http:\/\/www.editionlempfer.de\/index.php?rest_route=%2Fwp%2Fv2%2Fproduct_tag&post=2201"}],"curies":[{"name":"wp","href":"https:\/\/api.w.org\/{rel}","templated":true}]}}