{"id":2285,"date":"2016-01-24T10:10:05","date_gmt":"2016-01-24T08:10:05","guid":{"rendered":"http:\/\/www.editionlempfer.de\/?product=tambourin-gossec"},"modified":"2016-01-24T14:32:29","modified_gmt":"2016-01-24T12:32:29","slug":"tambourin-gossec","status":"publish","type":"product","link":"http:\/\/www.editionlempfer.de\/?product=tambourin-gossec","title":{"rendered":"Tambourin (Gossec)"},"content":{"rendered":"","protected":false},"excerpt":{"rendered":"<h6><span style=\"color: #808080;\">*Endpreis zzgl. Versandkosten, keine Ausweisung der Mehrwertsteuer gem\u00e4\u00df \u00a7 19 UStG<\/span><\/h6>\n<hr \/>\n<p><strong>Musik: <\/strong>Fran\u00e7ois-Joseph Gossec (1734-1829)<\/p>\n<p><strong>Arrangement:<\/strong>\u00a0Tobias Lempfer<\/p>\n<hr \/>\n<p><strong><em>Fl\u00f6tenquintett<\/em><\/strong><\/p>\n<p><em>Das ber\u00fchmte Tambourin von Gossec in einem gef\u00e4lligen Arrangement f\u00fcr f\u00fcnf Fl\u00f6ten. Eine super Zugabe, die auch chorisch besetzt aufgef\u00fchrt werden kann.<\/em><\/p>\n<hr \/>\n<p>&nbsp;<\/p>\n<p><strong><em>SCHWIERIGKEITSGRAD: <\/em><\/strong><em>Kategorie 3<br \/>\n<\/em><\/p>\n<p><strong><em>DAUER: <\/em><\/strong><em>ca. 1&#8217;50 Minuten<br \/>\n<\/em><\/p>\n<p><strong><em>DIE STIMMEN LIEGEN LOSE IN DER PARTITURENMAPPE!<\/em><\/strong><\/p>\n<hr \/>\n[audio mp3=\"http:\/\/www.editionlempfer.de\/wp-content\/uploads\/2016\/01\/Tambourin-Gossec-Demo.mp3\"][\/audio]\n<hr \/>\n<ul>\n<li><strong>C-Besetzung:<\/strong> Fl\u00f6te 1\/2\/3, Altfl\u00f6te in G, Bassfl\u00f6te<\/li>\n<\/ul>\n<hr \/>\n","protected":false},"featured_media":2289,"comment_status":"closed","ping_status":"closed","template":"","meta":[],"product_cat":[27],"product_tag":[],"_links":{"self":[{"href":"http:\/\/www.editionlempfer.de\/index.php?rest_route=\/wp\/v2\/product\/2285"}],"collection":[{"href":"http:\/\/www.editionlempfer.de\/index.php?rest_route=\/wp\/v2\/product"}],"about":[{"href":"http:\/\/www.editionlempfer.de\/index.php?rest_route=\/wp\/v2\/types\/product"}],"replies":[{"embeddable":true,"href":"http:\/\/www.editionlempfer.de\/index.php?rest_route=%2Fwp%2Fv2%2Fcomments&post=2285"}],"wp:featuredmedia":[{"embeddable":true,"href":"http:\/\/www.editionlempfer.de\/index.php?rest_route=\/wp\/v2\/media\/2289"}],"wp:attachment":[{"href":"http:\/\/www.editionlempfer.de\/index.php?rest_route=%2Fwp%2Fv2%2Fmedia&parent=2285"}],"wp:term":[{"taxonomy":"product_cat","embeddable":true,"href":"http:\/\/www.editionlempfer.de\/index.php?rest_route=%2Fwp%2Fv2%2Fproduct_cat&post=2285"},{"taxonomy":"product_tag","embeddable":true,"href":"http:\/\/www.editionlempfer.de\/index.php?rest_route=%2Fwp%2Fv2%2Fproduct_tag&post=2285"}],"curies":[{"name":"wp","href":"https:\/\/api.w.org\/{rel}","templated":true}]}}