{"id":2292,"date":"2016-01-24T10:20:30","date_gmt":"2016-01-24T08:20:30","guid":{"rendered":"http:\/\/www.editionlempfer.de\/?product=tambourin-hasse"},"modified":"2016-01-24T18:46:48","modified_gmt":"2016-01-24T16:46:48","slug":"tambourin-hasse","status":"publish","type":"product","link":"http:\/\/www.editionlempfer.de\/?product=tambourin-hasse","title":{"rendered":"Tambourin (Hasse)"},"content":{"rendered":"","protected":false},"excerpt":{"rendered":"<h6><span style=\"color: #808080;\">*Endpreis zzgl. Versandkosten, keine Ausweisung der Mehrwertsteuer gem\u00e4\u00df \u00a7 19 UStG<\/span><\/h6>\n<hr \/>\n<p><strong>Musik:<\/strong> Johann Adolph Hasse (1699-1783)<\/p>\n<p><strong>Arrangement:<\/strong>\u00a0Tobias Lempfer<\/p>\n<hr \/>\n<p><strong><em>Fl\u00f6tenquintett<\/em><\/strong><\/p>\n<p><em>Das lebendige Tambourin von Hasse in einem spannenden Arrangement f\u00fcr f\u00fcnf Fl\u00f6ten. Der kontrastreiche Wechsel von Dur und Moll sowie die spannende Stimmf\u00fchrung (die f\u00fcnf Stimmen gleichen sich im Schwierigkeitsgrad, es gibt keine Reine Begleitstimme) lassen den Klang der Fl\u00f6ten regelrecht aufbl\u00fchen. Das Tambourin kann auch chorisch besetzt aufgef\u00fchrt werden.<\/em><\/p>\n<hr \/>\n<p><strong><em>SCHWIERIGKEITSGRAD: <\/em><\/strong><em>Kategorie 3+<br \/>\n<\/em><\/p>\n<p><strong><em>DAUER: <\/em><\/strong><em>ca. 1&#8217;50 Minuten<br \/>\n<\/em><\/p>\n<p><strong><em>DIE STIMMEN LIEGEN LOSE IN DER PARTITURENMAPPE!<\/em><\/strong><\/p>\n<hr \/>\n[audio mp3=\"http:\/\/www.editionlempfer.de\/wp-content\/uploads\/2016\/01\/Tambourin-Hasse-Demo.mp3\"][\/audio]\n<hr \/>\n<ul>\n<li><strong>C-Besetzung:<\/strong> Fl\u00f6te 1\/2\/3, Altfl\u00f6te in G, Bassfl\u00f6te<\/li>\n<\/ul>\n<hr \/>\n","protected":false},"featured_media":2294,"comment_status":"closed","ping_status":"closed","template":"","meta":[],"product_cat":[27],"product_tag":[],"_links":{"self":[{"href":"http:\/\/www.editionlempfer.de\/index.php?rest_route=\/wp\/v2\/product\/2292"}],"collection":[{"href":"http:\/\/www.editionlempfer.de\/index.php?rest_route=\/wp\/v2\/product"}],"about":[{"href":"http:\/\/www.editionlempfer.de\/index.php?rest_route=\/wp\/v2\/types\/product"}],"replies":[{"embeddable":true,"href":"http:\/\/www.editionlempfer.de\/index.php?rest_route=%2Fwp%2Fv2%2Fcomments&post=2292"}],"wp:featuredmedia":[{"embeddable":true,"href":"http:\/\/www.editionlempfer.de\/index.php?rest_route=\/wp\/v2\/media\/2294"}],"wp:attachment":[{"href":"http:\/\/www.editionlempfer.de\/index.php?rest_route=%2Fwp%2Fv2%2Fmedia&parent=2292"}],"wp:term":[{"taxonomy":"product_cat","embeddable":true,"href":"http:\/\/www.editionlempfer.de\/index.php?rest_route=%2Fwp%2Fv2%2Fproduct_cat&post=2292"},{"taxonomy":"product_tag","embeddable":true,"href":"http:\/\/www.editionlempfer.de\/index.php?rest_route=%2Fwp%2Fv2%2Fproduct_tag&post=2292"}],"curies":[{"name":"wp","href":"https:\/\/api.w.org\/{rel}","templated":true}]}}