{"id":2324,"date":"2016-01-30T13:31:01","date_gmt":"2016-01-30T11:31:01","guid":{"rendered":"http:\/\/www.editionlempfer.de\/?product=the-spirit-of-stonehenge"},"modified":"2018-05-16T09:45:07","modified_gmt":"2018-05-16T07:45:07","slug":"the-spirit-of-stonehenge","status":"publish","type":"product","link":"http:\/\/www.editionlempfer.de\/?product=the-spirit-of-stonehenge","title":{"rendered":"The Spirit Of Stonehenge"},"content":{"rendered":"","protected":false},"excerpt":{"rendered":"<h6><span style=\"color: #808080;\">*Endpreis zzgl. Versandkosten, keine Ausweisung der Mehrwertsteuer gem\u00e4\u00df \u00a7 19 UStG<\/span><\/h6>\n<hr \/>\n<p><strong>Musik:<\/strong>\u00a0Tobias Lempfer<\/p>\n<hr \/>\n<p><em>Stonehenge ist vielleicht das bekannteste H\u00fcgelgrab mit Steinkreis der Welt. Von jeher ranken sich Geschichten und Mythen \u00fcber dieses sonderbare Bauwerk. Vor allem die Ereignisse rund um die Artus-Sage werden mit Stonehenge in Verbindung gebracht. <\/em><\/p>\n<p><em>Mittlerweile hat die Wissenschaft erwiesen, dass Stonehenge nicht keltischen Ursprungs ist. Tats\u00e4chlich beginnt die Geschichte von Stonehenge schon in der Jungsteinzeit. Und dennoch habe ich immer, wenn ich Bilder der Steinanlage sehe, Druiden und Priesterinnen vor Auge, die die Sonnenwende feiern. <\/em><\/p>\n<p><em>In dieser Komposition werfe ich einen Blick auf das Stonehenge der Gegenwart. Die mystische Stimmung im Steinkreis zur Zeit der Sommersonnenwende kann man auch heute noch erleben. Denn dieser Ort strahlt noch immer ungeheure Energie und Kraft aus. Entstanden ist ein modernes, mitrei\u00dfendes und sehr abwechslungsreiches Werk. Ruhige, mysteri\u00f6se Abschnitte stehen furiosen Teilen gegen\u00fcber. Gro\u00dfe Themen im Andante wechseln sich mit harten Unisono-Stellen ab. <\/em><\/p>\n<hr \/>\n<p><strong><em>SCHWIERIGKEITSGRAD:\u00a0<\/em><\/strong><em>BDMV<\/em> <em>Kategorie 4<\/em><\/p>\n<p><strong><em>DAUER: <\/em><\/strong><em>ca. 6&#8217;30 Minuten<br \/>\n<\/em><\/p>\n<hr \/>\n<p>Ein Klangbeispiel dieses Titels darf aus urheberrechtlichen Gr\u00fcnden leider nicht ver\u00f6ffentlich werden. Sie k\u00f6nnen gerne ein Demo unter kontakt [@] editionlempfer.de anfordern. Bitte die gew\u00fcnschte Besetzung angeben!<\/p>\n<hr \/>\n<p><em><strong>Fl\u00f6tensatz<\/strong><\/em><\/p>\n<ul>\n<li><strong>C-Besetzung:<\/strong> Piccolo 1\/2, Fl\u00f6te 1\/2\/3, Altfl\u00f6te in G, Bassfl\u00f6te, Kontrabassfl\u00f6te (ad lib.)<\/li>\n<li><strong>C\/B-Besetzung:<\/strong> Piccolo 1\/2, Sopran B 2, Fl\u00f6te 1\/2\/3, Altfl\u00f6te in G, Bassfl\u00f6te, Kontrabassfl\u00f6te (ad lib.) <em><strong><span style=\"color: #ff0000;\">Achtung!\u00a0 Es gibt leider nur eine 2. Sopranstimme!<\/span><\/strong><\/em><\/li>\n<li><strong>Fl\u00f6tenorchester<\/strong>: Solo-Piccolo 1\/2, Fl\u00f6te Solo\/1\/2\/3\/4, Altfl\u00f6te in G, Bassfl\u00f6te, Kontrabassfl\u00f6te (ad lib.)<\/li>\n<\/ul>\n<p><em><strong>Schlagwerk (f\u00fcr alle Fl\u00f6tenbesetzungen gleich)<\/strong><\/em><\/p>\n<ul>\n<li><strong>Stabspiele<\/strong>: Glockenspiel, Xylophon &amp; Marimba 1, Marimba 2, Bassmarimba (ad lib.) [3 Spieler+]<\/li>\n<li><strong>Schlagwerk:<\/strong> Pauken, Kleine Trommel, Bongos, Toms, Percussion 1 [Shaker &amp; Woodblock], Percussion 2 ad lib. [Chimes, Triangel, Vibra-Slap, Cowbell], Cymbals [sus. Cymbals, Crash, Ride &amp; Tamtam] Konzertbecken\/Gro\u00dfe Trommel [8 Spieler+]<\/li>\n<\/ul>\n<p><em>Diese Komposition ist leider nicht f\u00fcr Sandner-Besetzungen geeignet. Auch eine C\/B-Besetzung ist nur schwer realisierbar: auf Sopranfl\u00f6te ist nur die 2. Stimme der kleinen Fl\u00f6ten spielbar (und auch das ist sehr schwer).<\/em><\/p>\n<p><em>C-Besetzungen und Fl\u00f6tenorchester <strong>m\u00fcssen mindesten zwei Altfl\u00f6ten und zwei Bassfl\u00f6ten<\/strong> besetzt haben. Ein Vierersatz Pauken ist notwendig.<br \/>\n<\/em><\/p>\n<p><span style=\"color: #6aa694;\"><em>Anmerkung: Es ist kein Bassmarimba erforderlich. Alle Kompositionen und Arrangements sind f\u00fcr ein Standard-4 \u2153-Oktaven-Marimba geschrieben. Sollten Marimba 1 und Marimba 2 besetzt sein, k\u00f6nnen die Stimmen ebenfalls auf einem 4 \u2153-Oktaven-Instrument gespielt werden. <strong>F\u00fcr die Bassmarimba-Stimme ist ein eigenes, 5-Oktaven-Instrument erforderlich!<\/strong><br \/>\n<\/em><\/span><\/p>\n<hr \/>\n<p><strong><a href=\"http:\/\/www.editionlempfer.de\/?product=the-spirit-of-stonehenge-partitur-2\" target=\"_blank\" rel=\"noopener\">Extra-Partituren<\/a><br \/>\n<\/strong><\/p>\n","protected":false},"featured_media":2327,"comment_status":"closed","ping_status":"closed","template":"","meta":[],"product_cat":[22],"product_tag":[],"_links":{"self":[{"href":"http:\/\/www.editionlempfer.de\/index.php?rest_route=\/wp\/v2\/product\/2324"}],"collection":[{"href":"http:\/\/www.editionlempfer.de\/index.php?rest_route=\/wp\/v2\/product"}],"about":[{"href":"http:\/\/www.editionlempfer.de\/index.php?rest_route=\/wp\/v2\/types\/product"}],"replies":[{"embeddable":true,"href":"http:\/\/www.editionlempfer.de\/index.php?rest_route=%2Fwp%2Fv2%2Fcomments&post=2324"}],"wp:featuredmedia":[{"embeddable":true,"href":"http:\/\/www.editionlempfer.de\/index.php?rest_route=\/wp\/v2\/media\/2327"}],"wp:attachment":[{"href":"http:\/\/www.editionlempfer.de\/index.php?rest_route=%2Fwp%2Fv2%2Fmedia&parent=2324"}],"wp:term":[{"taxonomy":"product_cat","embeddable":true,"href":"http:\/\/www.editionlempfer.de\/index.php?rest_route=%2Fwp%2Fv2%2Fproduct_cat&post=2324"},{"taxonomy":"product_tag","embeddable":true,"href":"http:\/\/www.editionlempfer.de\/index.php?rest_route=%2Fwp%2Fv2%2Fproduct_tag&post=2324"}],"curies":[{"name":"wp","href":"https:\/\/api.w.org\/{rel}","templated":true}]}}