{"id":2356,"date":"2016-02-04T10:37:16","date_gmt":"2016-02-04T08:37:16","guid":{"rendered":"http:\/\/www.editionlempfer.de\/?product=zug-der-zwerge"},"modified":"2016-02-04T10:55:23","modified_gmt":"2016-02-04T08:55:23","slug":"zug-der-zwerge","status":"publish","type":"product","link":"http:\/\/www.editionlempfer.de\/?product=zug-der-zwerge","title":{"rendered":"Zug der Zwerge"},"content":{"rendered":"","protected":false},"excerpt":{"rendered":"<h6><span style=\"color: #808080;\">*Endpreis zzgl. Versandkosten, keine Ausweisung der Mehrwertsteuer gem\u00e4\u00df \u00a7 19 UStG<\/span><\/h6>\n<hr \/>\n<p><strong>Musik:<\/strong> Edvard Grieg (1843-1907)<\/p>\n<p><strong>Arrangement:<\/strong>\u00a0Tobias Lempfer<\/p>\n<hr \/>\n<p><em>Die Lyrischen St\u00fccke von Edvard Grieg sind kleine musikalische Sch\u00e4tze. Oft handeln sie von Figuren aus norwegischen Sagen und Erz\u00e4hlungen, von Liebe oder allt\u00e4glichen Situationen und Menschen.<\/em><\/p>\n<p><em>Der Zug der Zwerge aus dem Opus 54 z\u00e4hlte schon sehr fr\u00fch zu meinen Lieblingsst\u00fccken auf Klavier. Die harten, schnellen B\u00e4sse und die wilden 32tel-Figuren stehen in wunderbarem Gegensatz zum ruhigen und lieblichen Mittelteil.<\/em><\/p>\n<p><em>Um den Querfl\u00f6ten gerecht zu werden musste ich die Triolen im Mittelteil neu erfinden. Entstanden ist ein Arrangement, dass f\u00fcr alle f\u00fcnf Fl\u00f6tisten eine Herausforderung bietet.<\/em><\/p>\n<hr \/>\n<p><strong><em>SCHWIERIGKEITSGRAD: <\/em><\/strong><em>Kategorie 4<br \/>\n<\/em><\/p>\n<p><strong><em>DAUER: <\/em><\/strong><em>ca. 3&#8217;40 Minuten<br \/>\n<\/em><\/p>\n<p><strong><em>DIE STIMMEN LIEGEN LOSE IN DER PARTITURENMAPPE!<\/em><\/strong><\/p>\n<hr \/>\n[audio mp3=\"http:\/\/www.editionlempfer.de\/wp-content\/uploads\/2016\/02\/Zug-der-Zwerge-Demo.mp3\"][\/audio]\n<hr \/>\n<ul>\n<li><strong>C-Besetzung:<\/strong> Fl\u00f6te 1\/2\/3, Altfl\u00f6te in G, Bassfl\u00f6te<\/li>\n<\/ul>\n<hr \/>\n","protected":false},"featured_media":2358,"comment_status":"closed","ping_status":"closed","template":"","meta":[],"product_cat":[27],"product_tag":[],"_links":{"self":[{"href":"http:\/\/www.editionlempfer.de\/index.php?rest_route=\/wp\/v2\/product\/2356"}],"collection":[{"href":"http:\/\/www.editionlempfer.de\/index.php?rest_route=\/wp\/v2\/product"}],"about":[{"href":"http:\/\/www.editionlempfer.de\/index.php?rest_route=\/wp\/v2\/types\/product"}],"replies":[{"embeddable":true,"href":"http:\/\/www.editionlempfer.de\/index.php?rest_route=%2Fwp%2Fv2%2Fcomments&post=2356"}],"wp:featuredmedia":[{"embeddable":true,"href":"http:\/\/www.editionlempfer.de\/index.php?rest_route=\/wp\/v2\/media\/2358"}],"wp:attachment":[{"href":"http:\/\/www.editionlempfer.de\/index.php?rest_route=%2Fwp%2Fv2%2Fmedia&parent=2356"}],"wp:term":[{"taxonomy":"product_cat","embeddable":true,"href":"http:\/\/www.editionlempfer.de\/index.php?rest_route=%2Fwp%2Fv2%2Fproduct_cat&post=2356"},{"taxonomy":"product_tag","embeddable":true,"href":"http:\/\/www.editionlempfer.de\/index.php?rest_route=%2Fwp%2Fv2%2Fproduct_tag&post=2356"}],"curies":[{"name":"wp","href":"https:\/\/api.w.org\/{rel}","templated":true}]}}