{"id":2364,"date":"2016-02-04T10:46:56","date_gmt":"2016-02-04T08:46:56","guid":{"rendered":"http:\/\/www.editionlempfer.de\/?product=the-galway-piper"},"modified":"2016-02-04T10:48:24","modified_gmt":"2016-02-04T08:48:24","slug":"the-galway-piper","status":"publish","type":"product","link":"http:\/\/www.editionlempfer.de\/?product=the-galway-piper","title":{"rendered":"The Galway Piper"},"content":{"rendered":"","protected":false},"excerpt":{"rendered":"<h6><span style=\"color: #808080;\">*Endpreis zzgl. Versandkosten, keine Ausweisung der Mehrwertsteuer gem\u00e4\u00df \u00a7 19 UStG<\/span><\/h6>\n<hr \/>\n<p><strong>Musik:<\/strong> traditionell<\/p>\n<p><strong>Arrangement:<\/strong>\u00a0Tobias Lempfer<\/p>\n<hr \/>\n<p><em>Die beliebte irische Melodie des Galway Pipers in einem leichten und gef\u00e4lligem Arrangement. Das St\u00fcck findet Platz zu jedem Anlass und ist ideal f\u00fcr Ausbildungszwecke! <\/em><\/p>\n<hr \/>\n<p><strong><em>SCHWIERIGKEITSGRAD: <\/em><\/strong><em>Kategorie 2<\/em><\/p>\n<p><strong><em>DAUER: <\/em><\/strong><em>ca. 1&#8217;50 Minuten<br \/>\n<\/em><\/p>\n<p><strong><em>DIE STIMMEN LIEGEN LOSE IN DER PARTITURENMAPPE!<\/em><\/strong><\/p>\n<hr \/>\n[audio mp3=\"http:\/\/www.editionlempfer.de\/wp-content\/uploads\/2016\/02\/The-Galway-Piper-Demo.mp3\"][\/audio]\n<hr \/>\n<ul>\n<li><strong>C-Besetzung:<\/strong> Fl\u00f6te 1\/2\/3, Altfl\u00f6te in G, Bassfl\u00f6te<\/li>\n<\/ul>\n<hr \/>\n","protected":false},"featured_media":2366,"comment_status":"closed","ping_status":"closed","template":"","meta":[],"product_cat":[27],"product_tag":[],"_links":{"self":[{"href":"http:\/\/www.editionlempfer.de\/index.php?rest_route=\/wp\/v2\/product\/2364"}],"collection":[{"href":"http:\/\/www.editionlempfer.de\/index.php?rest_route=\/wp\/v2\/product"}],"about":[{"href":"http:\/\/www.editionlempfer.de\/index.php?rest_route=\/wp\/v2\/types\/product"}],"replies":[{"embeddable":true,"href":"http:\/\/www.editionlempfer.de\/index.php?rest_route=%2Fwp%2Fv2%2Fcomments&post=2364"}],"wp:featuredmedia":[{"embeddable":true,"href":"http:\/\/www.editionlempfer.de\/index.php?rest_route=\/wp\/v2\/media\/2366"}],"wp:attachment":[{"href":"http:\/\/www.editionlempfer.de\/index.php?rest_route=%2Fwp%2Fv2%2Fmedia&parent=2364"}],"wp:term":[{"taxonomy":"product_cat","embeddable":true,"href":"http:\/\/www.editionlempfer.de\/index.php?rest_route=%2Fwp%2Fv2%2Fproduct_cat&post=2364"},{"taxonomy":"product_tag","embeddable":true,"href":"http:\/\/www.editionlempfer.de\/index.php?rest_route=%2Fwp%2Fv2%2Fproduct_tag&post=2364"}],"curies":[{"name":"wp","href":"https:\/\/api.w.org\/{rel}","templated":true}]}}