{"id":2497,"date":"2016-05-09T21:36:07","date_gmt":"2016-05-09T19:36:07","guid":{"rendered":"http:\/\/www.editionlempfer.de\/?product=arches-n-p-fantasy"},"modified":"2018-05-16T09:45:40","modified_gmt":"2018-05-16T07:45:40","slug":"arches-n-p-fantasy","status":"publish","type":"product","link":"http:\/\/www.editionlempfer.de\/?product=arches-n-p-fantasy","title":{"rendered":"Arches N.P. Fantasy"},"content":{"rendered":"","protected":false},"excerpt":{"rendered":"<h6><span style=\"color: #808080;\">*Endpreis zzgl. Versandkosten, keine Ausweisung der Mehrwertsteuer gem\u00e4\u00df \u00a7 19 UStG<\/span><\/h6>\n<hr \/>\n<p><strong>Musik:<\/strong>\u00a0Tobias Lempfer<\/p>\n<hr \/>\n<p><em>Im Arches Nationalpark in Utah, USA \u00a0gibt es die weltweit gr\u00f6\u00dfte H\u00e4ufung naturgeschaffener Steinb\u00f6gen und Felsenfenster. In dieser Komposition habe ich meinen Besuch des Parks festgehalten.<\/em><\/p>\n<p><em>Die Einleitung der Fantasie entspricht dem Sonnenaufgang. Es folgt ein Sechzehntel-Motiv mit anschlie\u00dfenden Synkopen, das im St\u00fcck immer wieder auftaucht. Dieses Motiv dr\u00fcckt die fantastische Stimmung des Tages aus. Au\u00dferdem verbindet das Motiv die unterschiedlichen Orte im Park, die ich besucht habe, so z.B. den &#8222;Double-O-Arch&#8220;, die &#8222;Gossip Sisters&#8220; oder den &#8222;Delicate Arch&#8220;. Es folgt ein Andantino, dass an zwei Indianer erinnert, die zum Sonnenuntergang bei den &#8222;North &amp; South Windows&#8220; musiziert haben. Ein anschlie\u00dfendes Cantabile spiegelt die Stimmung der einbrechende Nacht an diesem magischen Ort wieder. In einer Reprise wirken die Eindr\u00fccke des Tages nach und verfestigen sich in der Erinnerung.<\/em><\/p>\n<p><em>Die Arches N.P. Fantasy ist bewusst etwas leichter gehalten als viele meiner anderen Kompositionen. Damit es auch wirklich in Kategorie 3 eingestuft wird, habe ich einfachere Strukturen und gut lernbare Rhythmen verwendet. Die Melodien verweilen l\u00e4nger in einer Tonart. Die Besetzung bleibt \u00fcberschaubar. Und dennoch klingt das St\u00fcck frisch, modern und spannend. Es ist daher auch ideal f\u00fcr kleinere Besetzungen. Ebenso werden Sandner-Besetzungen sehr viel Freude an dem St\u00fcck haben. F\u00fcr gr\u00f6\u00dfere Orchester gibt es die M\u00f6glichkeit, mit erg\u00e4nzenden Alt- und Bassfl\u00f6tenstimmen zu spielen.<\/em><\/p>\n<p>&nbsp;<\/p>\n<p><strong><em>SCHWIERIGKEITSGRAD: <\/em><\/strong><em>BDMV Kategorie 3<br \/>\n<\/em><\/p>\n<p><strong><em>DAUER: <\/em><\/strong><em>ca. 6&#8217;10 Minuten<br \/>\n<\/em><\/p>\n<hr \/>\n<p>Ein Klangbeispiel dieses Titels darf aus urheberrechtlichen Gr\u00fcnden leider nicht ver\u00f6ffentlich werden. Sie k\u00f6nnen gerne ein Demo unter kontakt [@] editionlempfer.de anfordern. Bitte die gew\u00fcnschte Besetzung angeben!<\/p>\n<hr \/>\n<ul>\n<li><strong>C-Besetzung:<\/strong> Piccolo 1\/2, Fl\u00f6te 1\/2\/3, Altfl\u00f6te in G (ad lib.), Bassfl\u00f6te (ad lib.), Kontrabassfl\u00f6te (ad lib.)<\/li>\n<li><strong>C\/B-Besetzung<\/strong>:\u00a0 Piccolo 1\/2, Sopran 1\/2, Fl\u00f6te 1\/2\/3, Altfl\u00f6te in G (ad lib.), Bassfl\u00f6te (ad lib.), Kontrabassfl\u00f6te (ad lib.)<\/li>\n<li><strong>Ces\/Fes-Besetzung:<\/strong> Sopran in Ces 1\/2, Alt in Fes 1\/2, Tenor in Ces<\/li>\n<li><strong>B\/Es-Besetzung:<\/strong> Sopran in B 1\/2, Alt in Es 1\/2, Tenor in B<\/li>\n<li><strong>Fl\u00f6tenorchester:<\/strong> auf Anfrage<\/li>\n<\/ul>\n<ul>\n<li><strong>Stabspiele<\/strong>: Glockenspiel, Xylophon (ad lib.), Marimba (Bass) [2 Spieler+]<\/li>\n<li><strong>Schlagwerk:<\/strong> Pauken (ad lib.), Kleine Trommel, Bongos, Percussion 1 (Shaker, Chimes &amp; Guiro), Percussion 2 (Beatring &amp; sus. Cymbals), Becken\/Gro\u00dfe Trommel [6 Spieler+]<\/li>\n<\/ul>\n<p>&nbsp;<\/p>\n<p><span style=\"color: #6aa694;\"><em>Anmerkung: Es ist kein Bassmarimba erforderlich. Alle Kompositionen und Arrangements sind f\u00fcr ein Standard-4 \u2153-Oktaven-Marimba geschrieben. Sollten Marimba 1 und Marimba 2 besetzt sein, k\u00f6nnen die Stimmen ebenfalls auf einem 4 \u2153-Oktaven-Instrument gespielt werden.<\/em><\/span><\/p>\n<hr \/>\n<p><a href=\"http:\/\/www.editionlempfer.de\/?product=arches-n-p-fantasy-partitur\"><strong>Extra-Partituren<\/strong><\/a><\/p>\n","protected":false},"featured_media":2501,"comment_status":"closed","ping_status":"closed","template":"","meta":[],"product_cat":[22,23],"product_tag":[],"_links":{"self":[{"href":"http:\/\/www.editionlempfer.de\/index.php?rest_route=\/wp\/v2\/product\/2497"}],"collection":[{"href":"http:\/\/www.editionlempfer.de\/index.php?rest_route=\/wp\/v2\/product"}],"about":[{"href":"http:\/\/www.editionlempfer.de\/index.php?rest_route=\/wp\/v2\/types\/product"}],"replies":[{"embeddable":true,"href":"http:\/\/www.editionlempfer.de\/index.php?rest_route=%2Fwp%2Fv2%2Fcomments&post=2497"}],"wp:featuredmedia":[{"embeddable":true,"href":"http:\/\/www.editionlempfer.de\/index.php?rest_route=\/wp\/v2\/media\/2501"}],"wp:attachment":[{"href":"http:\/\/www.editionlempfer.de\/index.php?rest_route=%2Fwp%2Fv2%2Fmedia&parent=2497"}],"wp:term":[{"taxonomy":"product_cat","embeddable":true,"href":"http:\/\/www.editionlempfer.de\/index.php?rest_route=%2Fwp%2Fv2%2Fproduct_cat&post=2497"},{"taxonomy":"product_tag","embeddable":true,"href":"http:\/\/www.editionlempfer.de\/index.php?rest_route=%2Fwp%2Fv2%2Fproduct_tag&post=2497"}],"curies":[{"name":"wp","href":"https:\/\/api.w.org\/{rel}","templated":true}]}}