{"id":2536,"date":"2016-05-31T01:36:11","date_gmt":"2016-05-30T23:36:11","guid":{"rendered":"http:\/\/www.editionlempfer.de\/?product=adeste-fidelis"},"modified":"2016-11-14T10:32:53","modified_gmt":"2016-11-14T08:32:53","slug":"adeste-fidelis","status":"publish","type":"product","link":"http:\/\/www.editionlempfer.de\/?product=adeste-fidelis","title":{"rendered":"Adeste Fidelis"},"content":{"rendered":"","protected":false},"excerpt":{"rendered":"<h6><span style=\"color: #808080;\">*Endpreis zzgl. Versandkosten, keine Ausweisung der Mehrwertsteuer gem\u00e4\u00df \u00a7 19 UStG<\/span><\/h6>\n<hr \/>\n<p><strong>Musik:<\/strong> John Francis Wade<\/p>\n<p><strong>Arrangement:<\/strong>\u00a0Tobias Lempfer<\/p>\n<hr \/>\n<p><em>Ein begeisternder Beitrag f\u00fcr das n\u00e4chste Weihnachtskonzert ist &#8222;Adeste Fidelis&#8220; oder auch &#8222;Herbei, O Ihr Gl\u00e4ubigen&#8220;. In diesem Arrangement erklingt das Lied als moderne Pop-Ballade und bewahrt dennoch den gewohnt feierlichen Klang.<\/em><\/p>\n<p><em>Nach einer kurzen Einleitung erfolgt die Melodie als schlichter Choral. Anschlie\u00dfend erstrahlt die Melodie in zwei modern arrangierten Durchg\u00e4ngen. Und f\u00fcr maximale Flexibilit\u00e4t kann der Choraldurchgang komplett ausgelassen werden. So verk\u00fcrzt sich die Spielzeit um ca. 50 Sekunden.<\/em><\/p>\n<p><em>Auch in Fragen der Besetzung bietet &#8222;Adeste Fidelis&#8220; ein H\u00f6chstma\u00df an Flexibilit\u00e4t. Neben dem \u00fcblichen Einsatz von Fl\u00f6ten, Stabspielen und Schlagwerk kann dieses Arrangement von C-, C\/B- und Fl\u00f6tenorchester-Besetzungen mit Alt- und Bassfl\u00f6te ganz ohne Stabspiele und Schlagwerk aufgef\u00fchrt werden. Ensembles ohne Alt- und Bassfl\u00f6ten k\u00f6nnen ebenfalls ohne Schlagwerk spielen, jedoch sollten sie das Marimba besetzen.<\/em><\/p>\n<p><em>\u00a0<\/em><\/p>\n<p><strong><em>SCHWIERIGKEITSGRAD: <\/em><\/strong><em>Kategorie 2<br \/>\n<\/em><\/p>\n<p><strong><em>DAUER: <\/em><\/strong><em>ca. 3&#8217;40 Minuten \u00a0 [ohne Choral 2&#8217;50]<br \/>\n<\/em><\/p>\n<hr \/>\n<p>Klangbeispiel C- und C\/B-Besetzung<\/p>\n[audio mp3=\"http:\/\/www.editionlempfer.de\/wp-content\/uploads\/2016\/05\/Adeste-Fidelis-C-CB-Demo.mp3\"][\/audio]\n<p>Klangbeispiel Ces\/Fes-Besetzung<\/p>\n[audio mp3=\"http:\/\/www.editionlempfer.de\/wp-content\/uploads\/2016\/05\/Adeste-Fidelis-CesFes-Demo.mp3\"][\/audio]\n<p>Klangbeispiel Fl\u00f6tenorchester<\/p>\n[audio mp3=\"http:\/\/www.editionlempfer.de\/wp-content\/uploads\/2016\/05\/Adeste-Fidelis-FO-Demo.mp3\"][\/audio]\n<hr \/>\n<ul>\n<li><strong>C-Besetzung:<\/strong> Piccolo 1\/2, Fl\u00f6te 1\/2\/3, Altfl\u00f6te in G (ad lib.), Bassfl\u00f6te (ad lib.), Kontrabassfl\u00f6te (ad lib.)<\/li>\n<li><strong>C\/B-Besetzung<\/strong>:\u00a0 Piccolo 1\/2, Sopran 1\/2, Fl\u00f6te 1\/2\/3, Altfl\u00f6te in G (ad lib.), Bassfl\u00f6te (ad lib.), Kontrabassfl\u00f6te (ad lib.)<\/li>\n<li><strong>Ces\/Fes-Besetzung:<\/strong> Sopran in Ces 1\/2, Alt in Fes 1\/2, Tenor in Ces<\/li>\n<li><strong>B\/Es-Besetzung:<\/strong> Sopran in B 1\/2, Alt in Es 1\/2, Tenor in B<\/li>\n<li><strong>Fl\u00f6tenorchester:<\/strong> Piccolo (solo), Fl\u00f6te solo\/1\/2\/3\/4, Altfl\u00f6te in G, Bassfl\u00f6te, Kontrabassfl\u00f6te (ad lib.)<\/li>\n<\/ul>\n<ul>\n<li><strong>Stabspiele<\/strong>: Glockenspiel (ad lib.), Vibraphon (ad lib.), Marimba (Bass) [1 Spieler+]<\/li>\n<li><strong>Schlagwerk:<\/strong> Pauken (ad lib.), Kleine Trommel(ad lib.), Congas (ad lib.), Percussion I (sus. Cymbals &amp; Chimes), Shaker (ad lib.), Becken\/Gro\u00dfe Trommel (ad lib.) [1 Spieler+]<\/li>\n<\/ul>\n<p>&nbsp;<\/p>\n<p><strong><span style=\"color: #6aa694;\"><em>Anmerkung: Es ist kein Bassmarimba erforderlich. Alle Kompositionen und Arrangements sind f\u00fcr ein Standard-4 \u2153-Oktaven-Marimba geschrieben. Sollten Marimba 1 und Marimba 2 besetzt sein, k\u00f6nnen die Stimmen ebenfalls auf einem 4 \u2153-Oktaven-Instrument gespielt werden.<\/em><\/span><\/strong><\/p>\n<hr \/>\n","protected":false},"featured_media":2538,"comment_status":"closed","ping_status":"closed","template":"","meta":[],"product_cat":[28],"product_tag":[],"_links":{"self":[{"href":"http:\/\/www.editionlempfer.de\/index.php?rest_route=\/wp\/v2\/product\/2536"}],"collection":[{"href":"http:\/\/www.editionlempfer.de\/index.php?rest_route=\/wp\/v2\/product"}],"about":[{"href":"http:\/\/www.editionlempfer.de\/index.php?rest_route=\/wp\/v2\/types\/product"}],"replies":[{"embeddable":true,"href":"http:\/\/www.editionlempfer.de\/index.php?rest_route=%2Fwp%2Fv2%2Fcomments&post=2536"}],"wp:featuredmedia":[{"embeddable":true,"href":"http:\/\/www.editionlempfer.de\/index.php?rest_route=\/wp\/v2\/media\/2538"}],"wp:attachment":[{"href":"http:\/\/www.editionlempfer.de\/index.php?rest_route=%2Fwp%2Fv2%2Fmedia&parent=2536"}],"wp:term":[{"taxonomy":"product_cat","embeddable":true,"href":"http:\/\/www.editionlempfer.de\/index.php?rest_route=%2Fwp%2Fv2%2Fproduct_cat&post=2536"},{"taxonomy":"product_tag","embeddable":true,"href":"http:\/\/www.editionlempfer.de\/index.php?rest_route=%2Fwp%2Fv2%2Fproduct_tag&post=2536"}],"curies":[{"name":"wp","href":"https:\/\/api.w.org\/{rel}","templated":true}]}}