{"id":2619,"date":"2016-06-15T01:01:08","date_gmt":"2016-06-14T23:01:08","guid":{"rendered":"http:\/\/www.editionlempfer.de\/?product=new-york-new-york"},"modified":"2017-04-26T12:13:20","modified_gmt":"2017-04-26T10:13:20","slug":"new-york-new-york","status":"publish","type":"product","link":"http:\/\/www.editionlempfer.de\/?product=new-york-new-york","title":{"rendered":"New York, New York"},"content":{"rendered":"","protected":false},"excerpt":{"rendered":"<h6><span style=\"color: #808080;\">*Endpreis zzgl. Versandkosten, keine Ausweisung der Mehrwertsteuer gem\u00e4\u00df \u00a7 19 UStG<\/span><\/h6>\n<hr \/>\n<p><strong>Musik:<\/strong> John Kander<\/p>\n<p><strong>Text:<\/strong> Fred Ebb<\/p>\n<p><strong>Arrangement:<\/strong>\u00a0Tobias Lempfer<\/p>\n<hr \/>\n<p><em>Endlich ist &#8222;New York, New York&#8220; f\u00fcr Fl\u00f6tenorchester und Spielmannsz\u00fcge erh\u00e4ltlich. Der Evergreen aus der Feder von John Kander und Fred Ebb wird ein Meilenstein in jedem Konzert sein. Gro\u00dfer Fl\u00f6tenklang und spannende Mallets setzen die bekannte Melodie gro\u00df in Szene. Das Schlagwerk kann entweder mit Drum-Set oder auf Einzelinstrumenten gespielt werden. F\u00fcr beide Varianten liegen Stimmen bei.<\/em><\/p>\n<p><em>Das &#8222;Theme from New York, New York&#8220; ist einer der meistgespielten Songs \u00fcberhaupt. Gute Laune und Ausgelassenheit werden durch das charakteristische Anfangsthema und die kontrastierende, ausgedehnte Melodie der Swing-Arrangements vermittelt.<\/em><\/p>\n<p><em>\u00a0<\/em><\/p>\n<p><strong><em>SCHWIERIGKEITSGRAD: <\/em><\/strong><em>BDMV Kategorie 3<br \/>\n<\/em><\/p>\n<p><strong><em>DAUER: <\/em><\/strong><em>ca. 3&#8217;00 Minuten<br \/>\n<\/em><\/p>\n<hr \/>\n<p>Ein Klangbeispiel dieses Titels darf aus urheberrechtlichen Gr\u00fcnden leider nicht ver\u00f6ffentlich werden. Sie k\u00f6nnen gerne ein Demo unter kontakt [@] editionlempfer.de anfordern. Bitte geben Sie dabei die gew\u00fcnschte Besetzung an.<\/p>\n<hr \/>\n<ul>\n<li><strong>C-Besetzung:<\/strong> Piccolo 1\/2, Fl\u00f6te 1\/2\/3, Altfl\u00f6te in G (ad lib.), Bassfl\u00f6te (ad lib.), Kontrabassfl\u00f6te (ad lib.)<\/li>\n<li><strong>C\/B-Besetzung<\/strong>: Piccolo 1\/2, Sopran 1\/2, Fl\u00f6te 1\/2\/3, Altfl\u00f6te in G (ad lib.), Bassfl\u00f6te (ad lib.), Kontrabassfl\u00f6te (ad lib.)<\/li>\n<li><strong>Ces\/Fes-Besetzung:<\/strong> Sopran in Ces 1\/2\/3, Alt in Fes 1\/2, Tenor in Ces<\/li>\n<li><strong>B\/Es-Besetzung:<\/strong> Sopran in B 1\/2\/3, Alt in Es 1\/2, Tenor in B<\/li>\n<li><strong>Fl\u00f6tenorchester:<\/strong> Piccolo (Solo), Fl\u00f6te Solo\/1\/2\/3\/4, Altfl\u00f6te in G, Bassfl\u00f6te, Kontrabassfl\u00f6te (ad lib.)<\/li>\n<\/ul>\n<ul>\n<li><strong>Stabspiele<\/strong>: Glockenspiel, Vibraphon (ad lib.), Marimba 2, Marimba (Bass) [3 Spieler+]<\/li>\n<li><strong>Schlagwerk &#8211; Variante 1:<\/strong> Pauken (ad lib.), Kleine Trommel, Congas, Beatring &amp; Chimes (ad lib.) Toms (ad lib.), Ride &amp; Hi-Hat, Becken\/Gro\u00dfe Trommel [5 Spieler+]<\/li>\n<li><strong>Schlagwerk &#8211; Variante 2:<\/strong> Pauken (ad lib.), Drum-Set, Congas, Beatring &amp; Chimes (ad lib.) [2 Spieler+]<\/li>\n<\/ul>\n<p>Beide Schlagwerk-Varianten sind in der Partitur notiert!<\/p>\n<p><span style=\"color: #6aa694;\"><em>Anmerkung: Es ist kein Bassmarimba erforderlich. Alle Kompositionen und Arrangements sind f\u00fcr ein Standard-4 \u2153-Oktaven-Marimba geschrieben. Sollten Marimba 1 und Marimba 2 besetzt sein, k\u00f6nnen die Stimmen ebenfalls auf einem 4 \u2153-Oktaven-Instrument gespielt werden.<\/em><\/span><\/p>\n<hr \/>\n<p><a href=\"http:\/\/www.editionlempfer.de\/?product=new-york-new-york-partitur\" target=\"_blank\"><strong>Extra-Partituren<\/strong><\/a><\/p>\n","protected":false},"featured_media":2623,"comment_status":"closed","ping_status":"closed","template":"","meta":[],"product_cat":[23,24,25],"product_tag":[],"_links":{"self":[{"href":"http:\/\/www.editionlempfer.de\/index.php?rest_route=\/wp\/v2\/product\/2619"}],"collection":[{"href":"http:\/\/www.editionlempfer.de\/index.php?rest_route=\/wp\/v2\/product"}],"about":[{"href":"http:\/\/www.editionlempfer.de\/index.php?rest_route=\/wp\/v2\/types\/product"}],"replies":[{"embeddable":true,"href":"http:\/\/www.editionlempfer.de\/index.php?rest_route=%2Fwp%2Fv2%2Fcomments&post=2619"}],"wp:featuredmedia":[{"embeddable":true,"href":"http:\/\/www.editionlempfer.de\/index.php?rest_route=\/wp\/v2\/media\/2623"}],"wp:attachment":[{"href":"http:\/\/www.editionlempfer.de\/index.php?rest_route=%2Fwp%2Fv2%2Fmedia&parent=2619"}],"wp:term":[{"taxonomy":"product_cat","embeddable":true,"href":"http:\/\/www.editionlempfer.de\/index.php?rest_route=%2Fwp%2Fv2%2Fproduct_cat&post=2619"},{"taxonomy":"product_tag","embeddable":true,"href":"http:\/\/www.editionlempfer.de\/index.php?rest_route=%2Fwp%2Fv2%2Fproduct_tag&post=2619"}],"curies":[{"name":"wp","href":"https:\/\/api.w.org\/{rel}","templated":true}]}}