{"id":2648,"date":"2016-07-08T01:16:28","date_gmt":"2016-07-07T23:16:28","guid":{"rendered":"http:\/\/www.editionlempfer.de\/?product=yosemity-tales"},"modified":"2018-05-16T09:46:20","modified_gmt":"2018-05-16T07:46:20","slug":"yosemity-tales","status":"publish","type":"product","link":"http:\/\/www.editionlempfer.de\/?product=yosemity-tales","title":{"rendered":"Yosemite Tales"},"content":{"rendered":"","protected":false},"excerpt":{"rendered":"<h6><span style=\"color: #808080;\">*Endpreis zzgl. Versandkosten, keine Ausweisung der Mehrwertsteuer gem\u00e4\u00df \u00a7 19 UStG<\/span><\/h6>\n<hr \/>\n<p><strong>Musik:<\/strong>\u00a0Tobias Lempfer<\/p>\n<hr \/>\n<p><em>Der Yosemite-Nationalpark am Rande der Sierra Nevada geh\u00f6rt &#8211; zumindest im Sommer &#8211; zu einem der sch\u00f6nsten Flecken, die unsere Welt zu bieten hat. Im Yosemite-Valley habe ich zum ersten Mal Mammutb\u00e4ume gesehen. Und einen jungen Braunb\u00e4ren, der v\u00f6llig unbeeindruckt direkt vor uns \u00fcber den Weg geschlendert ist. Mich hat diese Szene daf\u00fcr umso mehr beeindruckt&#8230;<\/em><\/p>\n<p><em>&#8222;Yosemite Tales&#8220; ist eine gro\u00dfe, abwechslungsreiche Komposition im mittleren Schwierigkeitsgrad. Das durchg\u00e4ngige Werk ist besonders f\u00fcr Konzerte und Wertungsspiele geeignet. Der Klang der Fl\u00f6ten steht im ruhigen Mittelteil im Fokus. Eingerahmt wird dieser Klangteil von lustigen Melodien und dramatischen Szenen, die rhythmisch mitrei\u00dfende Akzente setzen. Die &#8222;Yosemite Tales&#8220; sind in jeder Besetzung sehr wirkungsvoll.<\/em><\/p>\n<p><em>Stehen keine oder nur wenige Alt- und Bassfl\u00f6ten zur Verf\u00fcgung, wird durch erweiterten Einsatz \u00a0des Marimbas die Klangbalance aufrecht gehalten. Und damit auch bei kleineren Ensembles ein Gleichgewicht zwischen Fl\u00f6ten- und Schlagwerkklang herrscht, k\u00f6nnen Bongos und Toms weggelassen werden.<\/em><\/p>\n<p><em>\u00a0<\/em><\/p>\n<p><strong><em>SCHWIERIGKEITSGRAD: <\/em><\/strong><em>BDMV Kategorie 3<br \/>\n<\/em><\/p>\n<p><strong><em>DAUER: <\/em><\/strong><em>ca. 6&#8217;30 Minuten<br \/>\n<\/em><\/p>\n<hr \/>\n<p>Ein Klangbeispiel dieses Titels darf aus urheberrechtlichen Gr\u00fcnden leider nicht ver\u00f6ffentlich werden. Sie k\u00f6nnen gerne ein Demo unter kontakt [@] editionlempfer.de anfordern. Bitte die gew\u00fcnschte Besetzung angeben!<\/p>\n<hr \/>\n<ul>\n<li><strong>C-Besetzung:<\/strong> Piccolo 1\/2, Fl\u00f6te 1\/2\/3, Altfl\u00f6te in G (ad lib.), Bassfl\u00f6te (ad lib.), Kontrabassfl\u00f6te (ad lib.)<\/li>\n<li><strong>C\/B-Besetzung<\/strong>:\u00a0 Piccolo 1\/2, Sopran 1\/2, Fl\u00f6te 1\/2\/3, Altfl\u00f6te in G (ad lib.), Bassfl\u00f6te (ad lib.), Kontrabassfl\u00f6te (ad lib.)<\/li>\n<li><strong>Ces\/Fes-Besetzung:<\/strong> Sopran in Ces 1\/2\/3, Alt in Fes 1\/2, Tenor in Ces<\/li>\n<li><strong>B\/Es-Besetzung:<\/strong> Sopran in B 1\/2\/3, Alt in Es 1\/2, Tenor in B<\/li>\n<li><strong>Fl\u00f6tenorchester:<\/strong> Piccolo (solo), Fl\u00f6te solo\/1\/2\/3, Altfl\u00f6te in G, Bassfl\u00f6te, Kontrabassfl\u00f6te (ad lib.)<\/li>\n<\/ul>\n<ul>\n<li><strong>Stabspiele<\/strong>: Vibraphon (ad lib.) &amp; Glockenspiel, Marimba 2, Marimba (Bass) [3 Spieler] <em>[Vibraphon wird nur f\u00fcr wenige T\u00f6ne ben\u00f6tigt. Steht kein Vibra zur Verf\u00fcgung, k\u00f6nnen die T\u00f6ne auf Glockenspiel gespielt werden]<\/em><\/li>\n<li><strong>Schlagwerk:<\/strong> Pauken, Kleine Trommel, Bongos (ad lib.), Toms (ad lib.), Percussion 1 (Beatring), Percussion 2 (Shaker, Cabasa, Chimes, Tam-Tam), sus. Cymbals &amp; Ride, Becken\/Gro\u00dfe Trommel [7 Spieler+]<\/li>\n<\/ul>\n<p>&nbsp;<\/p>\n<p><span style=\"color: #6aa694;\"><em>Anmerkung: Es ist kein Bassmarimba erforderlich. Alle Kompositionen und Arrangements sind f\u00fcr ein Standard-4 \u2153-Oktaven-Marimba geschrieben. Sollten Marimba 1 und Marimba 2 besetzt sein, k\u00f6nnen die Stimmen ebenfalls auf einem 4 \u2153-Oktaven-Instrument gespielt werden.<\/em><\/span><\/p>\n<hr \/>\n<p><a href=\"http:\/\/www.editionlempfer.de\/?product=yosemity-tales-partitur\" target=\"_blank\" rel=\"noopener\"><strong>Extra-Partituren<\/strong><\/a><\/p>\n","protected":false},"featured_media":2699,"comment_status":"closed","ping_status":"closed","template":"","meta":[],"product_cat":[22,23],"product_tag":[],"_links":{"self":[{"href":"http:\/\/www.editionlempfer.de\/index.php?rest_route=\/wp\/v2\/product\/2648"}],"collection":[{"href":"http:\/\/www.editionlempfer.de\/index.php?rest_route=\/wp\/v2\/product"}],"about":[{"href":"http:\/\/www.editionlempfer.de\/index.php?rest_route=\/wp\/v2\/types\/product"}],"replies":[{"embeddable":true,"href":"http:\/\/www.editionlempfer.de\/index.php?rest_route=%2Fwp%2Fv2%2Fcomments&post=2648"}],"wp:featuredmedia":[{"embeddable":true,"href":"http:\/\/www.editionlempfer.de\/index.php?rest_route=\/wp\/v2\/media\/2699"}],"wp:attachment":[{"href":"http:\/\/www.editionlempfer.de\/index.php?rest_route=%2Fwp%2Fv2%2Fmedia&parent=2648"}],"wp:term":[{"taxonomy":"product_cat","embeddable":true,"href":"http:\/\/www.editionlempfer.de\/index.php?rest_route=%2Fwp%2Fv2%2Fproduct_cat&post=2648"},{"taxonomy":"product_tag","embeddable":true,"href":"http:\/\/www.editionlempfer.de\/index.php?rest_route=%2Fwp%2Fv2%2Fproduct_tag&post=2648"}],"curies":[{"name":"wp","href":"https:\/\/api.w.org\/{rel}","templated":true}]}}