{"id":2717,"date":"2016-07-31T01:04:10","date_gmt":"2016-07-30T23:04:10","guid":{"rendered":"http:\/\/www.editionlempfer.de\/?product=down-by-the-salley-gardens"},"modified":"2017-04-26T12:50:08","modified_gmt":"2017-04-26T10:50:08","slug":"down-by-the-salley-gardens","status":"publish","type":"product","link":"http:\/\/www.editionlempfer.de\/?product=down-by-the-salley-gardens","title":{"rendered":"Down by the Salley Gardens"},"content":{"rendered":"","protected":false},"excerpt":{"rendered":"<h6><span style=\"color: #808080;\">*Endpreis zzgl. Versandkosten, keine Ausweisung der Mehrwertsteuer gem\u00e4\u00df \u00a7 19 UStG<\/span><\/h6>\n<hr \/>\n<p><strong>Musik:<\/strong> traditionell irisch<\/p>\n<p><strong>Arrangement:<\/strong>\u00a0Tobias Lempfer<\/p>\n<hr \/>\n<p><em>Dieses wundersch\u00f6ne irische Lied begleitet mein Fl\u00f6tenleben schon eine ganze Weile. Die scheinbar schlichte Melodie flie\u00dft best\u00e4ndig und in ihrer deutlichen Struktur erreicht sie eine schimmernde Gr\u00f6\u00dfe, die nur schwer zu greifen ist. Denn letztlich besteht die Melodie aus nur zwei verschiedenen viertaktigen Phrasen, von denen eine gleich dreifach wiederholt wird. Doch die zweite Phrase weckt eine tiefe Sehnsucht, ein Verlangen, eine Erinnerung an Gl\u00fcck. Dieser melancholische Unterton des Liedes ber\u00fchrt tief im Inneren. Der Wirkung der &#8222;Salley Gardens&#8220; kann man sich einfach nicht entziehen!<\/em><\/p>\n<p><em>\u00a0<\/em><\/p>\n<p><em>Wegen der vielen Phrasenwiederholungen in der Melodie habe ich jeden Durchgang des Arrangements unterschiedlich angelegt. Im ersten Durchgang (T9-T24) wird die Melodie schlicht von der Fl\u00f6te 1 gespielt, begleitet zun\u00e4chst nur vom Bass. Nach und nach schleichen sich die \u00fcbrigen Fl\u00f6tenstimmen ein. Sie vervollst\u00e4ndigen sehr zur\u00fcckhaltend die harmonischen Bewegungen. Im zweiten Durchgang (T26-T42) spielen die begleitenden Stimmen mit sehr viel mehr Elan. Die kleinen Fl\u00f6ten setzen einen sch\u00f6nen Kontrapunkt zur Melodie. Der dritten Durchgang (T50 bis Ende), in ver\u00e4nderter Tonart, strahlt nun in voller Pracht<\/em><\/p>\n<p><em>Nach Belieben kann dieses Arrangement nur mit Fl\u00f6ten aufgef\u00fchrt werden (In Sandner-Besetzungen Fl\u00f6ten + Marimba).<\/em><\/p>\n<p>&nbsp;<\/p>\n<p><strong><em>SCHWIERIGKEITSGRAD: <\/em><\/strong><em>BDMV Kategorie 2<br \/>\n<\/em><\/p>\n<p><strong><em>DAUER: <\/em><\/strong><em>ca. 3&#8217;30 Minuten<br \/>\n<\/em><\/p>\n<hr \/>\n<p>Klangbeispiel C- und C\/B-Besetzung<\/p>\n[audio mp3=\"http:\/\/www.editionlempfer.de\/wp-content\/uploads\/2016\/07\/Down-by-the-Salley-Gardens-C-CB-Demo.mp3\"][\/audio]\n<p>Klangbeispiel Ces\/Fes-Besetzung<\/p>\n[audio mp3=\"http:\/\/www.editionlempfer.de\/wp-content\/uploads\/2016\/07\/Down-by-the-Salley-Gardens-CesFes-Demo.mp3\"][\/audio]\n<p>Klangbeispiel Fl\u00f6tenorchester<\/p>\n[audio mp3=\"http:\/\/www.editionlempfer.de\/wp-content\/uploads\/2016\/07\/Down-by-the-Salley-Gardens-FO-Demo.mp3\"][\/audio]\n<hr \/>\n<ul>\n<li><strong>C-Besetzung:<\/strong> Piccolo 1\/2, Fl\u00f6te 1\/2\/3, Altfl\u00f6te in G (ad lib.), Bassfl\u00f6te (ad lib.), Kontrabassfl\u00f6te (ad lib.)<\/li>\n<li><strong>C\/B-Besetzung<\/strong>:\u00a0 Piccolo 1\/2, Sopran 1\/2, Fl\u00f6te 1\/2\/3, Altfl\u00f6te in G (ad lib.), Bassfl\u00f6te (ad lib.), Kontrabassfl\u00f6te (ad lib.)<\/li>\n<li><strong>Ces\/Fes-Besetzung:<\/strong> Sopran in Ces 1\/2, Alt in Fes 1\/2, Tenor in Ces<\/li>\n<li><strong>B\/Es-Besetzung:<\/strong> Sopran in B 1\/2, Alt in Es 1\/2, Tenor in B<\/li>\n<li><strong>Fl\u00f6tenorchester:<\/strong> Piccolo (solo), Fl\u00f6te 1\/2\/3, Altfl\u00f6te in G, Bassfl\u00f6te, Kontrabassfl\u00f6te (ad lib.)<\/li>\n<\/ul>\n<ul>\n<li><strong>Stabspiele<\/strong>: Glockenspiel (ad lib.), Marimba (ad lib.) [0 Spieler+] [f\u00fcr Sandner-Besetzung 1 Spieler +)<\/li>\n<li><strong>Schlagwerk:<\/strong> Pauken (ad lib.), Kleine Trommel (ad lib.), Congas oder Bongos (ad lib.), Shaker (ad lib.), Chimes &amp; Beatring (ad lib.), sus. Cymbals\/Gro\u00dfe Trommel (ad lib.) [0 Spieler+]<\/li>\n<\/ul>\n<p>&nbsp;<\/p>\n<p><span style=\"color: #6aa694;\"><em>Anmerkung: Es ist kein Bassmarimba erforderlich. Alle Kompositionen und Arrangements sind f\u00fcr ein Standard-4 \u2153-Oktaven-Marimba geschrieben. Sollten Marimba 1 und Marimba 2 besetzt sein, k\u00f6nnen die Stimmen ebenfalls auf einem 4 \u2153-Oktaven-Instrument gespielt werden.<\/em><\/span><\/p>\n<hr \/>\n<p><a href=\"http:\/\/www.editionlempfer.de\/?product=down-by-the-salley-gardens-partitur\" target=\"_blank\"><strong>Extra-Partituren<\/strong><\/a><\/p>\n","protected":false},"featured_media":2728,"comment_status":"closed","ping_status":"closed","template":"","meta":[],"product_cat":[23,21],"product_tag":[],"_links":{"self":[{"href":"http:\/\/www.editionlempfer.de\/index.php?rest_route=\/wp\/v2\/product\/2717"}],"collection":[{"href":"http:\/\/www.editionlempfer.de\/index.php?rest_route=\/wp\/v2\/product"}],"about":[{"href":"http:\/\/www.editionlempfer.de\/index.php?rest_route=\/wp\/v2\/types\/product"}],"replies":[{"embeddable":true,"href":"http:\/\/www.editionlempfer.de\/index.php?rest_route=%2Fwp%2Fv2%2Fcomments&post=2717"}],"wp:featuredmedia":[{"embeddable":true,"href":"http:\/\/www.editionlempfer.de\/index.php?rest_route=\/wp\/v2\/media\/2728"}],"wp:attachment":[{"href":"http:\/\/www.editionlempfer.de\/index.php?rest_route=%2Fwp%2Fv2%2Fmedia&parent=2717"}],"wp:term":[{"taxonomy":"product_cat","embeddable":true,"href":"http:\/\/www.editionlempfer.de\/index.php?rest_route=%2Fwp%2Fv2%2Fproduct_cat&post=2717"},{"taxonomy":"product_tag","embeddable":true,"href":"http:\/\/www.editionlempfer.de\/index.php?rest_route=%2Fwp%2Fv2%2Fproduct_tag&post=2717"}],"curies":[{"name":"wp","href":"https:\/\/api.w.org\/{rel}","templated":true}]}}