{"id":2836,"date":"2016-10-26T12:50:19","date_gmt":"2016-10-26T10:50:19","guid":{"rendered":"http:\/\/www.editionlempfer.de\/?product=spielbuch-leistungsstufe-d3-gold"},"modified":"2018-11-05T10:57:10","modified_gmt":"2018-11-05T08:57:10","slug":"spielbuch-leistungsstufe-d3-gold","status":"publish","type":"product","link":"http:\/\/www.editionlempfer.de\/?product=spielbuch-leistungsstufe-d3-gold","title":{"rendered":"Spielbuch Leistungsstufe D3"},"content":{"rendered":"","protected":false},"excerpt":{"rendered":"<h6><span style=\"color: #808080;\">*Endpreis zzgl. Versandkosten, keine Ausweisung der Mehrwertsteuer gem\u00e4\u00df \u00a7 19 UStG<\/span><\/h6>\n<hr \/>\n<p><strong>Erweiterte Neuauflage<br \/>\n<\/strong><\/p>\n<p><strong><span style=\"color: #f00e30;\"><em><span style=\"color: #ff0000;\">Die Spielb\u00fccher werden in den kommenden Wochen gedruckt und sind dann als Einzelhefte erh\u00e4ltlich. Sollte bis dahin dringender Bedarf bestehen, schreiben Sie mir bitte eine e-Mail an kontakt [@] editionlempfer.de.<\/span><\/em><\/span><\/strong><\/p>\n<hr \/>\n<p><em>Die Spielb\u00fccher f\u00fcr Sandnerfl\u00f6ten in neuer, aktualisierter Ausgabe sind angepasst an die neuen Richtlinien (Herbst 2016) f\u00fcr die D-Leistungslehrg\u00e4nge im Nieders\u00e4chsischen Turnerbund (NTB). <\/em><\/p>\n<p><em>Das D3-Buch ist in f\u00fcnf Kategorien eingeteilt und bietet auf 44 Seiten eine gr\u00f6\u00dfere Sammlung von Pflicht- und Selbstwahlst\u00fccken:<\/em><\/p>\n<p><em>A &#8211; Et\u00fcden<\/em><\/p>\n<p><em>B &#8211; Ernste Musik<\/em><\/p>\n<p><em>C &#8211; Popul\u00e4re und traditionelle Musik<\/em><\/p>\n<p><em>D &#8211; Duette<\/em><\/p>\n<p><em>E &#8211; Dur-Tonleitern und Dreikl\u00e4nge<\/em><\/p>\n<p><em>Die alten Pflichtst\u00fccke sind weiterhin enthalten. <\/em><\/p>\n<hr \/>\n<p>&nbsp;<\/p>\n","protected":false},"featured_media":2842,"comment_status":"closed","ping_status":"closed","template":"","meta":[],"product_cat":[36],"product_tag":[],"_links":{"self":[{"href":"http:\/\/www.editionlempfer.de\/index.php?rest_route=\/wp\/v2\/product\/2836"}],"collection":[{"href":"http:\/\/www.editionlempfer.de\/index.php?rest_route=\/wp\/v2\/product"}],"about":[{"href":"http:\/\/www.editionlempfer.de\/index.php?rest_route=\/wp\/v2\/types\/product"}],"replies":[{"embeddable":true,"href":"http:\/\/www.editionlempfer.de\/index.php?rest_route=%2Fwp%2Fv2%2Fcomments&post=2836"}],"wp:featuredmedia":[{"embeddable":true,"href":"http:\/\/www.editionlempfer.de\/index.php?rest_route=\/wp\/v2\/media\/2842"}],"wp:attachment":[{"href":"http:\/\/www.editionlempfer.de\/index.php?rest_route=%2Fwp%2Fv2%2Fmedia&parent=2836"}],"wp:term":[{"taxonomy":"product_cat","embeddable":true,"href":"http:\/\/www.editionlempfer.de\/index.php?rest_route=%2Fwp%2Fv2%2Fproduct_cat&post=2836"},{"taxonomy":"product_tag","embeddable":true,"href":"http:\/\/www.editionlempfer.de\/index.php?rest_route=%2Fwp%2Fv2%2Fproduct_tag&post=2836"}],"curies":[{"name":"wp","href":"https:\/\/api.w.org\/{rel}","templated":true}]}}