{"id":2892,"date":"2016-12-29T12:17:50","date_gmt":"2016-12-29T10:17:50","guid":{"rendered":"http:\/\/www.editionlempfer.de\/?product=helenenmarsch"},"modified":"2017-01-05T17:14:09","modified_gmt":"2017-01-05T15:14:09","slug":"helenenmarsch","status":"publish","type":"product","link":"http:\/\/www.editionlempfer.de\/?product=helenenmarsch","title":{"rendered":"Helenenmarsch"},"content":{"rendered":"","protected":false},"excerpt":{"rendered":"<h6><span style=\"color: #808080;\">*Endpreis zzgl. Versandkosten, keine Ausweisung der Mehrwertsteuer gem\u00e4\u00df \u00a7 19 UStG<\/span><\/h6>\n<hr \/>\n<p><strong>Musik:<\/strong> Friedrich L\u00fcbbert<\/p>\n<p><strong>Arrangement:<\/strong>\u00a0Tobias Lempfer<\/p>\n<hr \/>\n<p><em>Der Helenenmarsch, ein schmissiger preu\u00dfischer Armeemarsch aus der Feder von Friedrich L\u00fcbbert, ist ein gern gespielter Marsch. Er ist auch als\u00a0 &#8222;Opa-Hoppenstedt-Marsch&#8220; bekannt, seitdem Loriot diesen Marsch in dem gnadenlos sarkastischen Weihnachtssketch rund um die Familie Hoppenstedt nutzt. So f\u00fcgt sich dieser Marsch nicht nur in traditionelle, sondern auch &#8218;augenzwinkernd&#8216; in viele moderne Konzertprogramme ein.<\/em><\/p>\n<p><em>\u00a0*Um dem Tonumfang der Sopranfl\u00f6ten gerecht zu werden, steht die Ausgabe f\u00fcr C\/B-Besetzung in einer anderen Tonart als die Ausgabe f\u00fcr C-Besetzung!<br \/>\n<\/em><\/p>\n<p>&nbsp;<\/p>\n<p><strong><em>SCHWIERIGKEITSGRAD: <\/em><\/strong><em>Kategorie 2<br \/>\n<\/em><\/p>\n<p><strong><em>DAUER: <\/em><\/strong><em>ca. 3&#8217;30 Minuten<br \/>\n<\/em><\/p>\n<hr \/>\n<p>Demo f\u00fcr C-Besetzung<\/p>\n[audio mp3=\"http:\/\/www.editionlempfer.de\/wp-content\/uploads\/2016\/12\/Helenenmarsch-C-Demo.mp3\"][\/audio]\n<p>Demo f\u00fcr C\/B-Besetzung*<\/p>\n[audio mp3=\"http:\/\/www.editionlempfer.de\/wp-content\/uploads\/2016\/12\/Helenenmarsch-CB-Demo.mp3\"][\/audio]\n<p>Demo f\u00fcr Ces\/Fes-Besetzung<\/p>\n[audio mp3=\"http:\/\/www.editionlempfer.de\/wp-content\/uploads\/2016\/12\/Helenenmarsch-CesFes-Demo.mp3\"][\/audio]\n<p>Demo f\u00fcr Fl\u00f6tenorchester<\/p>\n[audio mp3=\"http:\/\/www.editionlempfer.de\/wp-content\/uploads\/2016\/12\/Helenenmarsch-FO-Demo.mp3\"][\/audio]\n<hr \/>\n<ul>\n<li><strong>C-Besetzung:<\/strong> Piccolo 1\/2, Fl\u00f6te 1\/2\/3, Altfl\u00f6te in G (ad lib.), Bassfl\u00f6te (ad lib.), Kontrabassfl\u00f6te (ad lib.)<\/li>\n<li><strong>C\/B-Besetzung*<\/strong>:\u00a0 Piccolo 1\/2, Sopran 1\/2, Fl\u00f6te 1\/2\/3, Altfl\u00f6te in G (ad lib.), Bassfl\u00f6te (ad lib.), Kontrabassfl\u00f6te (ad lib.)<\/li>\n<li><strong>Ces\/Fes-Besetzung:<\/strong> Sopran in Ces 1\/2\/3, Alt in Fes, Tenor in Ces<\/li>\n<li><strong>B\/Es-Besetzung:<\/strong> Sopran in B 1\/2\/3, Alt in Es, Tenor in B<\/li>\n<li><strong>Fl\u00f6tenorchester:<\/strong> Piccolo (solo), Fl\u00f6te solo\/1\/2\/3, Altfl\u00f6te in G, Bassfl\u00f6te, Kontrabassfl\u00f6te (ad lib.)<\/li>\n<\/ul>\n<ul>\n<li><strong>Stabspiele<\/strong>: Glockenspiel, Marimba 2 (ad lib.), Marimba (Bass) (ad lib.) [1 Spieler+]<\/li>\n<li><strong>Schlagwerk:<\/strong> Pauken (ad lib.), Kleine Trommel, Becken\/Gro\u00dfe Trommel [3 Spieler+]<\/li>\n<\/ul>\n<p>&nbsp;<\/p>\n<p><span style=\"color: #6aa694;\"><em>Anmerkung: Es ist kein Bassmarimba erforderlich. Alle Kompositionen und Arrangements sind f\u00fcr ein Standard-4 \u2153-Oktaven-Marimba geschrieben. Sollten Marimba 1 und Marimba 2 besetzt sein, k\u00f6nnen die Stimmen ebenfalls auf einem 4 \u2153-Oktaven-Instrument gespielt werden.<\/em><\/span><\/p>\n<hr \/>\n<p><a href=\"http:\/\/www.editionlempfer.de\/?product=helenenmarsch-partitur\"><strong>Extra-Partituren<\/strong><\/a><\/p>\n","protected":false},"featured_media":2901,"comment_status":"closed","ping_status":"closed","template":"","meta":[],"product_cat":[21],"product_tag":[],"_links":{"self":[{"href":"http:\/\/www.editionlempfer.de\/index.php?rest_route=\/wp\/v2\/product\/2892"}],"collection":[{"href":"http:\/\/www.editionlempfer.de\/index.php?rest_route=\/wp\/v2\/product"}],"about":[{"href":"http:\/\/www.editionlempfer.de\/index.php?rest_route=\/wp\/v2\/types\/product"}],"replies":[{"embeddable":true,"href":"http:\/\/www.editionlempfer.de\/index.php?rest_route=%2Fwp%2Fv2%2Fcomments&post=2892"}],"wp:featuredmedia":[{"embeddable":true,"href":"http:\/\/www.editionlempfer.de\/index.php?rest_route=\/wp\/v2\/media\/2901"}],"wp:attachment":[{"href":"http:\/\/www.editionlempfer.de\/index.php?rest_route=%2Fwp%2Fv2%2Fmedia&parent=2892"}],"wp:term":[{"taxonomy":"product_cat","embeddable":true,"href":"http:\/\/www.editionlempfer.de\/index.php?rest_route=%2Fwp%2Fv2%2Fproduct_cat&post=2892"},{"taxonomy":"product_tag","embeddable":true,"href":"http:\/\/www.editionlempfer.de\/index.php?rest_route=%2Fwp%2Fv2%2Fproduct_tag&post=2892"}],"curies":[{"name":"wp","href":"https:\/\/api.w.org\/{rel}","templated":true}]}}