{"id":3023,"date":"2017-06-26T20:41:06","date_gmt":"2017-06-26T18:41:06","guid":{"rendered":"http:\/\/www.editionlempfer.de\/?post_type=product&#038;p=3023"},"modified":"2018-02-07T21:34:28","modified_gmt":"2018-02-07T19:34:28","slug":"a-londonderry-air","status":"publish","type":"product","link":"http:\/\/www.editionlempfer.de\/?product=a-londonderry-air","title":{"rendered":"A Londonderry Air"},"content":{"rendered":"","protected":false},"excerpt":{"rendered":"<h6><span style=\"color: #808080;\">*Endpreis zzgl. Versandkosten, keine Ausweisung der Mehrwertsteuer gem\u00e4\u00df \u00a7 19 UStG<\/span><\/h6>\n<hr \/>\n<p><strong>Musik:<\/strong> traditionell<\/p>\n<p><strong>Arrangement:<\/strong>\u00a0Tobias Lempfer<\/p>\n<p><em>Manche Melodien werden zum Lebensbegleiter, so auch das irische &#8222;A Londonderry Air&#8220;. Die wunderbare Melodie wird im ersten Durchgang sehr reduziert begleitet, die warmen und weichen Fl\u00f6tenkl\u00e4nge stehen im Vordergrund. Im zweiten Durchgang liegt die Melodie H\u00f6her, die Begleitung wird viel kontrastreicher. Insgesamt ist dieses Arrangement auf den gro\u00dfen Effekt ausgelegt, um das Publikum zu begeistern.<\/em><\/p>\n<p><em>Das Arrangement von &#8222;A Londonderry Air&#8220; bietet flexible Besetzungsm\u00f6glichkeiten an. Neben der Interpretation mit dem ganzen Orchester kann das Werk auch ganz ohne Schlagwerk oder mit Fl\u00f6ten und Mallets aufgef\u00fchrt werden. Ebenso ist eine kammermusikalische Auff\u00fchrung mit solistisch besetzten Fl\u00f6tenstimmen problemlos realisierbar.<\/em><\/p>\n<hr \/>\n<p><strong><em>SCHWIERIGKEITSGRAD: <\/em><\/strong><em>Kategorie 2 (BDMV)<br \/>\n<\/em><\/p>\n<p><strong><em>DAUER: <\/em><\/strong><em>ca. 3&#8217;15 Minuten<br \/>\n<\/em><\/p>\n<hr \/>\n<p>Klangbeispiel C- und C\/B-Besetzung<\/p>\n[audio mp3=\"http:\/\/www.editionlempfer.de\/wp-content\/uploads\/2017\/06\/A-Londonderry-Air-C-CB-Demo.mp3\"][\/audio]\n<p>Klangbeispiel Ces\/Fes-Besetzung<\/p>\n[audio mp3=\"http:\/\/www.editionlempfer.de\/wp-content\/uploads\/2017\/06\/A-Londonderry-Air-CesFes-Demo.mp3\"][\/audio]\n<p>Klangbeispiel Fl\u00f6tenorchester<\/p>\n[audio mp3=\"http:\/\/www.editionlempfer.de\/wp-content\/uploads\/2017\/06\/A-Londonderry-Air-FO-Demo.mp3\"][\/audio]\n<hr \/>\n<ul>\n<li><strong>C-Besetzung:<\/strong> Piccolo 1\/2, Fl\u00f6te Solo\/1\/2\/3, Altfl\u00f6te in G (ad lib.), Bassfl\u00f6te (ad lib.), Kontrabassfl\u00f6te (ad lib.)<\/li>\n<li><strong>C\/B-Besetzung<\/strong>:\u00a0 Piccolo 1\/2, Sopran 1\/2, Fl\u00f6te Solo\/1\/2\/3, Altfl\u00f6te in G (ad lib.), Bassfl\u00f6te (ad lib.), Kontrabassfl\u00f6te (ad lib.)<\/li>\n<li><strong>Ces\/Fes-Besetzung:<\/strong> Sopran in Ces 1\/2\/3, Alt in Fes 1\/2, Tenor in Ces<\/li>\n<li><strong>B\/Es-Besetzung:<\/strong> Sopran in B 1\/2\/3, Alt in Es 1\/2, Tenor in B<\/li>\n<li><strong>Fl\u00f6tenorchester:<\/strong> Piccolo (solo), Fl\u00f6te solo\/1\/2\/3\/4, Altfl\u00f6te in G, Bassfl\u00f6te, Kontrabassfl\u00f6te (ad lib.)<\/li>\n<\/ul>\n<p>&nbsp;<\/p>\n<ul>\n<li><strong>Stabspiele (ad lib.)<\/strong>: Glockenspiel, Marimba [2 Spieler max.]<\/li>\n<li><strong>Schlagwerk (ad lib.):<\/strong> Pauken, Kleine Trommel, Tenortrommel (oder kleine Trommel off), Becken\/Gro\u00dfe Trommel [5 Spieler max.]<\/li>\n<\/ul>\n<p>&nbsp;<\/p>\n<hr \/>\n<p><strong>Extra-Partituren<\/strong><\/p>\n","protected":false},"featured_media":3025,"comment_status":"closed","ping_status":"closed","template":"","meta":[],"product_cat":[23,21,26,27],"product_tag":[],"_links":{"self":[{"href":"http:\/\/www.editionlempfer.de\/index.php?rest_route=\/wp\/v2\/product\/3023"}],"collection":[{"href":"http:\/\/www.editionlempfer.de\/index.php?rest_route=\/wp\/v2\/product"}],"about":[{"href":"http:\/\/www.editionlempfer.de\/index.php?rest_route=\/wp\/v2\/types\/product"}],"replies":[{"embeddable":true,"href":"http:\/\/www.editionlempfer.de\/index.php?rest_route=%2Fwp%2Fv2%2Fcomments&post=3023"}],"wp:featuredmedia":[{"embeddable":true,"href":"http:\/\/www.editionlempfer.de\/index.php?rest_route=\/wp\/v2\/media\/3025"}],"wp:attachment":[{"href":"http:\/\/www.editionlempfer.de\/index.php?rest_route=%2Fwp%2Fv2%2Fmedia&parent=3023"}],"wp:term":[{"taxonomy":"product_cat","embeddable":true,"href":"http:\/\/www.editionlempfer.de\/index.php?rest_route=%2Fwp%2Fv2%2Fproduct_cat&post=3023"},{"taxonomy":"product_tag","embeddable":true,"href":"http:\/\/www.editionlempfer.de\/index.php?rest_route=%2Fwp%2Fv2%2Fproduct_tag&post=3023"}],"curies":[{"name":"wp","href":"https:\/\/api.w.org\/{rel}","templated":true}]}}