{"id":3121,"date":"2018-04-28T08:30:14","date_gmt":"2018-04-28T06:30:14","guid":{"rendered":"http:\/\/www.editionlempfer.de\/?post_type=product&#038;p=3121"},"modified":"2018-04-30T09:26:28","modified_gmt":"2018-04-30T07:26:28","slug":"drachenflug","status":"publish","type":"product","link":"http:\/\/www.editionlempfer.de\/?product=drachenflug","title":{"rendered":"Drachenflug"},"content":{"rendered":"","protected":false},"excerpt":{"rendered":"<h6><span style=\"color: #808080;\">*Endpreis zzgl. Versandkosten, keine Ausweisung der Mehrwertsteuer gem\u00e4\u00df \u00a7 19 UStG<\/span><\/h6>\n<hr \/>\n<p><strong>Musik:<\/strong>\u00a0Tobias Lempfer<\/p>\n<hr \/>\n<p><em>Der &#8222;Drachenflug&#8220; ist der Siegertitel des Kompositionswettbewerbs 2017\/2018 vom Volksmusikerbund NRW e.V.. Die Besetzung ist sehr flexibel, so k\u00f6nnen Alt- und Bassfl\u00f6ten sowie Marimbaphon, Xylophon und Pauken k\u00f6nnen problemlos weggelassen werden. Die Glockenspiel-Stimme kann auf Lyra gespielt werden. Das Werk eignet sich f\u00fcr jede Fl\u00f6tenstimmung und jede Besetzungsgr\u00f6\u00dfe! Deshalb ist der &#8222;Drachenflug&#8220; ideal, um in Wertungsspielen eine Vergleichbarkeit unterschiedlichster Besetzungen zu schaffen. Gleichzeitig ist das Werk sehr publikumswirksam.<\/em><\/p>\n<p><em>In der asiatischen Mythologie sind Drachen fest mit dem Schicksal von Menschen verbunden. Es gibt sie \u00fcberall, im Wasser, im Feuer, in der Luft. All diese verschiedenen Drachen greift die Komposition auf. Der Gedanke an eine positive Zukunft steht dabei im Mittelpunkt des Werkes. Rhythmisch harte Teile kontrastieren mit weichen, elegischen Bewegungen, die einen gro\u00dfen Fl\u00f6tenklang zur Geltung bringen. Das exotische Werk bietet dabei einige Herausforderungen an die Musiker, bleibt aber immer in einem gem\u00e4\u00dfigten Schwierigkeitsgrad. Eine wirklich exotisch klingende Bereicherung im Konzertprogramm!<br \/>\n<\/em><\/p>\n<p>&nbsp;<\/p>\n<p><strong><em>SCHWIERIGKEITSGRAD: <\/em><\/strong><em>Kategorie 3 (BDMV)<br \/>\n<\/em><\/p>\n<p><strong><em>DAUER: <\/em><\/strong><em>ca. 6&#8217;00 Minuten<br \/>\n<\/em><\/p>\n<hr \/>\n<p>Demo C- und C\/B-Besetzung<\/p>\n[audio mp3=\"http:\/\/www.editionlempfer.de\/wp-content\/uploads\/2018\/01\/Drachenflug-C-CB-Demo.mp3\"][\/audio]\n<p>Demo Ces\/Fes-Besetzung<\/p>\n[audio mp3=\"http:\/\/www.editionlempfer.de\/wp-content\/uploads\/2018\/01\/Drachenflug-CesFes-Demo.mp3\"][\/audio]\n<p>Demo Fl\u00f6tenorchester<\/p>\n[audio mp3=\"http:\/\/www.editionlempfer.de\/wp-content\/uploads\/2018\/01\/Drachenflug-FO-Demo.mp3\"][\/audio]\n<hr \/>\n<p><em><strong>Fl\u00f6tenstimmen nach Besetzungsform<\/strong><\/em><\/p>\n<ul>\n<li><strong>C-Besetzung:<\/strong> Piccolo 1\/2, Fl\u00f6te 1\/2\/3, Altfl\u00f6te in G (ad lib.), Bassfl\u00f6te (ad lib.), Kontrabassfl\u00f6te (ad lib.<\/li>\n<li><strong>C\/B-Besetzung<\/strong>: Piccolo 1\/2, Sopran 1\/2, Fl\u00f6te 1\/2\/3, Altfl\u00f6te in G (ad lib.), Bassfl\u00f6te (ad lib.), Kontrabassfl\u00f6te (ad lib.)<\/li>\n<li><strong>Ces\/Fes-Besetzung:<\/strong> Sopran in Ces 1\/2, Alt in Fes 1\/2, Tenor in Ces<\/li>\n<li><strong>B\/Es-Besetzung:<\/strong> Sopran in B 1\/2, Alt in Es 1\/2, Tenor in B<\/li>\n<li><strong>Fl\u00f6tenorchester:<\/strong> Piccolo (Solo), Fl\u00f6te Solo\/1\/2\/3\/4, Altfl\u00f6te in G, Bassfl\u00f6te, Kontrabassfl\u00f6te (ad lib.)<\/li>\n<\/ul>\n<p><em><strong>Schlagwerk<br \/>\n<\/strong><\/em><\/p>\n<ul>\n<li><strong>Stabspiele<\/strong>: Glockenspiel (oder Lyra), Xylophon (ad lib.), Marimba (ad lib.) [1 Spieler+]<\/li>\n<li><strong>Schlagwerk:<\/strong> Pauken (ad lib.),Kleine Trommel, Toms (oder Tenortrommel oder Kl.Trommel off) (ad lib.), Percussion (ad lib.: Tam-tam, Woodblock, Triangel), Gro\u00dfe Trommel &amp; Becken [3 Spieler+]<\/li>\n<\/ul>\n<hr \/>\n<p><a href=\"http:\/\/www.editionlempfer.de\/?product=drachenflug-partitur\"><strong>Extra-Partituren<\/strong><\/a><\/p>\n","protected":false},"featured_media":3217,"comment_status":"closed","ping_status":"closed","template":"","meta":[],"product_cat":[22],"product_tag":[],"_links":{"self":[{"href":"http:\/\/www.editionlempfer.de\/index.php?rest_route=\/wp\/v2\/product\/3121"}],"collection":[{"href":"http:\/\/www.editionlempfer.de\/index.php?rest_route=\/wp\/v2\/product"}],"about":[{"href":"http:\/\/www.editionlempfer.de\/index.php?rest_route=\/wp\/v2\/types\/product"}],"replies":[{"embeddable":true,"href":"http:\/\/www.editionlempfer.de\/index.php?rest_route=%2Fwp%2Fv2%2Fcomments&post=3121"}],"wp:featuredmedia":[{"embeddable":true,"href":"http:\/\/www.editionlempfer.de\/index.php?rest_route=\/wp\/v2\/media\/3217"}],"wp:attachment":[{"href":"http:\/\/www.editionlempfer.de\/index.php?rest_route=%2Fwp%2Fv2%2Fmedia&parent=3121"}],"wp:term":[{"taxonomy":"product_cat","embeddable":true,"href":"http:\/\/www.editionlempfer.de\/index.php?rest_route=%2Fwp%2Fv2%2Fproduct_cat&post=3121"},{"taxonomy":"product_tag","embeddable":true,"href":"http:\/\/www.editionlempfer.de\/index.php?rest_route=%2Fwp%2Fv2%2Fproduct_tag&post=3121"}],"curies":[{"name":"wp","href":"https:\/\/api.w.org\/{rel}","templated":true}]}}