{"id":3267,"date":"2018-05-16T08:38:02","date_gmt":"2018-05-16T06:38:02","guid":{"rendered":"http:\/\/www.editionlempfer.de\/?post_type=product&#038;p=3267"},"modified":"2019-11-17T21:41:28","modified_gmt":"2019-11-17T19:41:28","slug":"poem-no-words","status":"publish","type":"product","link":"http:\/\/www.editionlempfer.de\/?product=poem-no-words","title":{"rendered":"Poem. No Words."},"content":{"rendered":"","protected":false},"excerpt":{"rendered":"<h6><span style=\"color: #808080;\">*Endpreis zzgl. Versandkosten, keine Ausweisung der Mehrwertsteuer gem\u00e4\u00df \u00a7 19 UStG<\/span><\/h6>\n<hr \/>\n<p><strong>Musik:<\/strong>\u00a0Tobias Lempfer<\/p>\n<hr \/>\n<p><em>Ich habe mit diesem Werk eine Mischung aus popularmusikalischen Stilen und anspruchsvoller Komposition geschaffen. Der Titel zeigt eine Parallele der Komposition zu den verschiedenen Versma\u00dfen der Lyrik auf. Die Hauptmelodie erscheint in vielerlei Gestalt, mal ruhig, mal beschwingt, in geradem und unregelm\u00e4\u00dfigen Beats, ebenso in Dur wie in Moll. Bei diesen vielen Wandlungen verliert sich die Melodie in erg\u00e4nzenden Kadenzen, es ergeben sich neue Bilder, die wiederum zur Hauptmelodie zur\u00fcckf\u00fchren. \u00c4hnlich einem Sonett schlie\u00dft sich als Finale eine neues Versma\u00df bzw. ein abschlie\u00dfender Gedanke an: ein Rock&#8217;n&#8217;Roll beendet das Werk.<\/em><\/p>\n<p><em>Das Drumset und die Marimba-Stimmen tragen den Groove des Werkes. Die Alt- und Bassfl\u00f6ten werden als eigenst\u00e4ndiges Register gleichberechtigt zu den Fl\u00f6ten eingesetzt.<\/em><\/p>\n<p>&nbsp;<\/p>\n<p><strong><em>SCHWIERIGKEITSGRAD: <\/em><\/strong><em>BDMV Kategorie 4 (BDMV)<br \/>\n<\/em><\/p>\n<p><strong><em>DAUER: <\/em><\/strong><em>ca. 7&#8217;10 Minuten<br \/>\n<\/em><\/p>\n<hr \/>\n<p><em><strong>Video-Demo Fl\u00f6tenorchester<\/strong><\/em><\/p>\n<p><a href=\"http:\/\/www.editionlempfer.de\/wp-content\/uploads\/2018\/05\/Poem-No-Words-FO.wmv\">Poem. No Words. -DEMO &#8211; Fl\u00f6tenorchester<\/a><\/p>\n<hr \/>\n<p><em><strong>Fl\u00f6tenstimmen nach Besetzungsform<\/strong><\/em><\/p>\n<ul>\n<li><strong>Fl\u00f6tenorchester:<\/strong> Piccolo (solo), Fl\u00f6te \u00a0solo\/1\/2\/3, Altfl\u00f6te in G 1\/2, Bassfl\u00f6te, Kontrabassfl\u00f6te (ad lib.) <em>[Altfl\u00f6te 1 kann alternativ als Fl\u00f6te 4 gespielt werden, die Stimme liegt bei]<\/em><\/li>\n<\/ul>\n<p><em><strong>Schlagwerk f\u00fcr alle Besetzungen<\/strong><\/em><\/p>\n<ul>\n<li><strong>Stabspiele<\/strong>:Glockenspiel, Vibraphon, Marimba 1\/Xylophon, Marimba 2 [4 Spieler]<\/li>\n<li><strong>Schlagwerk:<\/strong> Pauken, Drumset, Congas, Becken\/Gro\u00dfe Trommel, Percussion 1 (Chimes, Beatring), Percussion 2 (Regenstab, Shaker, Cabasa, Triangel), Percussion 3 ad lib. (Bongos, Triangel) [7 Spieler+]<\/li>\n<\/ul>\n<p><span style=\"color: #6aa694;\"><em>Anmerkung: Es ist kein Bassmarimba erforderlich. Alle Kompositionen und Arrangements sind f\u00fcr ein Standard-4 \u2153-Oktaven-Marimba geschrieben. Sollten Marimba 1 und Marimba 2 besetzt sein, k\u00f6nnen die Stimmen ebenfalls auf einem 4 \u2153-Oktaven-Instrument gespielt werden.<\/em><\/span><\/p>\n<hr \/>\n<p><a href=\"http:\/\/www.editionlempfer.de\/?product=poem-no-words-partitur\" target=\"_blank\" rel=\"noopener noreferrer\"><strong>Extra-Partituren<\/strong><\/a><\/p>\n","protected":false},"featured_media":3269,"comment_status":"closed","ping_status":"closed","template":"","meta":[],"product_cat":[22],"product_tag":[],"_links":{"self":[{"href":"http:\/\/www.editionlempfer.de\/index.php?rest_route=\/wp\/v2\/product\/3267"}],"collection":[{"href":"http:\/\/www.editionlempfer.de\/index.php?rest_route=\/wp\/v2\/product"}],"about":[{"href":"http:\/\/www.editionlempfer.de\/index.php?rest_route=\/wp\/v2\/types\/product"}],"replies":[{"embeddable":true,"href":"http:\/\/www.editionlempfer.de\/index.php?rest_route=%2Fwp%2Fv2%2Fcomments&post=3267"}],"wp:featuredmedia":[{"embeddable":true,"href":"http:\/\/www.editionlempfer.de\/index.php?rest_route=\/wp\/v2\/media\/3269"}],"wp:attachment":[{"href":"http:\/\/www.editionlempfer.de\/index.php?rest_route=%2Fwp%2Fv2%2Fmedia&parent=3267"}],"wp:term":[{"taxonomy":"product_cat","embeddable":true,"href":"http:\/\/www.editionlempfer.de\/index.php?rest_route=%2Fwp%2Fv2%2Fproduct_cat&post=3267"},{"taxonomy":"product_tag","embeddable":true,"href":"http:\/\/www.editionlempfer.de\/index.php?rest_route=%2Fwp%2Fv2%2Fproduct_tag&post=3267"}],"curies":[{"name":"wp","href":"https:\/\/api.w.org\/{rel}","templated":true}]}}