{"id":3281,"date":"2018-05-16T08:54:20","date_gmt":"2018-05-16T06:54:20","guid":{"rendered":"http:\/\/www.editionlempfer.de\/?post_type=product&#038;p=3281"},"modified":"2019-11-17T21:41:43","modified_gmt":"2019-11-17T19:41:43","slug":"poem-no-words-partitur","status":"publish","type":"product","link":"http:\/\/www.editionlempfer.de\/?product=poem-no-words-partitur","title":{"rendered":"Poem. No Words. &#8211; Partitur"},"content":{"rendered":"","protected":false},"excerpt":{"rendered":"<h6><span style=\"color: #808080;\">*Endpreis zzgl. Versandkosten, keine Ausweisung der Mehrwertsteuer gem\u00e4\u00df \u00a7 19 UStG<\/span><\/h6>\n<hr \/>\n<p><strong>Musik:<\/strong> Tobias Lempfer<\/p>\n<hr \/>\n<p><em><strong>Zus\u00e4tzliche Paritur f\u00fcr Probenarbeit oder Wertungsspiele. Zus\u00e4tzliche Partituren k\u00f6nnen nur zusammen mit dem kompletten Notensatz bestellt werden.<\/strong><\/em><\/p>\n<p><em><strong>Haben Sie den Notensatz bereits fr\u00fcher erworben, k\u00f6nnen Sie zus\u00e4tzliche Partituren unter Angabe der entsprechenden Rechnungsnummer im Feld \u2018Bestellhinweise\u2019 ordern. Sie k\u00f6nnen die Rechnungsnummer nicht mehr finden? Kontaktieren Sie uns bitte vor der Bestellung, wir helfen Ihnen gerne.<\/strong><\/em><\/p>\n<p><span style=\"color: #99cc00;\"><em><strong>Partituren zur Ansicht k\u00f6nnen Sie gerne unter kontakt [@] editionlempfer.de anfragen.<\/strong><\/em><\/span><\/p>\n<p><em>Kleine Fehler werden laufend und stillschweigend verbessert. Minimale Abweichungen zu \u00e4lteren Bestellungen sind deshalb m\u00f6glich.<\/em><\/p>\n<hr \/>\n<p><em><strong>SCHWIERIGKEITSGRAD:\u00a0<\/strong><\/em><em>BDMV Kategorie 4<br \/>\n<\/em><\/p>\n<hr \/>\n<p><em><strong>Fl\u00f6tenstimmen nach Besetzungsform<\/strong><\/em><\/p>\n<ul>\n<li><strong>Fl\u00f6tenorchester:<\/strong> Piccolo (solo), Fl\u00f6te \u00a0solo\/1\/2\/3, Altfl\u00f6te in G 1\/2, Bassfl\u00f6te, Kontrabassfl\u00f6te (ad lib.) <em>[Altfl\u00f6te 1 kann alternativ als Fl\u00f6te 4 gespielt werden, die Stimme liegt bei]<\/em><\/li>\n<\/ul>\n<p><em><strong>Schlagwerk f\u00fcr alle Besetzungen<\/strong><\/em><\/p>\n<ul>\n<li><strong>Stabspiele<\/strong>:Glockenspiel, Vibraphon, Marimba 1\/Xylophon, Marimba 2 [4 Spieler]<\/li>\n<li><strong>Schlagwerk:<\/strong> Pauken, Drumset, Congas, Becken\/Gro\u00dfe Trommel, Percussion 1 (Chimes, Beatring), Percussion 2 (Regenstab, Shaker, Cabasa, Triangel), Percussion 3 ad lib. (Bongos, Triangel) [7 Spieler+]<\/li>\n<\/ul>\n<p>&nbsp;<\/p>\n<hr \/>\n<p>&nbsp;<\/p>\n","protected":false},"featured_media":3269,"comment_status":"closed","ping_status":"closed","template":"","meta":[],"product_cat":[35],"product_tag":[],"_links":{"self":[{"href":"http:\/\/www.editionlempfer.de\/index.php?rest_route=\/wp\/v2\/product\/3281"}],"collection":[{"href":"http:\/\/www.editionlempfer.de\/index.php?rest_route=\/wp\/v2\/product"}],"about":[{"href":"http:\/\/www.editionlempfer.de\/index.php?rest_route=\/wp\/v2\/types\/product"}],"replies":[{"embeddable":true,"href":"http:\/\/www.editionlempfer.de\/index.php?rest_route=%2Fwp%2Fv2%2Fcomments&post=3281"}],"wp:featuredmedia":[{"embeddable":true,"href":"http:\/\/www.editionlempfer.de\/index.php?rest_route=\/wp\/v2\/media\/3269"}],"wp:attachment":[{"href":"http:\/\/www.editionlempfer.de\/index.php?rest_route=%2Fwp%2Fv2%2Fmedia&parent=3281"}],"wp:term":[{"taxonomy":"product_cat","embeddable":true,"href":"http:\/\/www.editionlempfer.de\/index.php?rest_route=%2Fwp%2Fv2%2Fproduct_cat&post=3281"},{"taxonomy":"product_tag","embeddable":true,"href":"http:\/\/www.editionlempfer.de\/index.php?rest_route=%2Fwp%2Fv2%2Fproduct_tag&post=3281"}],"curies":[{"name":"wp","href":"https:\/\/api.w.org\/{rel}","templated":true}]}}