{"id":3283,"date":"2018-11-21T12:00:27","date_gmt":"2018-11-21T10:00:27","guid":{"rendered":"http:\/\/www.editionlempfer.de\/?post_type=product&#038;p=3283"},"modified":"2018-11-21T13:22:44","modified_gmt":"2018-11-21T11:22:44","slug":"der-zug-der-zwerge","status":"publish","type":"product","link":"http:\/\/www.editionlempfer.de\/?product=der-zug-der-zwerge","title":{"rendered":"Der Zug der Zwerge"},"content":{"rendered":"","protected":false},"excerpt":{"rendered":"<h6><span style=\"color: #808080;\">*Endpreis zzgl. Versandkosten, keine Ausweisung der Mehrwertsteuer gem\u00e4\u00df \u00a7 19 UStG<\/span><\/h6>\n<hr \/>\n<p><strong>Musik:<\/strong> Edvard Grieg<\/p>\n<p><strong>Arrangement:<\/strong>\u00a0Tobias Lempfer<\/p>\n<hr \/>\n<p><em>Der &#8222;Trolltog&#8220; aus Edvard Griegs &#8222;Lyrischen St\u00fccken Op. 54 ist urspr\u00fcnglich eine Komposition f\u00fcr Klavier. Die stampfenden Rhythmen, die beinahe aggressive Melodie und der gro\u00dfe Kontrast zum lyrisch-feinen Mittelteil laden jedoch dazu ein, dieses Werk in vielen verschiedenen Besetzungen zu spielen. Das Fl\u00f6tenregister ist bei diesem Arrangement besonders gefordert. Sowohl die harten, stampfenden Staccatot\u00f6ne im Marsch als auch die filigranen Bewegungen im Andante setzen eine gute Spieltechnik voraus. Damit sich der Klang der Fl\u00f6ten voll entfalten kann, begleitet das Schlagwerk eher dezent.<\/em><\/p>\n<p><em>Der &#8222;Zug der Zwerge&#8220; bietet ein tolles H\u00f6rerlebnis und bringt in jedem Konzert einen tollen Kontrast zu anderen St\u00fccken.<\/em><\/p>\n<p><em>\u00a0<\/em><\/p>\n<p><strong><em>SCHWIERIGKEITSGRAD:\u00a0<\/em><\/strong><em>Kategorie 3 (Der Titel wird Ende 2018 von der BDMV-Literaturkommission eingestuft)<\/em><\/p>\n<p><strong><em>DAUER: <\/em><\/strong><em>ca. 3&#8217;50 Minuten<br \/>\n<\/em><\/p>\n<hr \/>\n<p>Demo C- und C\/B-Besetzung<\/p>\n[audio mp3=\"http:\/\/www.editionlempfer.de\/wp-content\/uploads\/2018\/11\/Der-Zug-der-Zwerge-C-CB-Demo.mp3\"][\/audio]\n<p>Demo Fl\u00f6tenorchester<\/p>\n[audio mp3=\"http:\/\/www.editionlempfer.de\/wp-content\/uploads\/2018\/11\/Der-Zug-der-Zwerge-FO-Demo.mp3\"][\/audio]\n<hr \/>\n<p><em><strong>Fl\u00f6tenstimmen nach Besetzungsform<\/strong><\/em><\/p>\n<ul>\n<li><strong>C-Besetzung:<\/strong> Piccolo 1\/2 (incl. Solo), Fl\u00f6te 1\/2\/3, Altfl\u00f6te in G (ad lib.), Bassfl\u00f6te (ad lib.), Kontrabassfl\u00f6te (ad lib.)<\/li>\n<li><strong>C\/B-Besetzung<\/strong>: Solo-Piccolo, Piccolo\/Sopran 1\/2, Fl\u00f6te 1\/2\/3, Altfl\u00f6te in G (ad lib.), Bassfl\u00f6te (ad lib.), Kontrabassfl\u00f6te (ad lib.)\u00a0\u00a0 <em>(Die Solostimme kann nicht auf einer Sopranfl\u00f6te gespielt werden!)<\/em><\/li>\n<li><strong>Fl\u00f6tenorchester:<\/strong> Solo-Piccolo, Solo-Fl\u00f6te, Fl\u00f6te 1\/2\/3\/4, Altfl\u00f6te in G, Bassfl\u00f6te, Kontrabassfl\u00f6te (ad lib.)<\/li>\n<\/ul>\n<p><em><strong>Schlagwerk f\u00fcr alle Besetzungen<\/strong><\/em><\/p>\n<ul>\n<li><strong>Stabspiele<\/strong>: Glockenspiel, Vibraphon (ad lib.), Xylophon &amp; Marimba 2, Marimba 1 [3 Spieler+]\u00a0\u00a0\u00a0\u00a0 <em>(Die Glockenspielstimme kann nicht auf Lyra gespielt werden)<\/em><\/li>\n<li><strong>Schlagwerk:<\/strong> Pauken, Percussion 1 (Tambourin), Percussion 2 (Triangel, sus. Cymbals) Tam-Tam\/Gro\u00dfe Trommel [5 Spieler]<\/li>\n<\/ul>\n<p><span style=\"color: #6aa694;\"><em>Anmerkung: Es ist kein Bassmarimba erforderlich. Alle Kompositionen und Arrangements sind f\u00fcr ein Standard-4 \u2153-Oktaven-Marimba geschrieben. Sollten Marimba 1 und Marimba 2 besetzt sein, k\u00f6nnen die Stimmen ebenfalls auf einem 4 \u2153-Oktaven-Instrument gespielt werden.<\/em><\/span><\/p>\n<hr \/>\n","protected":false},"featured_media":3557,"comment_status":"closed","ping_status":"closed","template":"","meta":[],"product_cat":[23],"product_tag":[],"_links":{"self":[{"href":"http:\/\/www.editionlempfer.de\/index.php?rest_route=\/wp\/v2\/product\/3283"}],"collection":[{"href":"http:\/\/www.editionlempfer.de\/index.php?rest_route=\/wp\/v2\/product"}],"about":[{"href":"http:\/\/www.editionlempfer.de\/index.php?rest_route=\/wp\/v2\/types\/product"}],"replies":[{"embeddable":true,"href":"http:\/\/www.editionlempfer.de\/index.php?rest_route=%2Fwp%2Fv2%2Fcomments&post=3283"}],"wp:featuredmedia":[{"embeddable":true,"href":"http:\/\/www.editionlempfer.de\/index.php?rest_route=\/wp\/v2\/media\/3557"}],"wp:attachment":[{"href":"http:\/\/www.editionlempfer.de\/index.php?rest_route=%2Fwp%2Fv2%2Fmedia&parent=3283"}],"wp:term":[{"taxonomy":"product_cat","embeddable":true,"href":"http:\/\/www.editionlempfer.de\/index.php?rest_route=%2Fwp%2Fv2%2Fproduct_cat&post=3283"},{"taxonomy":"product_tag","embeddable":true,"href":"http:\/\/www.editionlempfer.de\/index.php?rest_route=%2Fwp%2Fv2%2Fproduct_tag&post=3283"}],"curies":[{"name":"wp","href":"https:\/\/api.w.org\/{rel}","templated":true}]}}