{"id":3352,"date":"2018-09-07T09:04:00","date_gmt":"2018-09-07T07:04:00","guid":{"rendered":"http:\/\/www.editionlempfer.de\/?post_type=product&#038;p=3352"},"modified":"2018-09-18T00:48:16","modified_gmt":"2018-09-17T22:48:16","slug":"marche-militaire","status":"publish","type":"product","link":"http:\/\/www.editionlempfer.de\/?product=marche-militaire","title":{"rendered":"Marche Militaire"},"content":{"rendered":"","protected":false},"excerpt":{"rendered":"<h6><span style=\"color: #808080;\">*Endpreis zzgl. Versandkosten, keine Ausweisung der Mehrwertsteuer gem\u00e4\u00df \u00a7 19 UStG<\/span><\/h6>\n<hr \/>\n<p><strong>Musik:<\/strong> Pjotr Iljitsch Tschaikowski<\/p>\n<p><strong>Arrangement:<\/strong>\u00a0Tobias Lempfer<\/p>\n<hr \/>\n<p><em>Tschaikowskis feierlicher Marche Militaire ist ein tolles St\u00fcck f\u00fcr einen gro\u00dfen, festlichen Moment. Er eignet sich ideal als majest\u00e4tische Er\u00f6ffnung eines Konzertes. Er kn\u00fcpft an die Form anderer M\u00e4rsche an und besticht doch mit seiner einzigartigen Harmonik.<br \/>\n<\/em><\/p>\n<p><em>Der Marche Militaire l\u00e4sst sich in allen Besetzungsformen gut realisieren und kommt dabei mit sehr wenig schlagwerk aus.\u00a0<\/em><\/p>\n<p>&nbsp;<\/p>\n<p><strong><em>SCHWIERIGKEITSGRAD: <\/em><\/strong><em>Kategorie 2-3<\/em><\/p>\n<p><strong><em>DAUER: <\/em><\/strong><em>ca. 4&#8217;30 Minuten<br \/>\n<\/em><\/p>\n<hr \/>\n<p>Demo C- und C\/B-Besetzung<\/p>\n[audio mp3=\"http:\/\/www.editionlempfer.de\/wp-content\/uploads\/2018\/09\/Marche-Militaire-C-Demo.mp3\"][\/audio]\n<p>Demo Ces\/Fes-Besetzung<\/p>\n[audio mp3=\"http:\/\/www.editionlempfer.de\/wp-content\/uploads\/2018\/09\/Marche-Militaire-CesFes-Demo.mp3\"][\/audio]\n<p>Demo Fl\u00f6tenorchester-Besetzung<\/p>\n[audio mp3=\"http:\/\/www.editionlempfer.de\/wp-content\/uploads\/2018\/09\/Marche-Militaire-FO-Demo.mp3\"][\/audio]\n<hr \/>\n<p><em><strong>Fl\u00f6tenstimmen nach Besetzungsform<\/strong><\/em><\/p>\n<ul>\n<li><strong>C-Besetzung:<\/strong>\n<ul>\n<li>Variante 1: Piccolo 1\/2\/3, Fl\u00f6te 1\/2\/3, Altfl\u00f6te in G (ad lib.), Bassfl\u00f6te (ad lib.), Kontrabassfl\u00f6te (ad lib.)<\/li>\n<li>Variante 2: Piccolo 1\/2, Fl\u00f6te 1\/2\/3\/4, Altfl\u00f6te in G (ad lib.), Bassfl\u00f6te (ad lib.), Kontrabassfl\u00f6te (ad lib.)<\/li>\n<li>Beide Stimmvarianten liegen den Noten bei. Bei Variante 2 reichen 2 Fl\u00f6ten in der Fl\u00f6te 4.<\/li>\n<\/ul>\n<\/li>\n<li><strong>C\/B-Besetzung<\/strong>:\n<ul>\n<li>Variante 1: Piccolo 1\/2\/3, Sopran B 1\/2\/3 Fl\u00f6te 1\/2\/3, Altfl\u00f6te in G (ad lib.), Bassfl\u00f6te (ad lib.), Kontrabassfl\u00f6te (ad lib.)<\/li>\n<li>Variante 2: Piccolo 1\/2, Sopran B 1\/2, Fl\u00f6te 1\/2\/3\/4, Altfl\u00f6te in G (ad lib.), Bassfl\u00f6te (ad lib.), Kontrabassfl\u00f6te (ad lib.)<\/li>\n<li>Beide Stimmvarianten liegen den Noten bei. Bei Variante 2 reichen 2 Fl\u00f6ten in der Fl\u00f6te 4<\/li>\n<\/ul>\n<\/li>\n<li><strong>Ces\/Fes-Besetzung:<\/strong> Sopran in Ces 1\/2\/3, Alt in Fes 1\/2, Tenor in Ces<\/li>\n<li><strong>B\/Es-Besetzung:<\/strong> Sopran in B 1\/2\/3, Alt in Es 1\/2, Tenor in B<\/li>\n<li><strong>Fl\u00f6tenorchester:<\/strong> Piccolo (Solo), Fl\u00f6te 1\/2\/3\/4, Altfl\u00f6te in G, Bassfl\u00f6te, Kontrabassfl\u00f6te (ad lib.)<\/li>\n<\/ul>\n<p><em><strong>Schlagwerk f\u00fcr alle Besetzungen<\/strong><\/em><\/p>\n<ul>\n<li><strong>Stabspiele<\/strong>: Glockenspiel, Marimba 1 (ad lib.), Marimba 2 [2 Spieler+] <em>Beide Marimbastimmen k\u00f6nnen auf einem 4 \u2153-Oktaven-Marimba gespielt werden<\/em><\/li>\n<li><strong>Schlagwerk:<\/strong> Pauken (ad lib.), Kleine Trommel, Becken, Gro\u00dfe Trommel [3 Spieler +]<\/li>\n<\/ul>\n<hr \/>\n<p><strong>Extra-Partituren<\/strong><\/p>\n","protected":false},"featured_media":3357,"comment_status":"closed","ping_status":"closed","template":"","meta":[],"product_cat":[23,21],"product_tag":[],"_links":{"self":[{"href":"http:\/\/www.editionlempfer.de\/index.php?rest_route=\/wp\/v2\/product\/3352"}],"collection":[{"href":"http:\/\/www.editionlempfer.de\/index.php?rest_route=\/wp\/v2\/product"}],"about":[{"href":"http:\/\/www.editionlempfer.de\/index.php?rest_route=\/wp\/v2\/types\/product"}],"replies":[{"embeddable":true,"href":"http:\/\/www.editionlempfer.de\/index.php?rest_route=%2Fwp%2Fv2%2Fcomments&post=3352"}],"wp:featuredmedia":[{"embeddable":true,"href":"http:\/\/www.editionlempfer.de\/index.php?rest_route=\/wp\/v2\/media\/3357"}],"wp:attachment":[{"href":"http:\/\/www.editionlempfer.de\/index.php?rest_route=%2Fwp%2Fv2%2Fmedia&parent=3352"}],"wp:term":[{"taxonomy":"product_cat","embeddable":true,"href":"http:\/\/www.editionlempfer.de\/index.php?rest_route=%2Fwp%2Fv2%2Fproduct_cat&post=3352"},{"taxonomy":"product_tag","embeddable":true,"href":"http:\/\/www.editionlempfer.de\/index.php?rest_route=%2Fwp%2Fv2%2Fproduct_tag&post=3352"}],"curies":[{"name":"wp","href":"https:\/\/api.w.org\/{rel}","templated":true}]}}