{"id":3378,"date":"2018-09-18T00:27:07","date_gmt":"2018-09-17T22:27:07","guid":{"rendered":"http:\/\/www.editionlempfer.de\/?post_type=product&#038;p=3378"},"modified":"2018-10-01T14:09:59","modified_gmt":"2018-10-01T12:09:59","slug":"rungholt-saga","status":"publish","type":"product","link":"http:\/\/www.editionlempfer.de\/?product=rungholt-saga","title":{"rendered":"Rungholt-Saga"},"content":{"rendered":"","protected":false},"excerpt":{"rendered":"<h6><span style=\"color: #808080;\">*Endpreis zzgl. Versandkosten, keine Ausweisung der Mehrwertsteuer gem\u00e4\u00df \u00a7 19 UStG<\/span><\/h6>\n<hr \/>\n<p><strong>Musik:<\/strong>\u00a0Tobias Lempfer<\/p>\n<hr \/>\n<p><em>Die &#8222;RUNGHOLT-SAGA&#8220; ist eine neue Komposition f\u00fcr Fl\u00f6tenorchester. Die Vertonung dieser nordfriesischen Sage um das Schicksal der Stadt Rungholt ist ein spannendes, erz\u00e4hlendes Werk.<\/em><\/p>\n<p><em>Die B\u00fcrger der Stadt Rungholt konnten im Mittelalter durch den Handel mit Salz gro\u00dfe Reciht\u00fcmer anh\u00e4ufen. Doch mit dem Reichtum kamen die Rungholter vom rechten Weg ab. In der Nacht vom 16. auf den 17. Januar 1362 wurde Rungholt von einer schweren Sturmflut, der &#8222;Groten Mandr\u00e4nke&#8220; \u00fcberrollt. Das Wasser l\u00f6schte alles Leben in Rungholt aus und riss die Stadt mit ins Meer.<\/em><\/p>\n<p><em>Die Rungholt-Saga ist der H\u00f6hepunkt in jedem Konzert. Auch f\u00fcr Wertungsspiele ist das Werk geeignet. Die Rungholt-Saga ist f\u00fcr alle Besetzungen geeignet.<\/em><\/p>\n<p>&nbsp;<\/p>\n<p><strong><em>SCHWIERIGKEITSGRAD: <\/em><\/strong><em>BDMV Kategorie 4<br \/>\n<\/em><\/p>\n<p><strong><em>DAUER: <\/em><\/strong><em>ca. 7&#8217;00 Minuten<br \/>\n<\/em><\/p>\n<hr \/>\n<p>Klangbeispiel C- und C\/B-Besetzung<\/p>\n[audio mp3=\"http:\/\/www.editionlempfer.de\/wp-content\/uploads\/2018\/09\/Rungholt-Saga-C-Demo.mp3\"][\/audio]\n<p>Klangbeispiel Ces\/Fes-.Besetzung<\/p>\n[audio mp3=\"http:\/\/www.editionlempfer.de\/wp-content\/uploads\/2018\/09\/Rungholt-Saga-CesFes-Demo.mp3\"][\/audio]\n<p>Klangbeispiel Fl\u00f6tenorchester<\/p>\n[audio mp3=\"http:\/\/www.editionlempfer.de\/wp-content\/uploads\/2018\/09\/Rungholt-Saga-FO-Demo.mp3\"][\/audio]\n<p>Auf der Facebook-Seite des Spielmannszugs aus Bredstedt gibt es ein <a href=\"https:\/\/www.facebook.com\/SpielmannszugBredstedt\/videos\/192203488239571\/\">Video der Urauff\u00fchrung<\/a>.<\/p>\n<hr \/>\n<p><em><strong>Fl\u00f6tenstimmen nach Besetzungsform<\/strong><\/em><\/p>\n<ul>\n<li><strong>C-Besetzung:<\/strong> Piccolo 1\/2, Fl\u00f6te 1\/2\/3, Altfl\u00f6te in G (ad lib.), Bassfl\u00f6te (ad lib.), Kontrabassfl\u00f6te (ad lib.)<\/li>\n<li><strong>C\/B-Besetzung<\/strong>: Piccolo Solo\/1\/2, Sopran Solo\/1\/2, Fl\u00f6te 1\/2\/3, Altfl\u00f6te in G (ad lib.), Bassfl\u00f6te (ad lib.), Kontrabassfl\u00f6te (ad lib.)<\/li>\n<li><strong>Ces\/Fes-Besetzung:<\/strong> Sopran in Ces Solo\/1\/2, Alt in Fes 1\/2, Tenor in Ces<\/li>\n<li><strong>B\/Es-Besetzung:<\/strong> Sopran in B Solo\/1\/2, Alt in Es 1\/2, Tenor in B<\/li>\n<li><strong>Fl\u00f6tenorchester: <\/strong>Piccolo (solo), Fl\u00f6te 1\/2\/3, Altfl\u00f6te in G, Bassfl\u00f6te, Kontrabassfl\u00f6te (ad lib.)<\/li>\n<\/ul>\n<p><em><strong>Schlagwerk f\u00fcr alle Besetzungen<\/strong><\/em><\/p>\n<ul>\n<li><strong>Stabspiele<\/strong>: Glockenspiel, Vibraphon, Xylophon, Marimba 1\/2 [3 Spieler+]<\/li>\n<li><strong>Schlagwerk:<\/strong> Pauken, Kleine Trommel &amp; Tenortrommel, Kleine Trommel off (ad lib.), Toms, Percussion 1 (Seadrum, Chimes, Tambourin, Stahltr\u00e4ger oder Amboss), Percussion 2 (Tam-Tam, Vibra-Slap), Percussion 3 (R\u00f6hrenglocken, Becken), Becken\/Gro\u00dfe Trommel [7 Spieler+]<\/li>\n<\/ul>\n<p><span style=\"color: #6aa694;\"><em>Anmerkung: Es ist kein Bassmarimba erforderlich. Alle Kompositionen und Arrangements sind f\u00fcr ein Standard-4 \u2153-Oktaven-Marimba geschrieben. Sollten Marimba 1 und Marimba 2 besetzt sein, k\u00f6nnen die Stimmen ebenfalls auf einem 4 \u2153-Oktaven-Instrument gespielt werden.<\/em><\/span><\/p>\n<hr \/>\n<p><a href=\"http:\/\/www.editionlempfer.de\/?product=rungholt-saga-partitur\"><strong>Extra-Partituren<\/strong><\/a><\/p>\n","protected":false},"featured_media":3382,"comment_status":"closed","ping_status":"closed","template":"","meta":[],"product_cat":[22,23],"product_tag":[],"_links":{"self":[{"href":"http:\/\/www.editionlempfer.de\/index.php?rest_route=\/wp\/v2\/product\/3378"}],"collection":[{"href":"http:\/\/www.editionlempfer.de\/index.php?rest_route=\/wp\/v2\/product"}],"about":[{"href":"http:\/\/www.editionlempfer.de\/index.php?rest_route=\/wp\/v2\/types\/product"}],"replies":[{"embeddable":true,"href":"http:\/\/www.editionlempfer.de\/index.php?rest_route=%2Fwp%2Fv2%2Fcomments&post=3378"}],"wp:featuredmedia":[{"embeddable":true,"href":"http:\/\/www.editionlempfer.de\/index.php?rest_route=\/wp\/v2\/media\/3382"}],"wp:attachment":[{"href":"http:\/\/www.editionlempfer.de\/index.php?rest_route=%2Fwp%2Fv2%2Fmedia&parent=3378"}],"wp:term":[{"taxonomy":"product_cat","embeddable":true,"href":"http:\/\/www.editionlempfer.de\/index.php?rest_route=%2Fwp%2Fv2%2Fproduct_cat&post=3378"},{"taxonomy":"product_tag","embeddable":true,"href":"http:\/\/www.editionlempfer.de\/index.php?rest_route=%2Fwp%2Fv2%2Fproduct_tag&post=3378"}],"curies":[{"name":"wp","href":"https:\/\/api.w.org\/{rel}","templated":true}]}}