{"id":3428,"date":"2018-10-01T13:36:17","date_gmt":"2018-10-01T11:36:17","guid":{"rendered":"http:\/\/www.editionlempfer.de\/?post_type=product&#038;p=3428"},"modified":"2018-11-15T09:13:34","modified_gmt":"2018-11-15T07:13:34","slug":"flootie-woogie","status":"publish","type":"product","link":"http:\/\/www.editionlempfer.de\/?product=flootie-woogie","title":{"rendered":"Flootie Woogie"},"content":{"rendered":"","protected":false},"excerpt":{"rendered":"<h6><span style=\"color: #808080;\">*Endpreis zzgl. Versandkosten, keine Ausweisung der Mehrwertsteuer gem\u00e4\u00df \u00a7 19 UStG<\/span><\/h6>\n<hr \/>\n<p><strong>Musik:<\/strong>\u00a0Tobias Lempfer<\/p>\n<hr \/>\n<p><em>Der Flootie Woogie ist ein kleiner, pulsierender Rock&#8217;n&#8217;roll.Durch seinen stampfenden Rhythmus versr\u00fcht er bei Publikum und Musikern gute Laune und fordert zum mittanzen auf. Dar\u00fcber hinaus eignet sich die Komposition ideal, um gr\u00f6\u00dfere Sicherheit im Spiel von Swing- und Shufflerhythmen zu erlangen.<\/em><\/p>\n<p><em>Das Werk ist auch f\u00fcr sehr kleine Ensembles geeignet. Au\u00dferdem l\u00e4sst es sich gut mit allen Fl\u00f6tenstimmungen spielen. Der Flootie Woogie ist \u00a0ein absoluter Allrounder f\u00fcr Wertungsspiel, kleines St\u00e4ndchen oder gro\u00dfes Konzert.<\/em><\/p>\n<p><em>\u00a0<\/em><\/p>\n<p><strong><em>SCHWIERIGKEITSGRAD: <\/em><\/strong><em>Kategorie 2 (BDMV)<br \/>\n<\/em><\/p>\n<p><strong><em>DAUER: <\/em><\/strong><em>ca. 2&#8217;55 Minuten<br \/>\n<\/em><\/p>\n<hr \/>\n<p>C- und C\/B-Besetzung<\/p>\n[audio mp3=\"http:\/\/www.editionlempfer.de\/wp-content\/uploads\/2018\/10\/Flootie-Woogie-C-CB-Demo.mp3\"][\/audio]\n<p>Ces\/Fes-Besetzung<\/p>\n[audio mp3=\"http:\/\/www.editionlempfer.de\/wp-content\/uploads\/2018\/10\/Flootie-Woogie-CesFes-Demo-1.mp3\"][\/audio]\n<p>Fl\u00f6tenorchester<\/p>\n[audio mp3=\"http:\/\/www.editionlempfer.de\/wp-content\/uploads\/2018\/10\/Flootie-Woogie-FO-Demo.mp3\"][\/audio]\n<hr \/>\n<p><em><strong>Fl\u00f6tenstimmen nach Besetzungsform<\/strong><\/em><\/p>\n<ul>\n<li><strong>C-Besetzung:<\/strong> Piccolo 1\/2, Fl\u00f6te 1\/2\/3, Altfl\u00f6te in G (ad lib.), Bassfl\u00f6te (ad lib.), Kontrabassfl\u00f6te (ad lib.)<\/li>\n<li><strong>C\/B-Besetzung<\/strong>: Piccolo 1\/2, Sopran 1\/2, Fl\u00f6te 1\/2\/3, Altfl\u00f6te in G (ad lib.), Bassfl\u00f6te (ad lib.), Kontrabassfl\u00f6te (ad lib.)<\/li>\n<li><strong>Ces\/Fes-Besetzung:<\/strong> Sopran in Ces 1\/2, Alt in Fes 1\/2, Tenor in Ces<\/li>\n<li><strong>B\/Es-Besetzung:<\/strong> Sopran in B 1\/2, Alt in Es 1\/2, Tenor in B<\/li>\n<li><strong>Fl\u00f6tenorchester:<\/strong> Piccolo (Solo), Fl\u00f6te 1\/2\/3\/4, Altfl\u00f6te in G, Bassfl\u00f6te, Kontrabassfl\u00f6te (ad lib.)<\/li>\n<\/ul>\n<p><em><strong>Schlagwerk f\u00fcr alle Besetzungen<\/strong><\/em><\/p>\n<ul>\n<li><strong>Stabspiele<\/strong>: Glockenspiel (ad lib.), Xylophon (ad lib.), Marimba 1 (ad lib.), Marimba 2 [1 Spieler+]<\/li>\n<li><strong>Schlagwerk, Variante 1:<\/strong> Pauken (ad lib.), Kleine Trommel, Becken (Hi-Hat + Crash), Gro\u00dfe Trommel, Bongos (ad lib.), Percussion (ad lib.) [3 Spieler+]<\/li>\n<li><strong>Schlagwerk, Variante 2:<\/strong> Pauken (ad lib.), Kleine Drumset, Bongos (ad lib.), Percussion (ad lib.) [1 Spieler+]<\/li>\n<li><em>STIMMEN F\u00dcR BEIDE VARIANTEN LIEGEN BEI<\/em><\/li>\n<\/ul>\n<p><span style=\"color: #6aa694;\"><em>Anmerkung: Es ist kein Bassmarimba erforderlich. Alle Kompositionen und Arrangements sind f\u00fcr ein Standard-4 \u2153-Oktaven-Marimba geschrieben. Sollten Marimba 1 und Marimba 2 besetzt sein, k\u00f6nnen die Stimmen ebenfalls auf einem 4 \u2153-Oktaven-Instrument gespielt werden.<\/em><\/span><\/p>\n<hr \/>\n<p><a href=\"http:\/\/www.editionlempfer.de\/?product=flootie-woogie-partitur\"><strong>Extra-Partituren<\/strong><\/a><\/p>\n","protected":false},"featured_media":3434,"comment_status":"closed","ping_status":"closed","template":"","meta":[],"product_cat":[22,23,24],"product_tag":[],"_links":{"self":[{"href":"http:\/\/www.editionlempfer.de\/index.php?rest_route=\/wp\/v2\/product\/3428"}],"collection":[{"href":"http:\/\/www.editionlempfer.de\/index.php?rest_route=\/wp\/v2\/product"}],"about":[{"href":"http:\/\/www.editionlempfer.de\/index.php?rest_route=\/wp\/v2\/types\/product"}],"replies":[{"embeddable":true,"href":"http:\/\/www.editionlempfer.de\/index.php?rest_route=%2Fwp%2Fv2%2Fcomments&post=3428"}],"wp:featuredmedia":[{"embeddable":true,"href":"http:\/\/www.editionlempfer.de\/index.php?rest_route=\/wp\/v2\/media\/3434"}],"wp:attachment":[{"href":"http:\/\/www.editionlempfer.de\/index.php?rest_route=%2Fwp%2Fv2%2Fmedia&parent=3428"}],"wp:term":[{"taxonomy":"product_cat","embeddable":true,"href":"http:\/\/www.editionlempfer.de\/index.php?rest_route=%2Fwp%2Fv2%2Fproduct_cat&post=3428"},{"taxonomy":"product_tag","embeddable":true,"href":"http:\/\/www.editionlempfer.de\/index.php?rest_route=%2Fwp%2Fv2%2Fproduct_tag&post=3428"}],"curies":[{"name":"wp","href":"https:\/\/api.w.org\/{rel}","templated":true}]}}