{"id":3497,"date":"2018-10-13T17:32:51","date_gmt":"2018-10-13T15:32:51","guid":{"rendered":"http:\/\/www.editionlempfer.de\/?post_type=product&#038;p=3497"},"modified":"2018-10-13T17:38:34","modified_gmt":"2018-10-13T15:38:34","slug":"carol-of-the-irish-bells","status":"publish","type":"product","link":"http:\/\/www.editionlempfer.de\/?product=carol-of-the-irish-bells","title":{"rendered":"Carol of the Irish Bells"},"content":{"rendered":"","protected":false},"excerpt":{"rendered":"<h6><span style=\"color: #808080;\">*Endpreis zzgl. Versandkosten, keine Ausweisung der Mehrwertsteuer gem\u00e4\u00df \u00a7 19 UStG<\/span><\/h6>\n<hr \/>\n<p><strong>Musik:<\/strong> Mykola D. Leontovych<\/p>\n<p><strong>Arrangement:<\/strong>\u00a0Tobias Lempfer<\/p>\n<hr \/>\n<p><em>Das wunderbare St\u00fcck &#8222;Carol of the Bells&#8220; (oder auch &#8222;Ukrain Bell Carol&#8220;) kenne wir vor allem aus dem anglikanischen und amerikanischen Raum. Die besonderen Melodien und Strukturen dieses Songs sind jedoch so eing\u00e4ngig, dass sie auch in unsere Adventsliteratur heimisch geworden ist. Dieses Werk ist immer wieder ein wunderbarer Kontrast zu traditioneller Weihnachtsmusik.<\/em><\/p>\n<p><em>Dieses Arrangement verbindet Leontovychs Melodien und Harmonien mit einem tollen Fl\u00f6tenklang und einer mitrei\u00dfenden Schlagwerkbegleitung, die an irischen Stepptanz erinnert. Eine kleine, Stimmungsvolle Einleitung im irischen Stil und ein kleines Schlagwerksolo verst\u00e4rken diesen Eindruck.<\/em><\/p>\n<p><em>Der &#8222;Carol of the Irish Bells&#8220; bietet dem Orchester mit wenig Aufwand einen gro\u00dfen Effekt, der Schwierigkeitsgrad bleibt im unteren\/mittleren Schwierigkeitsgrad. Das St\u00fcck ist f\u00fcr jede Besetzung geeignet. [Die C-Besetzung und C\/B-Besetzung lassen sich nicht miteinander kombinieren, damit der Klang einer \u00a0jeden Besetzung ideal entfalten kann].<\/em><\/p>\n<p><em>\u00a0<\/em><\/p>\n<p>&nbsp;<\/p>\n<p><strong><em>SCHWIERIGKEITSGRAD: <\/em><\/strong><em>Kategorie 2-3<\/em><\/p>\n<p><strong><em>DAUER: <\/em><\/strong><em>ca. 2&#8217;10 Minuten<br \/>\n<\/em><\/p>\n<hr \/>\n<p>Ein Klangbeispiel dieses Titels darf aus urheberrechtlichen Gr\u00fcnden leider nicht ver\u00f6ffentlich werden. Sie k\u00f6nnen gerne ein Demo unter kontakt [@] editionlempfer.de anfordern.<\/p>\n<hr \/>\n<p><em><strong>Fl\u00f6tenstimmen nach Besetzungsform<\/strong><\/em><\/p>\n<ul>\n<li><strong>C-Besetzung:<\/strong> Piccolo 1\/2, Fl\u00f6te 1\/2\/3, Altfl\u00f6te in G (ad lib.), Bassfl\u00f6te (ad lib.), Kontrabassfl\u00f6te (ad lib.)<\/li>\n<li><strong>C\/B-Besetzung<\/strong>: Piccolo 1\/2, Sopran 1\/2, Fl\u00f6te 1\/2\/3, Altfl\u00f6te in G (ad lib.), Bassfl\u00f6te (ad lib.), Kontrabassfl\u00f6te (ad lib.)<\/li>\n<li><strong>Ces\/Fes-Besetzung:<\/strong> Sopran in Ces 1\/2, Alt in Fes 1\/2, Tenor in Ces<\/li>\n<li><strong>B\/Es-Besetzung:<\/strong> Sopran in B 1\/2, Alt in Es 1\/2, Tenor in B<\/li>\n<li><strong>Fl\u00f6tenorchester:<\/strong> Piccolo (Solo), Fl\u00f6te 1\/2\/3\/4, Altfl\u00f6te in G, Bassfl\u00f6te, Kontrabassfl\u00f6te (ad lib.)<\/li>\n<\/ul>\n<p><em><strong>Schlagwerk f\u00fcr alle Besetzungen<\/strong><\/em><\/p>\n<ul>\n<li><strong>Stabspiele<\/strong>: Vibraphon (ad lib.), Xylophon, R\u00f6hrenglocken (ad lib.), Marimba [2 Spieler+]<\/li>\n<li><strong>Schlagwerk:<\/strong> Pauken, Rand einer kleinen Trommel, Toms, Percussion 1 (Chimes und Becken), Percussion 2 (Cabasa), sus. Cymbals\/Gro\u00dfe Trommel [6 Spieler+]<\/li>\n<\/ul>\n<p><span style=\"color: #6aa694;\"><em>Anmerkung: Es ist kein Bassmarimba erforderlich. Alle Kompositionen und Arrangements sind f\u00fcr ein Standard-4 \u2153-Oktaven-Marimba geschrieben. Sollten Marimba 1 und Marimba 2 besetzt sein, k\u00f6nnen die Stimmen ebenfalls auf einem 4 \u2153-Oktaven-Instrument gespielt werden.<\/em><\/span><\/p>\n<hr \/>\n","protected":false},"featured_media":3499,"comment_status":"closed","ping_status":"closed","template":"","meta":[],"product_cat":[28],"product_tag":[],"_links":{"self":[{"href":"http:\/\/www.editionlempfer.de\/index.php?rest_route=\/wp\/v2\/product\/3497"}],"collection":[{"href":"http:\/\/www.editionlempfer.de\/index.php?rest_route=\/wp\/v2\/product"}],"about":[{"href":"http:\/\/www.editionlempfer.de\/index.php?rest_route=\/wp\/v2\/types\/product"}],"replies":[{"embeddable":true,"href":"http:\/\/www.editionlempfer.de\/index.php?rest_route=%2Fwp%2Fv2%2Fcomments&post=3497"}],"wp:featuredmedia":[{"embeddable":true,"href":"http:\/\/www.editionlempfer.de\/index.php?rest_route=\/wp\/v2\/media\/3499"}],"wp:attachment":[{"href":"http:\/\/www.editionlempfer.de\/index.php?rest_route=%2Fwp%2Fv2%2Fmedia&parent=3497"}],"wp:term":[{"taxonomy":"product_cat","embeddable":true,"href":"http:\/\/www.editionlempfer.de\/index.php?rest_route=%2Fwp%2Fv2%2Fproduct_cat&post=3497"},{"taxonomy":"product_tag","embeddable":true,"href":"http:\/\/www.editionlempfer.de\/index.php?rest_route=%2Fwp%2Fv2%2Fproduct_tag&post=3497"}],"curies":[{"name":"wp","href":"https:\/\/api.w.org\/{rel}","templated":true}]}}