{"id":3526,"date":"2018-10-13T17:45:22","date_gmt":"2018-10-13T15:45:22","guid":{"rendered":"http:\/\/www.editionlempfer.de\/?post_type=product&#038;p=3526"},"modified":"2018-10-13T17:47:03","modified_gmt":"2018-10-13T15:47:03","slug":"drei-weihnachtsgesaenge","status":"publish","type":"product","link":"http:\/\/www.editionlempfer.de\/?product=drei-weihnachtsgesaenge","title":{"rendered":"Drei Weihnachtsges\u00e4nge"},"content":{"rendered":"","protected":false},"excerpt":{"rendered":"<h6><span style=\"color: #808080;\">*Endpreis zzgl. Versandkosten, keine Ausweisung der Mehrwertsteuer gem\u00e4\u00df \u00a7 19 UStG<\/span><\/h6>\n<hr \/>\n<p><strong>Musik:<\/strong> Georg Friedrich H\u00e4ndel, traditionell<\/p>\n<p><strong>Arrangement:<\/strong>\u00a0Tobias Lempfer<\/p>\n<hr \/>\n<p><em>Beschreibung<\/em><\/p>\n<p>&nbsp;<\/p>\n<p><strong><em>SCHWIERIGKEITSGRAD: <\/em><\/strong><em>Kategorie 2-3<br \/>\n<\/em><\/p>\n<p><strong><em>DAUER: <\/em><\/strong><em>ca. 3&#8217;00 Minuten<br \/>\n<\/em><\/p>\n<hr \/>\n<p>C- und C\/B-Besetzung MIT Alt- und Bassfl\u00f6ten<\/p>\n[audio mp3=\"http:\/\/www.editionlempfer.de\/wp-content\/uploads\/2018\/10\/Drei-Weihnachtsges\u00e4nge-C-MIT-AltBass-Demo.mp3\"][\/audio]\n<p>C- und C\/B-Besetzung OHNE Alt- und Bassfl\u00f6ten<\/p>\n[audio mp3=\"http:\/\/www.editionlempfer.de\/wp-content\/uploads\/2018\/10\/Drei-Weihnachtsges\u00e4nge-C-OHNE-AltBass-Demo.mp3\"][\/audio]\n<p>Ces\/Fes-Besetzung<\/p>\n[audio mp3=\"http:\/\/www.editionlempfer.de\/wp-content\/uploads\/2018\/10\/Drei-Weihnachtsges\u00e4nge-CesFes-Demo.mp3\"][\/audio]\n<p>Fl\u00f6tenorchester<\/p>\n[audio mp3=\"http:\/\/www.editionlempfer.de\/wp-content\/uploads\/2018\/10\/Drei-Weihnachtsges\u00e4nge-Demo-C-CB.mp3\"][\/audio]\n<hr \/>\n<p><em><strong>Fl\u00f6tenstimmen nach Besetzungsform<\/strong><\/em><\/p>\n<ul>\n<li><strong>C-Besetzung MIT Alt- und Bassfl\u00f6ten:<\/strong> Piccolo 1\/2, Fl\u00f6te 1\/2\/3, Altfl\u00f6te in G, Bassfl\u00f6te, Kontrabassfl\u00f6te (ad lib.) <span style=\"color: #ff0000;\"><em>[Alt- und Bassfl\u00f6ten m\u00fcssen besetzt sein, sie k\u00f6nnen nicht weggelassen werden]<\/em><\/span><\/li>\n<li><strong>C\/B-Besetzung MIT Alt- und Bassfl\u00f6ten<\/strong>: Piccolo 1\/2, Sopran 1\/2, Fl\u00f6te 1\/2\/3, Altfl\u00f6te in G, Bassfl\u00f6te, Kontrabassfl\u00f6te (ad lib.)<span style=\"color: #ff0000;\"> <em>[Alt- und Bassfl\u00f6ten m\u00fcssen besetzt sein, sie k\u00f6nnen nicht weggelassen werden]<\/em><\/span><\/li>\n<li><strong>C-Besetzung OHNE Alt- und Bassfl\u00f6ten:<\/strong> Piccolo 1\/2, Fl\u00f6te 1\/2\/3<\/li>\n<li><strong>C\/B-Besetzung OHNE Alt- und Bassfl\u00f6ten<\/strong>: Piccolo 1\/2, Sopran 1\/2, Fl\u00f6te 1\/2\/3<\/li>\n<li><strong>Ces\/Fes-Besetzung:<\/strong> Sopran in Ces 1\/2\/3, Alt in Fes 1\/2, Tenor in Ces<\/li>\n<li><strong>B\/Es-Besetzung:<\/strong> Sopran in B 1\/2\/3, Alt in Es 1\/2, Tenor in B<\/li>\n<li><strong>Fl\u00f6tenorchester:<\/strong> Piccolo (Solo), Fl\u00f6te 1\/2\/3\/4, Altfl\u00f6te in G, Bassfl\u00f6te, Kontrabassfl\u00f6te (ad lib.)<\/li>\n<\/ul>\n<p><em><strong>Schlagwerk f\u00fcr alle Besetzungen<\/strong><\/em><\/p>\n<ul>\n<li><strong>Stabspiele<\/strong>: Glockenspiel (ad lib.), Vibraphon &amp; Xylophon (ad lib.), Marimba [1 Spieler+]<\/li>\n<li><strong>Schlagwerk:<\/strong> Pauken, Kleine Trommel, Tenortrommel (ad lib.), Percussion 1 (Schlittenglocken, Chimes), Percussion 2 (Triangel) (ad lib.), Becken (Konzertbecken, sus. Cymbals), Gro\u00dfe Trommel [5 Spieler+]<\/li>\n<\/ul>\n<p><span style=\"color: #6aa694;\"><em>Anmerkung: Es ist kein Bassmarimba erforderlich. Alle Kompositionen und Arrangements sind f\u00fcr ein Standard-4 \u2153-Oktaven-Marimba geschrieben. Sollten Marimba 1 und Marimba 2 besetzt sein, k\u00f6nnen die Stimmen ebenfalls auf einem 4 \u2153-Oktaven-Instrument gespielt werden.<\/em><\/span><\/p>\n<hr \/>\n<p><strong>\u00a0<\/strong><\/p>\n","protected":false},"featured_media":3475,"comment_status":"closed","ping_status":"closed","template":"","meta":[],"product_cat":[28],"product_tag":[],"_links":{"self":[{"href":"http:\/\/www.editionlempfer.de\/index.php?rest_route=\/wp\/v2\/product\/3526"}],"collection":[{"href":"http:\/\/www.editionlempfer.de\/index.php?rest_route=\/wp\/v2\/product"}],"about":[{"href":"http:\/\/www.editionlempfer.de\/index.php?rest_route=\/wp\/v2\/types\/product"}],"replies":[{"embeddable":true,"href":"http:\/\/www.editionlempfer.de\/index.php?rest_route=%2Fwp%2Fv2%2Fcomments&post=3526"}],"wp:featuredmedia":[{"embeddable":true,"href":"http:\/\/www.editionlempfer.de\/index.php?rest_route=\/wp\/v2\/media\/3475"}],"wp:attachment":[{"href":"http:\/\/www.editionlempfer.de\/index.php?rest_route=%2Fwp%2Fv2%2Fmedia&parent=3526"}],"wp:term":[{"taxonomy":"product_cat","embeddable":true,"href":"http:\/\/www.editionlempfer.de\/index.php?rest_route=%2Fwp%2Fv2%2Fproduct_cat&post=3526"},{"taxonomy":"product_tag","embeddable":true,"href":"http:\/\/www.editionlempfer.de\/index.php?rest_route=%2Fwp%2Fv2%2Fproduct_tag&post=3526"}],"curies":[{"name":"wp","href":"https:\/\/api.w.org\/{rel}","templated":true}]}}