{"id":565,"date":"2014-09-27T12:16:25","date_gmt":"2014-09-27T10:16:25","guid":{"rendered":"http:\/\/editionlempfer.de\/?product=connemara"},"modified":"2016-11-17T12:48:27","modified_gmt":"2016-11-17T10:48:27","slug":"connemara","status":"publish","type":"product","link":"http:\/\/www.editionlempfer.de\/?product=connemara","title":{"rendered":"Connemara"},"content":{"rendered":"","protected":false},"excerpt":{"rendered":"<h6><span style=\"color: #808080;\">*Endpreis zzgl. Versandkosten, keine Ausweisung der Mehrwertsteuer gem\u00e4\u00df \u00a7 19 UStG<\/span><\/h6>\n<hr \/>\n<p><strong>Musik: <\/strong>Tobias Lempfer<\/p>\n<hr \/>\n<p><em>Connemara ist ein Landstrich an der westlichen Atlantikk\u00fcste Irlands. Im County Galway gelegen ist die &#8222;noch urspr\u00fcngliche Bilderbuchlandschaft&#8220; Beispiel des alten Irlands, wie ich und viele andere Irland-Fans es uns tr\u00e4umen. Unz\u00e4hlige gelangweilte Schafe, von Autos und Touristen unbeeindruckte H\u00fchner, herumtollende Hunde, engste (Haupt-)Stra\u00dfen, malerische D\u00f6rfer, die wunderbare Altantikk\u00fcste, alte Schl\u00f6sser und Ruinen &#8230; es gibt viel zu entdecken in Connemara!<\/em><\/p>\n<p><em>\u00a0<\/em><strong><em>NEU:<\/em><\/strong><em> Als besonderes Highlight gibt es eine zus\u00e4tzliche Orgelstimme, denn Connemara bietet sich sehr f\u00fcr Kirchenkonzerte an (wenn der Hall das Schlagwerk zul\u00e4sst). Connemara wird der absolute H\u00f6hepunkt des n\u00e4chsten Kirchenkonzerts!<\/em><\/p>\n<p><em><strong><em>Schwierigkeitsgrad: <\/em><\/strong><\/em><em>BDMV Kategorie 4<\/em><\/p>\n<p><em><strong>DAUER:<\/strong> ca. 4&#8217;50 Minuten<\/em><\/p>\n<hr \/>\n<p>Ein Klangbeispiel dieses Titels darf aus urheberrechtlichen Gr\u00fcnden leider nicht ver\u00f6ffentlich werden. Sie k\u00f6nnen gerne ein Demo unter kontakt [@] editionlempfer.de anfordern.<\/p>\n<hr \/>\n<ul>\n<li><strong>C-Besetzung:<\/strong> Piccolo 1\/2, Fl\u00f6te 1\/2\/3, Altfl\u00f6te in G (ad lib.), Bassfl\u00f6te (ad lib.)<\/li>\n<li><strong>C\/B-Besetzung:<\/strong> Piccolo 1\/2, Sopran 1\/2, Fl\u00f6te 1\/2\/3, Altfl\u00f6te in G (ad lib.), Bassfl\u00f6te (ad lib.)<\/li>\n<li><strong>Ces\/Fes-Besetzung:<\/strong> Sopran in Ces 1\/2, Alt in Fes 1\/2, Tenor in Ces<\/li>\n<li><strong>B\/Es-Besetzung:<\/strong> Sopran in B 1\/2, Alt in Es 1\/2, Tenor in B<\/li>\n<li><strong>Stabspiele:<\/strong> Glockenspiel, Marimba (Bass), Xylophon (ad lib.) [2 Spieler+]<\/li>\n<li><strong>Schlagwerk:<\/strong> Pauken (ad lib.), Kleine Trommel, Bongos, Toms (ad lib.), Percussion 1 (Beatring &amp; Shaker), Percussion 2 (Chimes, Regenstab, Beatring, Wasserfall) (ad lib.), Becken, Gro\u00dfe Trommel [5 Spieler+]<\/li>\n<li><strong>Orgel:<\/strong> Die Orgelstimme ist f\u00fcr alle Stimmungen beigef\u00fcgt.<\/li>\n<\/ul>\n<p><span style=\"color: #6aa694;\"><em>Anmerkung: Es ist kein Bassmarimba erforderlich. Alle Kompositionen und Arrangements sind f\u00fcr ein Standard-4 \u2153-Oktaven-Marimba geschrieben. Sollten Marimba 1 und Marimba 2 besetzt sein, k\u00f6nnen die Stimmen ebenfalls auf einem 4 \u2153-Oktaven-Instrument gespielt werden.<\/em><\/span><\/p>\n<hr \/>\n<p><a href=\"http:\/\/www.editionlempfer.de\/?product=connemara-partitur\" target=\"_blank\">Extra-Partituren<\/a><\/p>\n","protected":false},"featured_media":567,"comment_status":"closed","ping_status":"closed","template":"","meta":[],"product_cat":[22],"product_tag":[],"_links":{"self":[{"href":"http:\/\/www.editionlempfer.de\/index.php?rest_route=\/wp\/v2\/product\/565"}],"collection":[{"href":"http:\/\/www.editionlempfer.de\/index.php?rest_route=\/wp\/v2\/product"}],"about":[{"href":"http:\/\/www.editionlempfer.de\/index.php?rest_route=\/wp\/v2\/types\/product"}],"replies":[{"embeddable":true,"href":"http:\/\/www.editionlempfer.de\/index.php?rest_route=%2Fwp%2Fv2%2Fcomments&post=565"}],"wp:featuredmedia":[{"embeddable":true,"href":"http:\/\/www.editionlempfer.de\/index.php?rest_route=\/wp\/v2\/media\/567"}],"wp:attachment":[{"href":"http:\/\/www.editionlempfer.de\/index.php?rest_route=%2Fwp%2Fv2%2Fmedia&parent=565"}],"wp:term":[{"taxonomy":"product_cat","embeddable":true,"href":"http:\/\/www.editionlempfer.de\/index.php?rest_route=%2Fwp%2Fv2%2Fproduct_cat&post=565"},{"taxonomy":"product_tag","embeddable":true,"href":"http:\/\/www.editionlempfer.de\/index.php?rest_route=%2Fwp%2Fv2%2Fproduct_tag&post=565"}],"curies":[{"name":"wp","href":"https:\/\/api.w.org\/{rel}","templated":true}]}}