{"id":582,"date":"2014-09-27T12:23:17","date_gmt":"2014-09-27T10:23:17","guid":{"rendered":"http:\/\/editionlempfer.de\/?product=csikos-post"},"modified":"2016-11-17T12:47:02","modified_gmt":"2016-11-17T10:47:02","slug":"csikos-post","status":"publish","type":"product","link":"http:\/\/www.editionlempfer.de\/?product=csikos-post","title":{"rendered":"Csik\u00f3s Post"},"content":{"rendered":"","protected":false},"excerpt":{"rendered":"<h6><span style=\"color: #808080;\">*Endpreis zzgl. Versandkosten, keine Ausweisung der Mehrwertsteuer gem\u00e4\u00df \u00a7 19 UStG<\/span><\/h6>\n<hr \/>\n<p><strong>Musik:<\/strong> Hermann Necke<strong><br \/>\n<\/strong><\/p>\n<p><strong>Arrangement: <\/strong>Tobias Lempfer<\/p>\n<hr \/>\n<p><strong><em>Fl\u00f6tenquintett<\/em><\/strong><\/p>\n<p><em>&#8218;Csik\u00f3s Post&#8216; ist ungarisch und hei\u00dft \u00fcbersetzt &#8218;Postkutsche&#8216;. Die lustige Schnellpolka von Hermann Necke (1850-1912) in einem schwungvollen Arrangement f\u00fcr Fl\u00f6tenquintett. Partitur und Stimmen.<\/em><\/p>\n<p><em>Partitur und Stimmen werden in einer Mappe geliefert.<\/em><\/p>\n<hr \/>\n<ul>\n<li><strong>C-Besetzung:<\/strong> Fl\u00f6te 1\/2\/3, Altfl\u00f6te in G, Bassfl\u00f6te<\/li>\n<\/ul>\n","protected":false},"featured_media":584,"comment_status":"closed","ping_status":"closed","template":"","meta":[],"product_cat":[27],"product_tag":[],"_links":{"self":[{"href":"http:\/\/www.editionlempfer.de\/index.php?rest_route=\/wp\/v2\/product\/582"}],"collection":[{"href":"http:\/\/www.editionlempfer.de\/index.php?rest_route=\/wp\/v2\/product"}],"about":[{"href":"http:\/\/www.editionlempfer.de\/index.php?rest_route=\/wp\/v2\/types\/product"}],"replies":[{"embeddable":true,"href":"http:\/\/www.editionlempfer.de\/index.php?rest_route=%2Fwp%2Fv2%2Fcomments&post=582"}],"wp:featuredmedia":[{"embeddable":true,"href":"http:\/\/www.editionlempfer.de\/index.php?rest_route=\/wp\/v2\/media\/584"}],"wp:attachment":[{"href":"http:\/\/www.editionlempfer.de\/index.php?rest_route=%2Fwp%2Fv2%2Fmedia&parent=582"}],"wp:term":[{"taxonomy":"product_cat","embeddable":true,"href":"http:\/\/www.editionlempfer.de\/index.php?rest_route=%2Fwp%2Fv2%2Fproduct_cat&post=582"},{"taxonomy":"product_tag","embeddable":true,"href":"http:\/\/www.editionlempfer.de\/index.php?rest_route=%2Fwp%2Fv2%2Fproduct_tag&post=582"}],"curies":[{"name":"wp","href":"https:\/\/api.w.org\/{rel}","templated":true}]}}