{"id":585,"date":"2014-09-27T12:27:09","date_gmt":"2014-09-27T10:27:09","guid":{"rendered":"http:\/\/editionlempfer.de\/?product=die-kleine-bergkapelle"},"modified":"2016-11-17T12:47:02","modified_gmt":"2016-11-17T10:47:02","slug":"die-kleine-bergkapelle","status":"publish","type":"product","link":"http:\/\/www.editionlempfer.de\/?product=die-kleine-bergkapelle","title":{"rendered":"Die kleine Bergkapelle"},"content":{"rendered":"","protected":false},"excerpt":{"rendered":"<h6><span style=\"color: #808080;\">*Endpreis zzgl. Versandkosten, keine Ausweisung der Mehrwertsteuer gem\u00e4\u00df \u00a7 19 UStG<\/span><\/h6>\n<hr \/>\n<p><strong>Musik: <\/strong>Tobias Lempfer<\/p>\n<hr \/>\n<p><em>Die &#8218;Bergkapelle&#8216; ist fast schon ein Klassiker in der Spielleuteliteratur. Die kleine Fantasie ist schwungvoll, klangsch\u00f6n und sehr feierlich. Sie macht sich sehr gut im Konzert, in der Kirche und auch im Wertungsspiel. Leicht \u00fcberarbeitete Fassung.<\/em><\/p>\n<p><strong><em>Schwierigkeitsgrad: <\/em><\/strong><em>BDMV Kategorie 3<\/em><\/p>\n<p><em><strong>DAUER:<\/strong> ca. 4&#8217;40 Minuten<\/em><\/p>\n<hr \/>\n<p>Ein Klangbeispiel dieses Titels darf aus urheberrechtlichen Gr\u00fcnden leider nicht ver\u00f6ffentlich werden. Sie k\u00f6nnen gerne ein Demo unter kontakt [@] editionlempfer.de anfordern.<\/p>\n<hr \/>\n<ul>\n<li><strong>C-Besetzung:<\/strong> Piccolo 1\/2, Fl\u00f6te 1\/2\/3, Altfl\u00f6te in G (ad lib.), Bassfl\u00f6te (ad lib.)<\/li>\n<li><strong>C\/B-Besetzung:<\/strong> Piccolo 1\/2, Sopran 1\/2, Fl\u00f6te 1\/2\/3, Altfl\u00f6te in G (ad lib.), Bassfl\u00f6te (ad lib.)<\/li>\n<li><strong>Ces\/Fes-Besetzung:<\/strong> Sopran in Ces 1\/2, Alt in Fes 1\/2, Tenor in Ces<\/li>\n<li><strong>B\/Es-Besetzung:<\/strong> Sopran in B 1\/2, Alt in Es 1\/2, Tenor in B<\/li>\n<li><strong>Stabspiele:<\/strong> Glockenspiel, Marimba (Bass [2 Spieler]<\/li>\n<li><strong>Schlagwerk:<\/strong> Pauken (ad lib.), Kleine Trommel, Percussion (Triangel, Chimes &amp; Beatring), Cymbals (Hi-Hat, sus. Cymbals &amp; Ride), Gro\u00dfe Trommel\/Becken [ 5 Spieler+]<\/li>\n<\/ul>\n<hr \/>\n<p><strong><a href=\"http:\/\/www.editionlempfer.de\/?product=die-kleine-bergkapelle-partitur\" target=\"_blank\"> Extra-Partituren<\/a><\/strong><\/p>\n","protected":false},"featured_media":587,"comment_status":"closed","ping_status":"closed","template":"","meta":[],"product_cat":[22],"product_tag":[],"_links":{"self":[{"href":"http:\/\/www.editionlempfer.de\/index.php?rest_route=\/wp\/v2\/product\/585"}],"collection":[{"href":"http:\/\/www.editionlempfer.de\/index.php?rest_route=\/wp\/v2\/product"}],"about":[{"href":"http:\/\/www.editionlempfer.de\/index.php?rest_route=\/wp\/v2\/types\/product"}],"replies":[{"embeddable":true,"href":"http:\/\/www.editionlempfer.de\/index.php?rest_route=%2Fwp%2Fv2%2Fcomments&post=585"}],"wp:featuredmedia":[{"embeddable":true,"href":"http:\/\/www.editionlempfer.de\/index.php?rest_route=\/wp\/v2\/media\/587"}],"wp:attachment":[{"href":"http:\/\/www.editionlempfer.de\/index.php?rest_route=%2Fwp%2Fv2%2Fmedia&parent=585"}],"wp:term":[{"taxonomy":"product_cat","embeddable":true,"href":"http:\/\/www.editionlempfer.de\/index.php?rest_route=%2Fwp%2Fv2%2Fproduct_cat&post=585"},{"taxonomy":"product_tag","embeddable":true,"href":"http:\/\/www.editionlempfer.de\/index.php?rest_route=%2Fwp%2Fv2%2Fproduct_tag&post=585"}],"curies":[{"name":"wp","href":"https:\/\/api.w.org\/{rel}","templated":true}]}}