{"id":599,"date":"2014-09-27T12:32:18","date_gmt":"2014-09-27T10:32:18","guid":{"rendered":"http:\/\/editionlempfer.de\/?product=die-wut-ueber-den-verlorenen-groschen"},"modified":"2016-11-17T12:46:54","modified_gmt":"2016-11-17T10:46:54","slug":"die-wut-ueber-den-verlorenen-groschen","status":"publish","type":"product","link":"http:\/\/www.editionlempfer.de\/?product=die-wut-ueber-den-verlorenen-groschen","title":{"rendered":"Die Wut \u00fcber den verlorenen Groschen"},"content":{"rendered":"","protected":false},"excerpt":{"rendered":"<h6><span style=\"color: #808080;\">*Endpreis zzgl. Versandkosten, keine Ausweisung der Mehrwertsteuer gem\u00e4\u00df \u00a7 19 UStG<\/span><\/h6>\n<hr \/>\n<p><strong>Musik: <\/strong>Ludwig van Beethoven<strong><br \/>\n<\/strong><\/p>\n<p><strong>Arrangement: <\/strong>Tobias Lempfer<\/p>\n<hr \/>\n<p><strong><em>Fl\u00f6tenquintett<\/em><\/strong><\/p>\n<p><em>Beethovens &#8222;Alla Ingharese quasi un Capriccio&#8220; ist urspr\u00fcnglich ein Rondo f\u00fcr Klavier. Der Untertitel &#8222;Die Wut \u00fcber den verlorenen Groschen&#8220; stammt wohl aus der Beschaffenheit des Hauptthemas, auf einen steigenden Dreiklang folgt ein fallendes Sechszentel-Motiv. Diese musikalische Bewegung erinnert tats\u00e4chlich an eine fallende, fortrollende M\u00fcnze. Die &#8222;Wut&#8220; kann durch st\u00e4ndig wiederholte, harte Staccato-Achtel der Begleitung nachempfunden werden. Das Arrangement ist sehr Melodiebetont.<\/em><\/p>\n<p><em>Partitur und Stimmen werden in einer Mappe geliefert.<\/em><\/p>\n<hr \/>\n<ul>\n<li><strong>C-Besetzung:<\/strong> Fl\u00f6te 1\/2\/3, Altfl\u00f6te in G, Bassfl\u00f6te<\/li>\n<\/ul>\n","protected":false},"featured_media":601,"comment_status":"closed","ping_status":"closed","template":"","meta":[],"product_cat":[27],"product_tag":[],"_links":{"self":[{"href":"http:\/\/www.editionlempfer.de\/index.php?rest_route=\/wp\/v2\/product\/599"}],"collection":[{"href":"http:\/\/www.editionlempfer.de\/index.php?rest_route=\/wp\/v2\/product"}],"about":[{"href":"http:\/\/www.editionlempfer.de\/index.php?rest_route=\/wp\/v2\/types\/product"}],"replies":[{"embeddable":true,"href":"http:\/\/www.editionlempfer.de\/index.php?rest_route=%2Fwp%2Fv2%2Fcomments&post=599"}],"wp:featuredmedia":[{"embeddable":true,"href":"http:\/\/www.editionlempfer.de\/index.php?rest_route=\/wp\/v2\/media\/601"}],"wp:attachment":[{"href":"http:\/\/www.editionlempfer.de\/index.php?rest_route=%2Fwp%2Fv2%2Fmedia&parent=599"}],"wp:term":[{"taxonomy":"product_cat","embeddable":true,"href":"http:\/\/www.editionlempfer.de\/index.php?rest_route=%2Fwp%2Fv2%2Fproduct_cat&post=599"},{"taxonomy":"product_tag","embeddable":true,"href":"http:\/\/www.editionlempfer.de\/index.php?rest_route=%2Fwp%2Fv2%2Fproduct_tag&post=599"}],"curies":[{"name":"wp","href":"https:\/\/api.w.org\/{rel}","templated":true}]}}