{"id":630,"date":"2014-09-27T12:59:39","date_gmt":"2014-09-27T10:59:39","guid":{"rendered":"http:\/\/editionlempfer.de\/?product=marsch-aus-petersburg"},"modified":"2016-11-17T12:46:34","modified_gmt":"2016-11-17T10:46:34","slug":"marsch-aus-petersburg","status":"publish","type":"product","link":"http:\/\/www.editionlempfer.de\/?product=marsch-aus-petersburg","title":{"rendered":"Marsch aus Petersburg"},"content":{"rendered":"","protected":false},"excerpt":{"rendered":"<h6><span style=\"color: #808080;\">*Endpreis zzgl. Versandkosten, keine Ausweisung der Mehrwertsteuer gem\u00e4\u00df \u00a7 19 UStG<\/span><\/h6>\n<hr \/>\n<p><strong>Musik:\u00a0<\/strong>Erik Eriksson<\/p>\n<p><strong>Arrangement: <\/strong>Tobias Lempfer<\/p>\n<hr \/>\n<p><em>Traditions- und Armeemarsch, der 1837 aus St. Petersburg nach Preu\u00dfen gelangte. Vor allem bei Volksfesten beliebter Gassenhauer.<\/em><\/p>\n<p><em><strong>SCHWIERIGKEITSGRAD:<\/strong> Kategorie 1-2\u00a0 <\/em><\/p>\n<p><em><strong>DAUER:<\/strong> ca. 2&#8217;00 Minuten<\/em><\/p>\n<hr \/>\n<ul>\n<li><strong>C-Besetzung:<\/strong> Piccolo 1\/2, Fl\u00f6te 1\/2, Altfl\u00f6te in G (ad lib.), Bassfl\u00f6te (ad lib.), Kontrabassfl\u00f6te (ad lib.)<\/li>\n<li><strong>C\/B-Besetzung:<\/strong> Piccolo 1\/2, Sopran 1\/2, Fl\u00f6te 1\/2, Altfl\u00f6te in G (ad lib.), Bassfl\u00f6te (ad lib.), Kontrabassfl\u00f6te (ad lib.)<\/li>\n<li><strong>Ces\/Fes-Besetzung:<\/strong> Sopran in Ces 1\/2, Alt in Fes, Tenor in Ces<\/li>\n<li><strong>B\/Es-Besetzung:<\/strong> Sopran in B 1\/2, Alt in Es, Tenor in B<\/li>\n<li><strong>Stabspiele:<\/strong> Glockenspiel, Marimba (Bass) (ad lib.) [1 Spieler+]<\/li>\n<li><strong>Schlagwerk:<\/strong> Pauken (ad lib.), Kleine Trommel, Gro\u00dfe Trommel\/Becken [ 3 Spieler+]<\/li>\n<\/ul>\n<p><span style=\"color: #6aa694;\"><em>Anmerkung: Es ist kein Bassmarimba erforderlich. Alle Kompositionen und Arrangements sind f\u00fcr ein Standard-4 \u2153-Oktaven-Marimba geschrieben. Sollten Marimba 1 und Marimba 2 besetzt sein, k\u00f6nnen die Stimmen ebenfalls auf einem 4 \u2153-Oktaven-Instrument gespielt werden.<\/em><\/span><\/p>\n<hr \/>\n<p>&nbsp;<\/p>\n","protected":false},"featured_media":632,"comment_status":"closed","ping_status":"closed","template":"","meta":[],"product_cat":[21],"product_tag":[],"_links":{"self":[{"href":"http:\/\/www.editionlempfer.de\/index.php?rest_route=\/wp\/v2\/product\/630"}],"collection":[{"href":"http:\/\/www.editionlempfer.de\/index.php?rest_route=\/wp\/v2\/product"}],"about":[{"href":"http:\/\/www.editionlempfer.de\/index.php?rest_route=\/wp\/v2\/types\/product"}],"replies":[{"embeddable":true,"href":"http:\/\/www.editionlempfer.de\/index.php?rest_route=%2Fwp%2Fv2%2Fcomments&post=630"}],"wp:featuredmedia":[{"embeddable":true,"href":"http:\/\/www.editionlempfer.de\/index.php?rest_route=\/wp\/v2\/media\/632"}],"wp:attachment":[{"href":"http:\/\/www.editionlempfer.de\/index.php?rest_route=%2Fwp%2Fv2%2Fmedia&parent=630"}],"wp:term":[{"taxonomy":"product_cat","embeddable":true,"href":"http:\/\/www.editionlempfer.de\/index.php?rest_route=%2Fwp%2Fv2%2Fproduct_cat&post=630"},{"taxonomy":"product_tag","embeddable":true,"href":"http:\/\/www.editionlempfer.de\/index.php?rest_route=%2Fwp%2Fv2%2Fproduct_tag&post=630"}],"curies":[{"name":"wp","href":"https:\/\/api.w.org\/{rel}","templated":true}]}}