{"id":693,"date":"2014-09-27T13:52:18","date_gmt":"2014-09-27T11:52:18","guid":{"rendered":"http:\/\/editionlempfer.de\/?product=romanze"},"modified":"2018-10-16T11:09:42","modified_gmt":"2018-10-16T09:09:42","slug":"romanze","status":"publish","type":"product","link":"http:\/\/www.editionlempfer.de\/?product=romanze","title":{"rendered":"Romanze"},"content":{"rendered":"","protected":false},"excerpt":{"rendered":"<h6><span style=\"color: #808080;\">*Endpreis zzgl. Versandkosten, keine Ausweisung der Mehrwertsteuer gem\u00e4\u00df \u00a7 19 UStG<\/span><\/h6>\n<hr \/>\n<p><strong>Musik: <\/strong>Tobias Lempfer<\/p>\n<hr \/>\n<p><em>Sehr gef\u00fchlvoll wird sich die Romanze in das Herz Ihres Publikums schmeicheln. Das singende Grundthema erklingt zun\u00e4chst als Solo im Glockenspiel. Anschlie\u00dfend wird es von den verschiedenen Fl\u00f6ten aufgegriffen und verarbeitet. Ein ideales St\u00fcck, um den Ensembleklang in Kirchen voll zu entfalten.<\/em><\/p>\n<p><strong><em>Schwierigkeitsgrad:\u00a0<\/em><\/strong><em>BDMV<\/em> <em>Kategorie <\/em>2<\/p>\n<p><em><strong>DAUER:<\/strong> ca. 2&#8217;20 Minuten<\/em><\/p>\n<hr \/>\n<p>Ein Klangbeispiel dieses Titels darf aus urheberrechtlichen Gr\u00fcnden leider nicht ver\u00f6ffentlich werden. Sie k\u00f6nnen gerne ein Demo unter kontakt [@] editionlempfer.de anfordern.<\/p>\n<hr \/>\n<ul>\n<li><strong>C-Besetzung:<\/strong> Piccolo 1\/2, Fl\u00f6te 1\/2\/3, Altfl\u00f6te in G (ad lib.), Bassfl\u00f6te (ad lib.), Kontrabassfl\u00f6te (ad lib.)<\/li>\n<li><strong>C\/B-Besetzung:<\/strong> Piccolo 1\/2, Sopran 1\/2, Fl\u00f6te 1\/2\/3, Altfl\u00f6te in G (ad lib.), Bassfl\u00f6te (ad lib.), Kontrabassfl\u00f6te (ad lib.)<\/li>\n<li><strong>Fl\u00f6tenorchester:<\/strong> Fl\u00f6te 1 mit Wechsel zum Piccolo, Fl\u00f6te 2-5, Altfl\u00f6te, Bassfl\u00f6te [Schlagwerke wie oben]<\/li>\n<li><strong>Stabspiele:<\/strong> Glockenspiel, Marimba (Bass) [2 Spieler]<\/li>\n<li><strong>Schlagwerk:<\/strong> Pauken (ad lib.), Triangel &amp; Kleine Trommel, Bongos, Gro\u00dfe Trommel\/Becken &amp; Chimes [ 4Spieler+]<\/li>\n<\/ul>\n<p><span style=\"color: #6aa694;\"><em>Anmerkung: Es ist kein Bassmarimba erforderlich. Alle Kompositionen und Arrangements sind f\u00fcr ein Standard-4 \u2153-Oktaven-Marimba geschrieben. Sollten Marimba 1 und Marimba 2 besetzt sein, k\u00f6nnen die Stimmen ebenfalls auf einem 4 \u2153-Oktaven-Instrument gespielt werden.<\/em><\/span><\/p>\n<hr \/>\n<p><a href=\"http:\/\/www.editionlempfer.de\/?product=romanze-partitur\" target=\"_blank\" rel=\"noopener\"> Extra-Partituren<\/a><\/p>\n","protected":false},"featured_media":695,"comment_status":"closed","ping_status":"closed","template":"","meta":[],"product_cat":[22,26],"product_tag":[],"_links":{"self":[{"href":"http:\/\/www.editionlempfer.de\/index.php?rest_route=\/wp\/v2\/product\/693"}],"collection":[{"href":"http:\/\/www.editionlempfer.de\/index.php?rest_route=\/wp\/v2\/product"}],"about":[{"href":"http:\/\/www.editionlempfer.de\/index.php?rest_route=\/wp\/v2\/types\/product"}],"replies":[{"embeddable":true,"href":"http:\/\/www.editionlempfer.de\/index.php?rest_route=%2Fwp%2Fv2%2Fcomments&post=693"}],"wp:featuredmedia":[{"embeddable":true,"href":"http:\/\/www.editionlempfer.de\/index.php?rest_route=\/wp\/v2\/media\/695"}],"wp:attachment":[{"href":"http:\/\/www.editionlempfer.de\/index.php?rest_route=%2Fwp%2Fv2%2Fmedia&parent=693"}],"wp:term":[{"taxonomy":"product_cat","embeddable":true,"href":"http:\/\/www.editionlempfer.de\/index.php?rest_route=%2Fwp%2Fv2%2Fproduct_cat&post=693"},{"taxonomy":"product_tag","embeddable":true,"href":"http:\/\/www.editionlempfer.de\/index.php?rest_route=%2Fwp%2Fv2%2Fproduct_tag&post=693"}],"curies":[{"name":"wp","href":"https:\/\/api.w.org\/{rel}","templated":true}]}}