{"id":703,"date":"2014-09-27T14:02:01","date_gmt":"2014-09-27T12:02:01","guid":{"rendered":"http:\/\/editionlempfer.de\/?product=rondeau"},"modified":"2016-11-17T12:44:44","modified_gmt":"2016-11-17T10:44:44","slug":"rondeau","status":"publish","type":"product","link":"http:\/\/www.editionlempfer.de\/?product=rondeau","title":{"rendered":"Rondeau"},"content":{"rendered":"","protected":false},"excerpt":{"rendered":"<h6><span style=\"color: #808080;\">*Endpreis zzgl. Versandkosten, keine Ausweisung der Mehrwertsteuer gem\u00e4\u00df \u00a7 19 UStG<\/span><\/h6>\n<hr \/>\n<p><strong>Musik: <\/strong>Henry Purcell<strong><br \/>\n<\/strong><\/p>\n<p><strong>Arrangement: <\/strong>Tobias Lempfer<\/p>\n<hr \/>\n<p><em>Das Rondeau aus dem Schauspiel &#8222;Abdelazer&#8220; geh\u00f6rt zu den bekanntesten Melodien des Barockkomponisten Henry Purcell (1659-1695). Das Arrangement kann auch zusammen mit Orgel aufgef\u00fchrt werde und wird zum H\u00f6hepunkt bei jedem Kirchenkonzert! Doch ohne Orgel klingt das Rondeau in jeder Besetzung sehr feierlich.<\/em><\/p>\n<p><em><strong>SCHWIERIGKEITSGRAD:<\/strong> Kategorie 2-3\u00a0 <\/em><\/p>\n<p><em><strong>DAUER:<\/strong> ca. 2&#8217;00 Minuten<\/em><\/p>\n<hr \/>\n<p>&nbsp;<\/p>\n[audio mp3=\"http:\/\/www.editionlempfer.de\/wp-content\/uploads\/2014\/10\/Rondeau.mp3\"][\/audio]\n<hr \/>\n<ul>\n<li><strong>C-Besetzung:<\/strong> Piccolo 1\/2, Fl\u00f6te 1\/2\/3, Altfl\u00f6te in G (ad lib.), Bassfl\u00f6te (ad lib.), Kontrabassfl\u00f6te (ad lib.)<\/li>\n<li><strong>C\/B-Besetzung:<\/strong> Piccolo 1\/2, Sopran 1\/2, Fl\u00f6te 1\/2\/3, Altfl\u00f6te in G (ad lib.), Bassfl\u00f6te (ad lib.), Kontrabassfl\u00f6te (ad lib.)<\/li>\n<li><strong>Ces\/Fes-Besetzung:<\/strong> Sopran in Ces 1\/2, Alt in Fes 1\/2, Tenor in Ces<\/li>\n<li><strong>B\/Es-Besetzung:<\/strong> Sopran in B 1\/2, Alt in Es 1\/2, Tenor in B<\/li>\n<li><strong>Fl\u00f6tenorchester:<\/strong> Piccolo (solo) (ad lib.), Fl\u00f6te 1-4, Altfl\u00f6te in G, Bassfl\u00f6te, Kontrabassfl\u00f6te (ad lib.)<\/li>\n<\/ul>\n<ul>\n<li><strong>Stabspiele:<\/strong> Glockenspiel, Marimba (Bass), Marimba 2 (ad lib.) [2 Spieler+]<\/li>\n<li><strong>Schlagwerk:<\/strong> Pauken (ad lib.), Kleine Trommel, Tenortrommel, Triangel (ad lib.), Gro\u00dfe Trommel\/Becken [ 4Spieler+]<\/li>\n<li><strong>Orgel:<\/strong> Die Orgelstimme ist f\u00fcr alle Stimmungen beigef\u00fcgt. Die Stimme ist f\u00fcr Ces-\/Fes-Besetzung schwer!<\/li>\n<\/ul>\n<p><span style=\"color: #6aa694;\"><em>Anmerkung: Es ist kein Bassmarimba erforderlich. Alle Kompositionen und Arrangements sind f\u00fcr ein Standard-4 \u2153-Oktaven-Marimba geschrieben. Sollten Marimba 1 und Marimba 2 besetzt sein, k\u00f6nnen die Stimmen ebenfalls auf einem 4 \u2153-Oktaven-Instrument gespielt werden.<\/em><\/span><\/p>\n<hr \/>\n<p><a href=\"http:\/\/www.editionlempfer.de\/?product=rondeau-partitur\" target=\"_blank\"> Extra-Partituren<\/a><\/p>\n","protected":false},"featured_media":705,"comment_status":"closed","ping_status":"closed","template":"","meta":[],"product_cat":[23,26],"product_tag":[],"_links":{"self":[{"href":"http:\/\/www.editionlempfer.de\/index.php?rest_route=\/wp\/v2\/product\/703"}],"collection":[{"href":"http:\/\/www.editionlempfer.de\/index.php?rest_route=\/wp\/v2\/product"}],"about":[{"href":"http:\/\/www.editionlempfer.de\/index.php?rest_route=\/wp\/v2\/types\/product"}],"replies":[{"embeddable":true,"href":"http:\/\/www.editionlempfer.de\/index.php?rest_route=%2Fwp%2Fv2%2Fcomments&post=703"}],"wp:featuredmedia":[{"embeddable":true,"href":"http:\/\/www.editionlempfer.de\/index.php?rest_route=\/wp\/v2\/media\/705"}],"wp:attachment":[{"href":"http:\/\/www.editionlempfer.de\/index.php?rest_route=%2Fwp%2Fv2%2Fmedia&parent=703"}],"wp:term":[{"taxonomy":"product_cat","embeddable":true,"href":"http:\/\/www.editionlempfer.de\/index.php?rest_route=%2Fwp%2Fv2%2Fproduct_cat&post=703"},{"taxonomy":"product_tag","embeddable":true,"href":"http:\/\/www.editionlempfer.de\/index.php?rest_route=%2Fwp%2Fv2%2Fproduct_tag&post=703"}],"curies":[{"name":"wp","href":"https:\/\/api.w.org\/{rel}","templated":true}]}}