{"id":713,"date":"2014-09-27T14:08:50","date_gmt":"2014-09-27T12:08:50","guid":{"rendered":"http:\/\/editionlempfer.de\/?product=template-kopieren"},"modified":"2017-04-26T12:10:49","modified_gmt":"2017-04-26T10:10:49","slug":"template-kopieren","status":"publish","type":"product","link":"http:\/\/www.editionlempfer.de\/?product=template-kopieren","title":{"rendered":"Windreiterin"},"content":{"rendered":"","protected":false},"excerpt":{"rendered":"<h6><span style=\"color: #808080;\">*Endpreis zzgl. Versandkosten, keine Ausweisung der Mehrwertsteuer gem\u00e4\u00df \u00a7 19 UStG<\/span><\/h6>\n<hr \/>\n<p><strong>Musik:<\/strong>\u00a0Tobias Lempfer<\/p>\n<hr \/>\n<p><em>&#8222;Die mit dem Wind Reitet&#8220;, oder &#8222;Naduah&#8220; &#8211; die Heldin eines Wild-West-Romans wird als Kind ihren Eltern entrissen und w\u00e4chst bei einem Indianerstamm als Ziehtochter eines angesehenen Kriegers auf. Diese St\u00fcck charakterisiert das junge Siedlerm\u00e4dchen, dass die Kultur der amerikanischen Ureinwohner zu ihrer eigenen Kultur macht.<\/em><\/p>\n<p><em>Das St\u00fcck setzt einen sch\u00f6nen Klangkontrast in Ihrem n\u00e4chsten Konzert und ist in allen Besetzungen f\u00fcr Wettbewerbe geeignet.<\/em><\/p>\n<p><strong>Schwierigkeitsgrad: <\/strong><em>BDMV Kategorie 2 [Neueinstufung 2017]<br \/>\n<\/em><\/p>\n<p><em><strong>DAUER:<\/strong> ca. 4&#8217;35 Minuten<\/em><\/p>\n<hr \/>\n<p>Ein Klangbeispiel dieses Titels darf aus urheberrechtlichen Gr\u00fcnden leider nicht ver\u00f6ffentlich werden. Sie k\u00f6nnen gerne ein Demo unter kontakt [@] editionlempfer.de anfordern.<\/p>\n<hr \/>\n<ul>\n<li><strong>C-Besetzung:<\/strong> Piccolo 1\/2, Fl\u00f6te 1\/2\/3<\/li>\n<li><strong>C\/B-Besetzung:<\/strong> Piccolo 1\/2, Sopran 1\/2, Fl\u00f6te 1\/2\/3<\/li>\n<li><strong>Ces\/Fes-Besetzung:<\/strong> Sopran in Ces 1\/2, Alt in Fes 1\/2, Tenor in Ces<\/li>\n<li><strong>B\/Es-Besetzung:<\/strong> Sopran in B 1\/2, Alt in Es 1\/2, Tenor in B<\/li>\n<li><strong>Stabspiele:<\/strong> Glockenspiel, Xylophon (ad lib.), Marimba (Bass) [2 Spieler+]<\/li>\n<li><strong>Schlagwerk:<\/strong> Kleine Trommel, Congas (Bongos opt.), Toms, Percussion 1 (Shaker, Woddblock &amp; Triangel), Percussion 2 (Triangel &amp; Beatring) Becken (sus. Cymbals, Ride &amp; Konzertbecken), Gro\u00dfe Trommel [7 Spieler]<\/li>\n<\/ul>\n<p><span style=\"color: #6aa694;\"><em>Anmerkung: Es ist kein Bassmarimba erforderlich. Alle Kompositionen und Arrangements sind f\u00fcr ein Standard-4 \u2153-Oktaven-Marimba geschrieben. Sollten Marimba 1 und Marimba 2 besetzt sein, k\u00f6nnen die Stimmen ebenfalls auf einem 4 \u2153-Oktaven-Instrument gespielt werden.<\/em><\/span><\/p>\n<hr \/>\n<p><a href=\"http:\/\/www.editionlempfer.de\/?product=windreiterin-partitur\" target=\"_blank\"> Extra-Partituren<\/a><\/p>\n","protected":false},"featured_media":825,"comment_status":"closed","ping_status":"closed","template":"","meta":[],"product_cat":[22],"product_tag":[],"_links":{"self":[{"href":"http:\/\/www.editionlempfer.de\/index.php?rest_route=\/wp\/v2\/product\/713"}],"collection":[{"href":"http:\/\/www.editionlempfer.de\/index.php?rest_route=\/wp\/v2\/product"}],"about":[{"href":"http:\/\/www.editionlempfer.de\/index.php?rest_route=\/wp\/v2\/types\/product"}],"replies":[{"embeddable":true,"href":"http:\/\/www.editionlempfer.de\/index.php?rest_route=%2Fwp%2Fv2%2Fcomments&post=713"}],"wp:featuredmedia":[{"embeddable":true,"href":"http:\/\/www.editionlempfer.de\/index.php?rest_route=\/wp\/v2\/media\/825"}],"wp:attachment":[{"href":"http:\/\/www.editionlempfer.de\/index.php?rest_route=%2Fwp%2Fv2%2Fmedia&parent=713"}],"wp:term":[{"taxonomy":"product_cat","embeddable":true,"href":"http:\/\/www.editionlempfer.de\/index.php?rest_route=%2Fwp%2Fv2%2Fproduct_cat&post=713"},{"taxonomy":"product_tag","embeddable":true,"href":"http:\/\/www.editionlempfer.de\/index.php?rest_route=%2Fwp%2Fv2%2Fproduct_tag&post=713"}],"curies":[{"name":"wp","href":"https:\/\/api.w.org\/{rel}","templated":true}]}}