{"id":728,"date":"2014-09-27T14:19:18","date_gmt":"2014-09-27T12:19:18","guid":{"rendered":"http:\/\/editionlempfer.de\/?product=tuerkischer-marsch"},"modified":"2016-11-17T12:44:32","modified_gmt":"2016-11-17T10:44:32","slug":"tuerkischer-marsch","status":"publish","type":"product","link":"http:\/\/www.editionlempfer.de\/?product=tuerkischer-marsch","title":{"rendered":"T\u00fcrkischer Marsch"},"content":{"rendered":"","protected":false},"excerpt":{"rendered":"<h6><span style=\"color: #808080;\">*Endpreis zzgl. Versandkosten, keine Ausweisung der Mehrwertsteuer gem\u00e4\u00df \u00a7 19 UStG<\/span><\/h6>\n<hr \/>\n<p><strong>Musik:<\/strong> Wolfgang Amedeus Mozart<strong><br \/>\n<\/strong><\/p>\n<p><strong>Arrangement: <\/strong>Tobias Lempfer<\/p>\n<hr \/>\n<p><em>Das &#8222;Rondo Alla Turca&#8220; beinhaltet eine der bekanntesten Melodien aus der Klassik. Wolfgang Amadeus Mozart (1756-1791) imitiert die t\u00fcrkische Janitscharenmusik. Der Gassehauer bringt Abwechslung beim n\u00e4chsten Festumzug und im Konzert. Klingt auch bei kleinen Besetzungen!<\/em><\/p>\n<p><em><strong>SCHWIERIGKEITSGRAD:<\/strong> <\/em><em>BDMV<\/em> <em>Kategorie 3<\/em><\/p>\n<p><em><strong>DAUER:<\/strong> ca. 2&#8217;20 Minuten<\/em><\/p>\n<hr \/>\n[audio mp3=\"http:\/\/www.editionlempfer.de\/wp-content\/uploads\/2014\/09\/Tuerkischer-Marsch-Demo.mp3\"][\/audio]\n<hr \/>\n<ul>\n<li><strong>C-Besetzung:<\/strong> Piccolo 1\/2, Fl\u00f6te 1\/2, Fl\u00f6te 3 (ad lib.), Altfl\u00f6te in G (ad lib.), Bassfl\u00f6te (ad lib.), Kontrabassfl\u00f6te (ad lib.)<\/li>\n<li><strong>C\/B-Besetzung:<\/strong> Piccolo 1\/2, Sopran 1\/2, Fl\u00f6te 1\/2, Fl\u00f6te 3 (ad lib.), Altfl\u00f6te in G (ad lib.), Bassfl\u00f6te (ad lib.), Kontrabassfl\u00f6te (ad lib.)<\/li>\n<li><strong>Ces\/Fes-Besetzung:<\/strong> Sopran in Ces 1\/2, Alt in Fes, Tenor in Ces<\/li>\n<li><strong>B\/Es-Besetzung:<\/strong> Sopran in B 1\/2, Alt in Es, Tenor in B<\/li>\n<li><strong>Stabspiele:<\/strong> Glockenspiel, Marimba (Bass) (ad lib.) [1 Spieler+]<\/li>\n<li><strong>Schlagwerk:<\/strong> Pauken (ad lib.), Kleine Trommel, Bongos (ad lib.), Toms (ad lib.), Beatring (ad lib.), Gro\u00dfe Trommel\/Becken [ 3 Spieler+]<\/li>\n<\/ul>\n<p><span style=\"color: #6aa694;\"><em>Anmerkung: Es ist kein Bassmarimba erforderlich. Alle Kompositionen und Arrangements sind f\u00fcr ein Standard-4 \u2153-Oktaven-Marimba geschrieben. Sollten Marimba 1 und Marimba 2 besetzt sein, k\u00f6nnen die Stimmen ebenfalls auf einem 4 \u2153-Oktaven-Instrument gespielt werden.<\/em><\/span><\/p>\n<hr \/>\n<p><a href=\"http:\/\/www.editionlempfer.de\/?product=tuerkischer-marsch-partitur\" target=\"_blank\"> Extra-Partituren<\/a><\/p>\n","protected":false},"featured_media":730,"comment_status":"closed","ping_status":"closed","template":"","meta":[],"product_cat":[23,21],"product_tag":[],"_links":{"self":[{"href":"http:\/\/www.editionlempfer.de\/index.php?rest_route=\/wp\/v2\/product\/728"}],"collection":[{"href":"http:\/\/www.editionlempfer.de\/index.php?rest_route=\/wp\/v2\/product"}],"about":[{"href":"http:\/\/www.editionlempfer.de\/index.php?rest_route=\/wp\/v2\/types\/product"}],"replies":[{"embeddable":true,"href":"http:\/\/www.editionlempfer.de\/index.php?rest_route=%2Fwp%2Fv2%2Fcomments&post=728"}],"wp:featuredmedia":[{"embeddable":true,"href":"http:\/\/www.editionlempfer.de\/index.php?rest_route=\/wp\/v2\/media\/730"}],"wp:attachment":[{"href":"http:\/\/www.editionlempfer.de\/index.php?rest_route=%2Fwp%2Fv2%2Fmedia&parent=728"}],"wp:term":[{"taxonomy":"product_cat","embeddable":true,"href":"http:\/\/www.editionlempfer.de\/index.php?rest_route=%2Fwp%2Fv2%2Fproduct_cat&post=728"},{"taxonomy":"product_tag","embeddable":true,"href":"http:\/\/www.editionlempfer.de\/index.php?rest_route=%2Fwp%2Fv2%2Fproduct_tag&post=728"}],"curies":[{"name":"wp","href":"https:\/\/api.w.org\/{rel}","templated":true}]}}