{"id":745,"date":"2014-09-27T14:26:31","date_gmt":"2014-09-27T12:26:31","guid":{"rendered":"http:\/\/editionlempfer.de\/?product=ungarischer-tanz-nr-2"},"modified":"2019-11-17T21:43:46","modified_gmt":"2019-11-17T19:43:46","slug":"ungarischer-tanz-nr-2","status":"publish","type":"product","link":"http:\/\/www.editionlempfer.de\/?product=ungarischer-tanz-nr-2","title":{"rendered":"Ungarischer Tanz Nr. 2"},"content":{"rendered":"","protected":false},"excerpt":{"rendered":"<h6><span style=\"color: #808080;\">*Endpreis zzgl. Versandkosten, keine Ausweisung der Mehrwertsteuer gem\u00e4\u00df \u00a7 19 UStG<\/span><\/h6>\n<hr \/>\n<p><strong>Musik:<\/strong> Wilhelm Popp<strong><br \/>\n<\/strong><\/p>\n<p><strong>Arrangement: <\/strong>Tobias Lempfer<\/p>\n<hr \/>\n<p><em>Dieser mitrei\u00dfende ungarische Tanz von Wilhelm Popp ist ein absolutes Highlight in jedem Konzertprogramm. In einer langsamen, melancholischen Einleitung gibt der Komponist Einblick in die ungarische Seele. Klagende Moll-Kl\u00e4nge, zelebrierte Dissonanzen und deren Aufl\u00f6sung bewegen das Herz. Entspannung bringt der Komponist im folgende Tanz. Rasende L\u00e4ufe und springende Synkopen geben den Puls dieser mitrei\u00dfenden Musik an.<\/em><\/p>\n<p><em>Nicht f\u00fcr Sandner-Besetzungen geeignet.<br \/>\n<\/em><\/p>\n<p><em><strong>SCHWIERIGKEITSGRAD:<\/strong> Kategorie 2 (BDMV) &#8211; Ich w\u00fcrde das Werk eher als Kategorie 3-4 einstufen.<br \/>\n<\/em><\/p>\n<p><em><strong>DAUER:<\/strong> ca. 3&#8217;30 Minuten<\/em><\/p>\n<hr \/>\n<ul>\n<li><strong>C-Besetzung:<\/strong> Piccolo 1\/2, Fl\u00f6te Solo\/1\/2\/3, Altfl\u00f6te in G (ad lib.), Bassfl\u00f6te (ad lib.), Kontrabassfl\u00f6te (ad lib.), Pauken (ad lib.), Kleine Trommel, Percussion (Tambourin &amp; Chimes), Becken, Gro\u00dfe Trommel [4 Spieler+]<\/li>\n<li><strong>C\/B-Besetzung:<\/strong> Piccolo 1\/2, Sopran 1\/2, Fl\u00f6te Solo\/1\/2\/3, Altfl\u00f6te in G (ad lib.), Bassfl\u00f6te (ad lib.), Kontrabassfl\u00f6te (ad lib.), Pauken (ad lib.), Kleine Trommel, Percussion (Tambourin &amp; Chimes), Becken, Gro\u00dfe Trommel [4 Spieler+]<\/li>\n<li><strong>Fl\u00f6tenorchester:<\/strong> Piccolo 1\/2, Fl\u00f6te Solo\/1\/2\/3, Altfl\u00f6te 1\/2, Bassfl\u00f6te, Kontrabassfl\u00f6te, Glockenspiel (ad lib.), Pauken (ad lib.) <em>[Die Fl\u00f6tenorchester-Version wird ohne weiteres Schlagwerk herausgegeben, in dieser Version w\u00fcrde die Stilistik des Fl\u00f6tenklangs nicht zum Schlagwerk passen!]<\/em><\/li>\n<\/ul>\n<p><span style=\"color: #6aa694;\"><em>Anmerkung: Es ist kein Bassmarimba erforderlich. Alle Kompositionen und Arrangements sind f\u00fcr ein Standard-4 \u2153-Oktaven-Marimba geschrieben. Sollten Marimba 1 und Marimba 2 besetzt sein, k\u00f6nnen die Stimmen ebenfalls auf einem 4 \u2153-Oktaven-Instrument gespielt werden.<\/em><\/span><\/p>\n<hr \/>\n<p><a href=\"http:\/\/www.editionlempfer.de\/?product=ungarischer-tanz-nr-2-partitur\" target=\"_blank\" rel=\"noopener noreferrer\"> Extra-Partituren<\/a><\/p>\n","protected":false},"featured_media":747,"comment_status":"closed","ping_status":"closed","template":"","meta":[],"product_cat":[23],"product_tag":[],"_links":{"self":[{"href":"http:\/\/www.editionlempfer.de\/index.php?rest_route=\/wp\/v2\/product\/745"}],"collection":[{"href":"http:\/\/www.editionlempfer.de\/index.php?rest_route=\/wp\/v2\/product"}],"about":[{"href":"http:\/\/www.editionlempfer.de\/index.php?rest_route=\/wp\/v2\/types\/product"}],"replies":[{"embeddable":true,"href":"http:\/\/www.editionlempfer.de\/index.php?rest_route=%2Fwp%2Fv2%2Fcomments&post=745"}],"wp:featuredmedia":[{"embeddable":true,"href":"http:\/\/www.editionlempfer.de\/index.php?rest_route=\/wp\/v2\/media\/747"}],"wp:attachment":[{"href":"http:\/\/www.editionlempfer.de\/index.php?rest_route=%2Fwp%2Fv2%2Fmedia&parent=745"}],"wp:term":[{"taxonomy":"product_cat","embeddable":true,"href":"http:\/\/www.editionlempfer.de\/index.php?rest_route=%2Fwp%2Fv2%2Fproduct_cat&post=745"},{"taxonomy":"product_tag","embeddable":true,"href":"http:\/\/www.editionlempfer.de\/index.php?rest_route=%2Fwp%2Fv2%2Fproduct_tag&post=745"}],"curies":[{"name":"wp","href":"https:\/\/api.w.org\/{rel}","templated":true}]}}